{"id":3186,"date":"2024-12-19T16:39:20","date_gmt":"2024-12-19T15:39:20","guid":{"rendered":"https:\/\/bicycool.pl\/?post_type=product&#038;p=3186"},"modified":"2024-12-19T16:50:56","modified_gmt":"2024-12-19T15:50:56","slug":"kaseta-campagnolo-chorus-8s-13-21","status":"publish","type":"product","link":"https:\/\/bicycool.pl\/?product=kaseta-campagnolo-chorus-8s-13-21","title":{"rendered":"Kaseta Campagnolo Chorus 8s 13-21"},"content":{"rendered":"<h3>Kaseta Campagnolo Chorus<\/h3>\n<ul>\n<li><strong>Liczba bieg\u00f3w: <\/strong>8<\/li>\n<li><strong>Stopniowanie<\/strong> 13-21<\/li>\n<li><strong>Stan<\/strong> u\u017cywany, Z\u0119by w idealnym stanie. PRZYJMIE NOWY \u0141A\u0143CUCH<\/li>\n<\/ul>\n","protected":false},"excerpt":{"rendered":"<p>Kaseta Campagnolo Chorus Liczba bieg\u00f3w: 8 Stopniowanie 13-21 Stan u\u017cywany, Z\u0119by w idealnym stanie. PRZYJMIE NOWY \u0141A\u0143CUCH<\/p>\n","protected":false},"featured_media":3188,"comment_status":"open","ping_status":"closed","template":"","meta":[],"product_brand":[],"product_cat":[28],"product_tag":[226],"class_list":{"0":"post-3186","1":"product","2":"type-product","3":"status-publish","4":"has-post-thumbnail","6":"product_cat-czesci-i-akcesoria-uzywane","7":"product_tag-campagnolo","8":"product_shipping_class-mala-paczka","10":"first","11":"instock","12":"shipping-taxable","13":"purchasable","14":"product-type-simple"},"_links":{"self":[{"href":"https:\/\/bicycool.pl\/index.php?rest_route=\/wp\/v2\/product\/3186","targetHints":{"allow":["GET"]}}],"collection":[{"href":"https:\/\/bicycool.pl\/index.php?rest_route=\/wp\/v2\/product"}],"about":[{"href":"https:\/\/bicycool.pl\/index.php?rest_route=\/wp\/v2\/types\/product"}],"replies":[{"embeddable":true,"href":"https:\/\/bicycool.pl\/index.php?rest_route=%2Fwp%2Fv2%2Fcomments&post=3186"}],"wp:featuredmedia":[{"embeddable":true,"href":"https:\/\/bicycool.pl\/index.php?rest_route=\/wp\/v2\/media\/3188"}],"wp:attachment":[{"href":"https:\/\/bicycool.pl\/index.php?rest_route=%2Fwp%2Fv2%2Fmedia&parent=3186"}],"wp:term":[{"taxonomy":"product_brand","embeddable":true,"href":"https:\/\/bicycool.pl\/index.php?rest_route=%2Fwp%2Fv2%2Fproduct_brand&post=3186"},{"taxonomy":"product_cat","embeddable":true,"href":"https:\/\/bicycool.pl\/index.php?rest_route=%2Fwp%2Fv2%2Fproduct_cat&post=3186"},{"taxonomy":"product_tag","embeddable":true,"href":"https:\/\/bicycool.pl\/index.php?rest_route=%2Fwp%2Fv2%2Fproduct_tag&post=3186"}],"curies":[{"name":"wp","href":"https:\/\/api.w.org\/{rel}","templated":true}]}}