{"id":319,"date":"2023-11-18T11:30:54","date_gmt":"2023-11-18T10:30:54","guid":{"rendered":"https:\/\/bicycool.pl\/?post_type=product&#038;p=319"},"modified":"2024-03-28T13:35:49","modified_gmt":"2024-03-28T12:35:49","slug":"romet-jolene-7-0-ltd","status":"publish","type":"product","link":"https:\/\/bicycool.pl\/?product=romet-jolene-7-0-ltd","title":{"rendered":"Romet Jolene 7.0 LTD"},"content":{"rendered":"<h3>Romet Jolene 7.0 LTD<\/h3>\n<p>Ka\u017cda kobieta jest wyj\u0105tkowa i zas\u0142uguje na co\u015b wyj\u0105tkowego. Taki jest w\u0142a\u015bnie limitowany model Jolene 7.0 zaprojektowany z uwzgl\u0119dnieniem kobiecych potrzeb.<\/p>\n<p>Serce damskiego modelu Jolene zosta\u0142o zaprojektowane i zbudowane w Polsce. Do jego stworzenia u\u017cyli\u015bmy lekkiego stopu aluminium 6061. Pozwoli\u0142o nam to na zbudowanie sztywnej oraz odpornej na wiele uszkodze\u0144 konstrukcji. Wygodna geometria uwzgl\u0119dnia budow\u0119 fizjologiczn\u0105 kobiet.<\/p>\n<p>Damski Romet Jolene przeznaczony dla pocz\u0105tkuj\u0105cych ma wszystko co powinien mie\u0107 prawdziwy \u201cg\u00f3ral\u201d. Wygodna rama, ko\u0142a 27,5 calowe, solidny amortyzator oraz 21 biegowy nap\u0119d Shimano Tourney. Charakteryzuje si\u0119 on szerokim zakresem dzia\u0142ania, wi\u0119c masz pewno\u015b\u0107, \u017ce nigdy nie zabraknie Ci bieg\u00f3w na podje\u017adzie, a jazda w terenie b\u0119dzie prawdziw\u0105 przyjemno\u015bci\u0105. Specyfikacj\u0119 modelu uzupe\u0142niaj\u0105 lekkie, aluminiowe i sprawdzwone wielokrotnie w boju komponenty Romet. Model dost\u0119pny jest w 2 kolorach oraz 3 rozmiarach. Limitowany Jolene wyr\u00f3\u017cnia si\u0119 bardzo dobrym stosunkiem jako\u015bci do ceny, co sprawia, \u017ce jest idealnym rowerem na pocz\u0105tek.<\/p>\n<p><strong>Specyfikacja:<\/strong><\/p>\n<ul class=\"properties-list\">\n<li class=\"ng-star-inserted\"><span class=\"property-name\"><strong>KO\u0141A, RAMA<\/strong> <\/span><span class=\"ng-star-inserted\">27,5 \/ aluminim 6061<\/span><\/li>\n<li class=\"ng-star-inserted\"><span class=\"property-name\"><strong>WIDELEC<\/strong> <\/span><span class=\"ng-star-inserted\">Amortyzowany<\/span><\/li>\n<li class=\"ng-star-inserted\"><span class=\"property-name\"><strong>PRZERZUTKA PRZ\u00d3D<\/strong> <\/span><span class=\"ng-star-inserted\">Shimano Tourney FD-TY300<\/span><\/li>\n<li class=\"ng-star-inserted\"><span class=\"property-name\"><strong>PRZERZUTKA TY\u0141<\/strong> <\/span><span class=\"ng-star-inserted\">Shimano Tourney RD-TY300<\/span><\/li>\n<li class=\"ng-star-inserted\"><span class=\"property-name\"><strong>MANETKI PRZ\u00d3D<\/strong> <\/span><span class=\"ng-star-inserted\">Shimano ST-EF41, 3s<\/span><\/li>\n<li class=\"ng-star-inserted\"><span class=\"property-name\"><strong>MANETKI TY\u0141<\/strong> <\/span><span class=\"ng-star-inserted\">Shimano ST-EF500, 7s<\/span><\/li>\n<li class=\"ng-star-inserted\"><span class=\"property-name\"><strong>MECHANIZM KORBOWY<\/strong> <\/span><span class=\"ng-star-inserted\">Cyclone CTL-3, 42\/34\/24T, 170 mm<\/span><\/li>\n<li class=\"ng-star-inserted\"><strong><span class=\"property-name\">WOLNOBIEG<\/span><\/strong><span class=\"ng-star-inserted\">\u00a0(14-28), 7s<\/span><\/li>\n<li class=\"ng-star-inserted\"><span class=\"property-name\"><strong>NAP\u0118D<\/strong> <\/span><span class=\"ng-star-inserted\">21 bieg\u00f3w<\/span><\/li>\n<li class=\"ng-star-inserted\"><span class=\"property-name\"><strong>HAMULEC PRZ\u00d3D<\/strong> <\/span><span class=\"ng-star-inserted\">Aluminiowy<\/span><\/li>\n<li class=\"ng-star-inserted\"><span class=\"property-name\"><strong>HAMULEC TY\u0141<\/strong> <\/span><span class=\"ng-star-inserted\">Aluminiowy<\/span><\/li>\n<li class=\"ng-star-inserted\"><span class=\"property-name\"><strong>OPONY<\/strong> <\/span><span class=\"ng-star-inserted\">27,5\u00d72,1<\/span><\/li>\n<li class=\"ng-star-inserted\"><span class=\"property-name\"><strong>PIASTA PRZ\u00d3D<\/strong> <\/span><span class=\"ng-star-inserted\">Stalowa<\/span><\/li>\n<li class=\"ng-star-inserted\"><span class=\"property-name\"><strong>PIASTA TY\u0141<\/strong> <\/span><span class=\"ng-star-inserted\">Stalowa<\/span><\/li>\n<li class=\"ng-star-inserted\"><span class=\"property-name\"><strong>KIEROWNICA<\/strong> <\/span><span class=\"ng-star-inserted\">Romet aluminiowa 680 mm<\/span><\/li>\n<li class=\"ng-star-inserted\"><span class=\"property-name\"><strong>MOSTEK KIEROWNICY<\/strong> <\/span><span class=\"ng-star-inserted\">Romet aluminiowy 60\/90 mm<\/span><\/li>\n<li class=\"ng-star-inserted\"><span class=\"property-name\"><strong>SZTYCA<\/strong> <\/span><span class=\"ng-star-inserted\">Romet alu. 31,6 mm 350 mm<\/span><\/li>\n<li class=\"ng-star-inserted\"><span class=\"property-name\"><strong>SIOD\u0141O<\/strong> <\/span><span class=\"ng-star-inserted\">Vader<\/span><\/li>\n<li class=\"ng-star-inserted\"><span class=\"property-name\"><strong>PEDA\u0141Y<\/strong> <\/span><span class=\"ng-star-inserted\">FP-804<\/span><\/li>\n<li class=\"ng-star-inserted\"><span class=\"property-name\"><strong>OBR\u0118CZE<\/strong> <\/span><span class=\"ng-star-inserted\">Aluminiowe dwukomorowe<\/span><\/li>\n<li class=\"ng-star-inserted\"><span class=\"property-name\"><strong>KOLOR<\/strong> <\/span><span class=\"ng-star-inserted\">r\u00f3\u017cowo-\u017c\u00f3\u0142ty<\/span><\/li>\n<li class=\"ng-star-inserted\"><span class=\"property-name\"><strong>WAGA<\/strong> <\/span><span class=\"ng-star-inserted\">15,1 kg<\/span><\/li>\n<\/ul>\n","protected":false},"excerpt":{"rendered":"<p>Romet Jolene 7.0 LTD<\/p>\n","protected":false},"featured_media":0,"comment_status":"open","ping_status":"closed","template":"","meta":[],"product_brand":[],"product_cat":[48,26,23],"product_tag":[49,53,52],"class_list":{"0":"post-319","1":"product","2":"type-product","3":"status-publish","5":"product_cat-mtb","6":"product_cat-rowery-2","7":"product_cat-rowery","8":"product_tag-mtb","9":"product_tag-rambler","10":"product_tag-suntour","11":"product_shipping_class-rower","13":"first","14":"instock","15":"shipping-taxable","16":"purchasable","17":"product-type-variable"},"_links":{"self":[{"href":"https:\/\/bicycool.pl\/index.php?rest_route=\/wp\/v2\/product\/319","targetHints":{"allow":["GET"]}}],"collection":[{"href":"https:\/\/bicycool.pl\/index.php?rest_route=\/wp\/v2\/product"}],"about":[{"href":"https:\/\/bicycool.pl\/index.php?rest_route=\/wp\/v2\/types\/product"}],"replies":[{"embeddable":true,"href":"https:\/\/bicycool.pl\/index.php?rest_route=%2Fwp%2Fv2%2Fcomments&post=319"}],"wp:attachment":[{"href":"https:\/\/bicycool.pl\/index.php?rest_route=%2Fwp%2Fv2%2Fmedia&parent=319"}],"wp:term":[{"taxonomy":"product_brand","embeddable":true,"href":"https:\/\/bicycool.pl\/index.php?rest_route=%2Fwp%2Fv2%2Fproduct_brand&post=319"},{"taxonomy":"product_cat","embeddable":true,"href":"https:\/\/bicycool.pl\/index.php?rest_route=%2Fwp%2Fv2%2Fproduct_cat&post=319"},{"taxonomy":"product_tag","embeddable":true,"href":"https:\/\/bicycool.pl\/index.php?rest_route=%2Fwp%2Fv2%2Fproduct_tag&post=319"}],"curies":[{"name":"wp","href":"https:\/\/api.w.org\/{rel}","templated":true}]}}