{"id":3209,"date":"2024-12-19T17:51:37","date_gmt":"2024-12-19T16:51:37","guid":{"rendered":"https:\/\/bicycool.pl\/?post_type=product&#038;p=3209"},"modified":"2024-12-19T17:52:47","modified_gmt":"2024-12-19T16:52:47","slug":"przerzutka-tyl-sram-eagle-sx-12s","status":"publish","type":"product","link":"https:\/\/bicycool.pl\/?product=przerzutka-tyl-sram-eagle-sx-12s","title":{"rendered":"Przerzutka ty\u0142 Sram Eagle SX 12s"},"content":{"rendered":"<h3>Przerzutka ty\u0142 Sram Eagle SX 12s<\/h3>\n<p>&nbsp;<\/p>\n<ul>\n<li><strong>Liczba bieg\u00f3w <\/strong>&#8211; 12<\/li>\n<li><strong>U\u017cywana<\/strong><\/li>\n<\/ul>\n<p>&nbsp;<\/p>\n<p>&nbsp;<\/p>\n","protected":false},"excerpt":{"rendered":"<p>Przerzutka ty\u0142 Sram Eagle SX 12s &nbsp; Liczba bieg\u00f3w &#8211; 12 U\u017cywana &nbsp; &nbsp;<\/p>\n","protected":false},"featured_media":3210,"comment_status":"open","ping_status":"closed","template":"","meta":[],"product_brand":[],"product_cat":[28],"product_tag":[],"class_list":{"0":"post-3209","1":"product","2":"type-product","3":"status-publish","4":"has-post-thumbnail","6":"product_cat-czesci-i-akcesoria-uzywane","7":"product_shipping_class-mala-paczka","9":"first","10":"instock","11":"shipping-taxable","12":"purchasable","13":"product-type-simple"},"_links":{"self":[{"href":"https:\/\/bicycool.pl\/index.php?rest_route=\/wp\/v2\/product\/3209","targetHints":{"allow":["GET"]}}],"collection":[{"href":"https:\/\/bicycool.pl\/index.php?rest_route=\/wp\/v2\/product"}],"about":[{"href":"https:\/\/bicycool.pl\/index.php?rest_route=\/wp\/v2\/types\/product"}],"replies":[{"embeddable":true,"href":"https:\/\/bicycool.pl\/index.php?rest_route=%2Fwp%2Fv2%2Fcomments&post=3209"}],"wp:featuredmedia":[{"embeddable":true,"href":"https:\/\/bicycool.pl\/index.php?rest_route=\/wp\/v2\/media\/3210"}],"wp:attachment":[{"href":"https:\/\/bicycool.pl\/index.php?rest_route=%2Fwp%2Fv2%2Fmedia&parent=3209"}],"wp:term":[{"taxonomy":"product_brand","embeddable":true,"href":"https:\/\/bicycool.pl\/index.php?rest_route=%2Fwp%2Fv2%2Fproduct_brand&post=3209"},{"taxonomy":"product_cat","embeddable":true,"href":"https:\/\/bicycool.pl\/index.php?rest_route=%2Fwp%2Fv2%2Fproduct_cat&post=3209"},{"taxonomy":"product_tag","embeddable":true,"href":"https:\/\/bicycool.pl\/index.php?rest_route=%2Fwp%2Fv2%2Fproduct_tag&post=3209"}],"curies":[{"name":"wp","href":"https:\/\/api.w.org\/{rel}","templated":true}]}}