{"id":322,"date":"2023-11-18T11:37:34","date_gmt":"2023-11-18T10:37:34","guid":{"rendered":"https:\/\/bicycool.pl\/?post_type=product&#038;p=322"},"modified":"2024-12-04T16:02:08","modified_gmt":"2024-12-04T15:02:08","slug":"northtec-ragusa-26","status":"publish","type":"product","link":"https:\/\/bicycool.pl\/?product=northtec-ragusa-26","title":{"rendered":"Northtec Ragusa 26"},"content":{"rendered":"<h3>Northtec Ragusa 26<\/h3>\n<p><strong>Specyfikacja:<\/strong><\/p>\n<p><strong>Rozmiar Ko\u0142a<\/strong> 26&#8243;<\/p>\n<p><strong>Ilo\u015b\u0107 Bieg\u00f3w<\/strong> 21<\/p>\n<p><strong>Rama<\/strong> Aluminium 6061 Hydroformowana<\/p>\n<p><strong>Widelec<\/strong> Suntour<\/p>\n<p><strong>Przerzutka Tylna<\/strong> Shimano TOURNEY RDTY300<\/p>\n<p><strong>Przerzutka Przednia<\/strong> Shimano FD-TY500-3 Speed<\/p>\n<p><strong>Manetki<\/strong> Shimano STEF-500<\/p>\n<p><strong>Korba<\/strong> Shimano 42x34x24T 170mm<\/p>\n<p><strong>Hamulce<\/strong> VB Tektro Alu\u0141a\u0144cuchKMC Z-7<\/p>\n<p><strong>Wolnobieg<\/strong> Shimano MF-TZ5007428-7 Speed<\/p>\n<p><strong>Piasty<\/strong> Northtec ALU \u0141o\u017cyska Maszynowe<\/p>\n<p><strong>Obr\u0119cze<\/strong> Northtec Wzmacniane 559&#215;19<\/p>\n<p><strong>Szprychy<\/strong> Sapim<\/p>\n<p><strong>Opony<\/strong> Z wk\u0142adk\u0105 antyprzebiciow\u0105<\/p>\n<p><strong>Siod\u0142o<\/strong> Northtec MTB<\/p>\n<p><strong>Kierownica<\/strong> UNO 25,4 620mm<\/p>\n<p><strong>Mostek<\/strong> UNO 60\/75\/90mm<\/p>\n<p><strong>Waga<\/strong> 13,9kg<\/p>\n","protected":false},"excerpt":{"rendered":"<p>Northtec Ragusa 26<\/p>\n","protected":false},"featured_media":2062,"comment_status":"open","ping_status":"closed","template":"","meta":[],"product_brand":[],"product_cat":[48,26,23],"product_tag":[49,55,52],"class_list":{"0":"post-322","1":"product","2":"type-product","3":"status-publish","4":"has-post-thumbnail","6":"product_cat-mtb","7":"product_cat-rowery-2","8":"product_cat-rowery","9":"product_tag-mtb","10":"product_tag-northtec","11":"product_tag-suntour","12":"product_shipping_class-rower","14":"first","15":"instock","16":"sale","17":"shipping-taxable","18":"purchasable","19":"product-type-variable"},"_links":{"self":[{"href":"https:\/\/bicycool.pl\/index.php?rest_route=\/wp\/v2\/product\/322","targetHints":{"allow":["GET"]}}],"collection":[{"href":"https:\/\/bicycool.pl\/index.php?rest_route=\/wp\/v2\/product"}],"about":[{"href":"https:\/\/bicycool.pl\/index.php?rest_route=\/wp\/v2\/types\/product"}],"replies":[{"embeddable":true,"href":"https:\/\/bicycool.pl\/index.php?rest_route=%2Fwp%2Fv2%2Fcomments&post=322"}],"wp:featuredmedia":[{"embeddable":true,"href":"https:\/\/bicycool.pl\/index.php?rest_route=\/wp\/v2\/media\/2062"}],"wp:attachment":[{"href":"https:\/\/bicycool.pl\/index.php?rest_route=%2Fwp%2Fv2%2Fmedia&parent=322"}],"wp:term":[{"taxonomy":"product_brand","embeddable":true,"href":"https:\/\/bicycool.pl\/index.php?rest_route=%2Fwp%2Fv2%2Fproduct_brand&post=322"},{"taxonomy":"product_cat","embeddable":true,"href":"https:\/\/bicycool.pl\/index.php?rest_route=%2Fwp%2Fv2%2Fproduct_cat&post=322"},{"taxonomy":"product_tag","embeddable":true,"href":"https:\/\/bicycool.pl\/index.php?rest_route=%2Fwp%2Fv2%2Fproduct_tag&post=322"}],"curies":[{"name":"wp","href":"https:\/\/api.w.org\/{rel}","templated":true}]}}