{"id":327,"date":"2023-11-18T12:19:04","date_gmt":"2023-11-18T11:19:04","guid":{"rendered":"https:\/\/bicycool.pl\/?post_type=product&#038;p=327"},"modified":"2024-12-04T12:20:02","modified_gmt":"2024-12-04T11:20:02","slug":"kellys-whip-50","status":"publish","type":"product","link":"https:\/\/bicycool.pl\/?product=kellys-whip-50","title":{"rendered":"Kellys Whip 50"},"content":{"rendered":"<h3>Kellys Whip 50<\/h3>\n<ul>\n<li>\n<div class=\"spec__title\"><strong>RAMA<\/strong> KELLYS Dirt 26, tapered HT, ISCG 05<\/div>\n<\/li>\n<li>\n<div class=\"spec__title\"><strong>WIDELEC<\/strong> SR SUNTOUR XCR32 Coil LOR DS (26), 100 mm, coil \/ Speed Lockout<\/div>\n<\/li>\n<li>\n<div class=\"spec__title\"><strong>KORBY<\/strong> SANOX (32T)<\/div>\n<\/li>\n<li>\n<div class=\"spec__title\"><strong>PRZERZUTKA TY\u0141<\/strong> SRAM X4<\/div>\n<\/li>\n<li>\n<div class=\"spec__title\"><strong>PRZERZUTKA PRZ\u00d3D<\/strong> chain guide MOZARTT Presto, ISCG 05<\/div>\n<\/li>\n<li>\n<div class=\"spec__title\"><strong>MANETKI SRAM<\/strong> X5 9-Speed Trigger<\/div>\n<\/li>\n<li>\n<div class=\"spec__title\"><strong>ILO\u015a\u0106 BIEG\u00d3W<\/strong> 9<\/div>\n<\/li>\n<li>\n<div class=\"spec__title\"><strong>KASETA<\/strong> SHIMANO CS-HG200-9 (11-34T)<\/div>\n<\/li>\n<li>\n<div class=\"spec__title\"><strong>\u0141A\u0143CUCH<\/strong> KMC X9 (102 links)<\/div>\n<\/li>\n<li>\n<div class=\"spec__title\"><strong>HAMULCE<\/strong> SHIMANO MT200 Hydraulic Disc<\/div>\n<\/li>\n<li>\n<div class=\"spec__title\"><strong>D\u017bWIGNIE HAMULCOWE<\/strong> SHIMANO BL-MT200<\/div>\n<\/li>\n<li>\n<div class=\"spec__title\"><strong>TARCZE HAMULCOWE<\/strong> 160 mm front \/ 160 mm rear<\/div>\n<\/li>\n<li>\n<div class=\"spec__title\"><strong>PIASTY<\/strong> KLS Firework Disc (32 holes)<\/div>\n<\/li>\n<li>\n<div class=\"spec__title\"><strong>OBR\u0118CZE<\/strong> KLS Brave Disc 559&#215;23 (32 holes)<\/div>\n<\/li>\n<li>\n<div class=\"spec__title\"><strong>SZPRYCHY<\/strong> stainless steel black<\/div>\n<\/li>\n<li>\n<div class=\"spec__title\"><strong>OPONY<\/strong> KENDA Small Block Eight 58-559 (26&#215;2.35)<\/div>\n<\/li>\n<li>\n<div class=\"spec__title\"><strong>STERY<\/strong> semi-integrated<\/div>\n<\/li>\n<li>\n<div class=\"spec__title\"><strong>SUPORT<\/strong> SAMOX cartridge<\/div>\n<\/li>\n<li>\n<div class=\"spec__title\"><strong>WSPORNIK<\/strong> KIEROWNICY KLS Active<\/div>\n<\/li>\n<li>\n<div class=\"spec__title\"><strong>KIEROWNICA<\/strong> KLS Alm\/En 70 RiseBar<\/div>\n<\/li>\n<li>\n<div class=\"spec__title\"><strong>CHWYTY<\/strong> kraton<\/div>\n<\/li>\n<li>\n<div class=\"spec__title\"><strong>SZTYCA<\/strong> KLS Active &#8211; diam 30.9 mm \/ length 300 mm<\/div>\n<\/li>\n<li>\n<div class=\"spec__title\"><strong>SIOD\u0141O<\/strong> KLS Vader<\/div>\n<\/li>\n<li>\n<div class=\"spec__title\"><strong>PEDA\u0141Y<\/strong> KLS Flat &#8211; plastic platform<\/div>\n<\/li>\n<\/ul>\n<p>&nbsp;<\/p>\n","protected":false},"excerpt":{"rendered":"<p>Kellys Whip 50<\/p>\n<p>Rozmiar M 155cm-175cm wzrostu<\/p>\n","protected":false},"featured_media":2042,"comment_status":"open","ping_status":"closed","template":"","meta":[],"product_brand":[],"product_cat":[48,26,23],"product_tag":[66,67,49,52],"class_list":{"0":"post-327","1":"product","2":"type-product","3":"status-publish","4":"has-post-thumbnail","6":"product_cat-mtb","7":"product_cat-rowery-2","8":"product_cat-rowery","9":"product_tag-dirt","10":"product_tag-kellys-whip","11":"product_tag-mtb","12":"product_tag-suntour","13":"product_shipping_class-rower","15":"first","16":"instock","17":"sale","18":"shipping-taxable","19":"purchasable","20":"product-type-variable"},"_links":{"self":[{"href":"https:\/\/bicycool.pl\/index.php?rest_route=\/wp\/v2\/product\/327","targetHints":{"allow":["GET"]}}],"collection":[{"href":"https:\/\/bicycool.pl\/index.php?rest_route=\/wp\/v2\/product"}],"about":[{"href":"https:\/\/bicycool.pl\/index.php?rest_route=\/wp\/v2\/types\/product"}],"replies":[{"embeddable":true,"href":"https:\/\/bicycool.pl\/index.php?rest_route=%2Fwp%2Fv2%2Fcomments&post=327"}],"wp:featuredmedia":[{"embeddable":true,"href":"https:\/\/bicycool.pl\/index.php?rest_route=\/wp\/v2\/media\/2042"}],"wp:attachment":[{"href":"https:\/\/bicycool.pl\/index.php?rest_route=%2Fwp%2Fv2%2Fmedia&parent=327"}],"wp:term":[{"taxonomy":"product_brand","embeddable":true,"href":"https:\/\/bicycool.pl\/index.php?rest_route=%2Fwp%2Fv2%2Fproduct_brand&post=327"},{"taxonomy":"product_cat","embeddable":true,"href":"https:\/\/bicycool.pl\/index.php?rest_route=%2Fwp%2Fv2%2Fproduct_cat&post=327"},{"taxonomy":"product_tag","embeddable":true,"href":"https:\/\/bicycool.pl\/index.php?rest_route=%2Fwp%2Fv2%2Fproduct_tag&post=327"}],"curies":[{"name":"wp","href":"https:\/\/api.w.org\/{rel}","templated":true}]}}