{"id":330,"date":"2023-11-18T12:34:49","date_gmt":"2023-11-18T11:34:49","guid":{"rendered":"https:\/\/bicycool.pl\/?post_type=product&#038;p=330"},"modified":"2024-12-05T11:20:41","modified_gmt":"2024-12-05T10:20:41","slug":"kellys-kiter-50","status":"publish","type":"product","link":"https:\/\/bicycool.pl\/?product=kellys-kiter-50","title":{"rendered":"Kellys Kiter 50"},"content":{"rendered":"<h3>Kellys Kiter 50<\/h3>\n<ul>\n<li>\n<div class=\"spec__title\"><strong>RAMA<\/strong> KELLYS Aluminium alloy Junior 24&#8243;<\/div>\n<\/li>\n<li>\n<div class=\"spec__title\"><strong>WIDELEC<\/strong> SR SUNTOUR M3010 P (24&#8243;), 50 mm, coil spring<\/div>\n<\/li>\n<li>\n<div class=\"spec__title\"><strong>KORBY<\/strong> PROWHEEL (32T) &#8211; length 152 mm<\/div>\n<\/li>\n<li>\n<div class=\"spec__title\"><strong>PRZERZUTKA TY\u0141<\/strong> SHIMANO TY800 (direct mount)<\/div>\n<\/li>\n<li>\n<div class=\"spec__title\"><strong>MANETKI<\/strong> SHIMANO SL-RS45-8 Revoshift<\/div>\n<\/li>\n<li>\n<div class=\"spec__title\"><strong>ILO\u015a\u0106 BIEG\u00d3W<\/strong> 8<\/div>\n<\/li>\n<li>\n<div class=\"spec__title\"><strong>KASETA<\/strong> SUNRACE M55-8 (11-34T)<\/div>\n<\/li>\n<li>\n<div class=\"spec__title\"><strong>\u0141A\u0143CUCH<\/strong> KMC Z8 (102 links)<\/div>\n<\/li>\n<li>\n<div class=\"spec__title\"><strong>HAMULCE<\/strong> TEKTRO V-brake<\/div>\n<\/li>\n<li>\n<div class=\"spec__title\"><strong>D\u017bWIGNIE<\/strong> HAMULCOWE APSE<\/div>\n<\/li>\n<li>\n<div class=\"spec__title\"><strong>PIASTY<\/strong> alloy \/ SHIMANO TX500 (32 holes)<\/div>\n<\/li>\n<li>\n<div class=\"spec__title\"><strong>OBR\u0118CZE<\/strong> KLS Wasper 507&#215;19 (32 holes)<\/div>\n<\/li>\n<li>\n<div class=\"spec__title\"><strong>SZPRYCHY<\/strong> steel black<\/div>\n<\/li>\n<li>\n<div class=\"spec__title\"><strong>OPONY<\/strong> RUBENA Winner lub INNOVA 50-507 (24&#8243;x1.95)<\/div>\n<\/li>\n<li>\n<div class=\"spec__title\"><strong>STERY<\/strong> threadless a-head<\/div>\n<\/li>\n<li>\n<div class=\"spec__title\"><strong>SUPORT<\/strong> cartridge (126 mm)<\/div>\n<\/li>\n<li>\n<div class=\"spec__title\"><strong>WSPORNIK KIEROWNICY<\/strong> KALLOY &#8211; diam 28.6 mm \/ length 60 mm<\/div>\n<\/li>\n<li>\n<div class=\"spec__title\"><strong>KIEROWNICA<\/strong> steel RiseBar &#8211; diam 25.4 mm \/ width 580 mm<\/div>\n<\/li>\n<li>\n<div class=\"spec__title\"><strong>CHWYTY<\/strong> kraton 2Density<\/div>\n<\/li>\n<li>\n<div class=\"spec__title\"><strong>SZTYCA<\/strong> KALLOY &#8211; diam 27.2 mm \/ length 300 mm<\/div>\n<\/li>\n<li>\n<div class=\"spec__title\"><strong>SIOD\u0141O<\/strong> KLS Junior<\/div>\n<\/li>\n<li>\n<div class=\"spec__title\"><strong>PEDA\u0141Y<\/strong> plastic<\/div>\n<\/li>\n<li>\n<div class=\"spec__title\"><strong>ROZMIARY RAMY<\/strong> 280 mm<\/div>\n<\/li>\n<\/ul>\n","protected":false},"excerpt":{"rendered":"<p>Kellys Kiter 50<\/p>\n<p>Ko\u0142a 24&#8243;<\/p>\n<p>124cm-145cm Wzrostu<\/p>\n","protected":false},"featured_media":2115,"comment_status":"open","ping_status":"closed","template":"","meta":[],"product_brand":[],"product_cat":[26,42,23],"product_tag":[68,49,52],"class_list":{"0":"post-330","1":"product","2":"type-product","3":"status-publish","4":"has-post-thumbnail","6":"product_cat-rowery-2","7":"product_cat-kids","8":"product_cat-rowery","9":"product_tag-kellys-kiter","10":"product_tag-mtb","11":"product_tag-suntour","12":"product_shipping_class-rower","14":"first","15":"instock","16":"shipping-taxable","17":"purchasable","18":"product-type-simple"},"_links":{"self":[{"href":"https:\/\/bicycool.pl\/index.php?rest_route=\/wp\/v2\/product\/330","targetHints":{"allow":["GET"]}}],"collection":[{"href":"https:\/\/bicycool.pl\/index.php?rest_route=\/wp\/v2\/product"}],"about":[{"href":"https:\/\/bicycool.pl\/index.php?rest_route=\/wp\/v2\/types\/product"}],"replies":[{"embeddable":true,"href":"https:\/\/bicycool.pl\/index.php?rest_route=%2Fwp%2Fv2%2Fcomments&post=330"}],"wp:featuredmedia":[{"embeddable":true,"href":"https:\/\/bicycool.pl\/index.php?rest_route=\/wp\/v2\/media\/2115"}],"wp:attachment":[{"href":"https:\/\/bicycool.pl\/index.php?rest_route=%2Fwp%2Fv2%2Fmedia&parent=330"}],"wp:term":[{"taxonomy":"product_brand","embeddable":true,"href":"https:\/\/bicycool.pl\/index.php?rest_route=%2Fwp%2Fv2%2Fproduct_brand&post=330"},{"taxonomy":"product_cat","embeddable":true,"href":"https:\/\/bicycool.pl\/index.php?rest_route=%2Fwp%2Fv2%2Fproduct_cat&post=330"},{"taxonomy":"product_tag","embeddable":true,"href":"https:\/\/bicycool.pl\/index.php?rest_route=%2Fwp%2Fv2%2Fproduct_tag&post=330"}],"curies":[{"name":"wp","href":"https:\/\/api.w.org\/{rel}","templated":true}]}}