{"id":336,"date":"2023-11-18T12:55:54","date_gmt":"2023-11-18T11:55:54","guid":{"rendered":"https:\/\/bicycool.pl\/?post_type=product&#038;p=336"},"modified":"2023-11-18T13:07:38","modified_gmt":"2023-11-18T12:07:38","slug":"electra-townie-3s-26","status":"publish","type":"product","link":"https:\/\/bicycool.pl\/?product=electra-townie-3s-26","title":{"rendered":"Electra Townie 3s 26&#8243;"},"content":{"rendered":"<h3>Electra Townie<\/h3>\n<p><strong>Specyfikacja:<\/strong><\/p>\n<p><strong>Rama<\/strong> \u2013 aluminiowa<\/p>\n<p><strong>Widelec<\/strong> \u2013 stalowy<\/p>\n<p><strong>Obr\u0119cze<\/strong> \u2013 dwukomorowe aluminiowe<\/p>\n<p><strong>Opony<\/strong> \u2013 electra 26\u2033 x 2.00\u2033<\/p>\n<p><strong>Mechanizm korbowy<\/strong> \u2013 aluminiowy 170mm<\/p>\n<p><strong>Manetka<\/strong> \u2013 shimano 3s<\/p>\n<p><strong>Przerzutka ty\u0142<\/strong> \u2013 shimano nexus 3 biegowa<\/p>\n<p><strong>Z\u0119batka ty\u0142<\/strong> \u2013 shimano 20 z\u0119b\u00f3w<\/p>\n<p><strong>\u0141a\u0144cuch<\/strong> \u2013 kmc 1\/2\u2033 x 1\/8\u2033<\/p>\n<p><strong>Hamulce<\/strong> \u2013 prz\u00f3d \u2013 aluminiowe V-brake, ty\u0142 \u2013 hamulec w pia\u015bcie<\/p>\n<p><strong>Siod\u0142o<\/strong> \u2013 electra<\/p>\n<p><strong>Wspornik siod\u0142a<\/strong> \u2013 aluminiowy 27,2mm<\/p>\n<p><strong>Wspornik kierownicy<\/strong> \u2013 aluminiowy<\/p>\n<p><strong>Kolor<\/strong> \u2013 niebieski \/ zielone obr\u0119cze k\u00f3\u0142<\/p>\n<p><strong>Pr\u0105dnica<\/strong>\u00a0<strong>w przednim kole<\/strong> &#8211; shimanio<\/p>\n<p><strong>O\u015bwietlenie<\/strong> &#8211; led<\/p>\n","protected":false},"excerpt":{"rendered":"<p>Electra Townie 3s 26&#8243;<\/p>\n","protected":false},"featured_media":338,"comment_status":"open","ping_status":"closed","template":"","meta":[],"product_brand":[],"product_cat":[73,26,23],"product_tag":[70,71,72],"class_list":{"0":"post-336","1":"product","2":"type-product","3":"status-publish","4":"has-post-thumbnail","6":"product_cat-miejskie","7":"product_cat-rowery-2","8":"product_cat-rowery","9":"product_tag-electra","10":"product_tag-nexus-3","11":"product_tag-shimano","12":"product_shipping_class-rower","14":"first","15":"instock","16":"shipping-taxable","17":"purchasable","18":"product-type-variable"},"_links":{"self":[{"href":"https:\/\/bicycool.pl\/index.php?rest_route=\/wp\/v2\/product\/336","targetHints":{"allow":["GET"]}}],"collection":[{"href":"https:\/\/bicycool.pl\/index.php?rest_route=\/wp\/v2\/product"}],"about":[{"href":"https:\/\/bicycool.pl\/index.php?rest_route=\/wp\/v2\/types\/product"}],"replies":[{"embeddable":true,"href":"https:\/\/bicycool.pl\/index.php?rest_route=%2Fwp%2Fv2%2Fcomments&post=336"}],"wp:featuredmedia":[{"embeddable":true,"href":"https:\/\/bicycool.pl\/index.php?rest_route=\/wp\/v2\/media\/338"}],"wp:attachment":[{"href":"https:\/\/bicycool.pl\/index.php?rest_route=%2Fwp%2Fv2%2Fmedia&parent=336"}],"wp:term":[{"taxonomy":"product_brand","embeddable":true,"href":"https:\/\/bicycool.pl\/index.php?rest_route=%2Fwp%2Fv2%2Fproduct_brand&post=336"},{"taxonomy":"product_cat","embeddable":true,"href":"https:\/\/bicycool.pl\/index.php?rest_route=%2Fwp%2Fv2%2Fproduct_cat&post=336"},{"taxonomy":"product_tag","embeddable":true,"href":"https:\/\/bicycool.pl\/index.php?rest_route=%2Fwp%2Fv2%2Fproduct_tag&post=336"}],"curies":[{"name":"wp","href":"https:\/\/api.w.org\/{rel}","templated":true}]}}