{"id":380,"date":"2023-11-20T11:17:59","date_gmt":"2023-11-20T10:17:59","guid":{"rendered":"https:\/\/bicycool.pl\/?post_type=product&#038;p=380"},"modified":"2025-12-16T13:04:25","modified_gmt":"2025-12-16T12:04:25","slug":"romet-tom-12","status":"publish","type":"product","link":"https:\/\/bicycool.pl\/?product=romet-tom-12","title":{"rendered":"ROMET TOM 12&#8243;"},"content":{"rendered":"<h3>ROMET TOM 12&#8243;<\/h3>\n<p><strong>Specyfikacja:<\/strong><\/p>\n<p>Idealny na pierwszy rower dla ch\u0142opca w wieku \u017c\u0142obkowo-przedszkolnym. Pomaga w kszta\u0142towaniu umiej\u0119tno\u015bci psychomotorycznych oraz koordynacji ruchowej.<\/p>\n<p>Rama dostosowana do potrzeb najm\u0142odszych rowerzyst\u00f3w, by jak najszybciej mogli opanowa\u0107 umiej\u0119tno\u015b\u0107 samodzielnej jazdy.<\/p>\n<p>Tom 12 to model na 12 calowych ko\u0142ach. Wygodny i bezpieczny dla Twojego dziecka za spraw\u0105 wysoko umieszczonej kierownicy. Nap\u0119d typu singlespeed jest prostym, bezawaryjnym rozwi\u0105zaniem, kt\u00f3re daje ma\u0142ym rowerzystkom maksimum frajdy z jazdy. Hamulec przedni szcz\u0119kowy, tylny torpedo to rozwi\u0105zania, kt\u00f3re sprawi\u0105, \u017ce Twoja pociecha b\u0119dzie bezpieczna na pierwszym jedno\u015bladzie. K\u00f3\u0142eczka boczne pozwol\u0105 na bezpieczn\u0105 nauk\u0119 jazdy, a je\u015bli dziecko opanuje ju\u017c jazd\u0119 mo\u017cna je b\u0119dzie w prosty spos\u00f3b zdemontowa\u0107 bez konieczno\u015bci kupowania nowego roweru. Tom12 wyposa\u017cona jest w b\u0142otniki i os\u0142on\u0119 nap\u0119du, tak by nie dok\u0142ada\u0107 mamie prania po ka\u017cdej deszczowej je\u017adzie. Rowerek wyst\u0119puje w dw\u00f3ch wariantach kolorystycznych.<\/p>\n<p><strong>Specyfikacja:<\/strong><\/p>\n<ul class=\"properties-list\">\n<li class=\"ng-star-inserted\"><span class=\"property-name\"><strong>KO\u0141A, RAMA<\/strong> <\/span><span class=\"ng-star-inserted\">12\u201d \/ stalowa<\/span><\/li>\n<li class=\"ng-star-inserted\"><span class=\"property-name\"><strong>WIDELEC<\/strong> <\/span><span class=\"ng-star-inserted\">Stalowy<\/span><\/li>\n<li class=\"ng-star-inserted\"><span class=\"property-name\"><strong>MECHANIZM KORBOWY<\/strong> <\/span><span class=\"ng-star-inserted\">jednorz\u0119dowy 28T<\/span><\/li>\n<li class=\"ng-star-inserted\"><span class=\"property-name\"><strong>NAP\u0118D<\/strong> <\/span><span class=\"ng-star-inserted\">1 bieg<\/span><\/li>\n<li class=\"ng-star-inserted\"><span class=\"property-name\"><strong>HAMULEC PRZ\u00d3D<\/strong> <\/span><span class=\"ng-star-inserted\">Caliper<\/span><\/li>\n<li class=\"ng-star-inserted\"><span class=\"property-name\"><strong>HAMULEC TY\u0141<\/strong> <\/span><span class=\"ng-star-inserted\">Torpedo<\/span><\/li>\n<li class=\"ng-star-inserted\"><span class=\"property-name\"><strong>ROZMIAR KO\u0141A<\/strong> <\/span><span class=\"ng-star-inserted\">12<\/span><\/li>\n<li class=\"ng-star-inserted\"><span class=\"property-name\"><strong>OPONY<\/strong> <\/span><span class=\"ng-star-inserted\">12\u00d71,95<\/span><\/li>\n<li class=\"ng-star-inserted\"><span class=\"property-name\"><strong>PIASTA PRZ\u00d3D<\/strong> <\/span><span class=\"ng-star-inserted\">Stalowa<\/span><\/li>\n<li class=\"ng-star-inserted\"><span class=\"property-name\"><strong>PIASTA TY\u0141<\/strong> <\/span><span class=\"ng-star-inserted\">Stalowa<\/span><\/li>\n<li class=\"ng-star-inserted\"><span class=\"property-name\"><strong>KIEROWNICA<\/strong> <\/span><span class=\"ng-star-inserted\">stalowa<\/span><\/li>\n<li class=\"ng-star-inserted\"><span class=\"property-name\"><strong>MOSTEK KIEROWNICY<\/strong> <\/span><span class=\"ng-star-inserted\">Stalowy<\/span><\/li>\n<li class=\"ng-star-inserted\"><span class=\"property-name\"><strong>SZTYCA<\/strong> <\/span><span class=\"ng-star-inserted\">Stalowa<\/span><\/li>\n<li class=\"ng-star-inserted\"><span class=\"property-name\"><strong>SIOD\u0141O<\/strong> <\/span><span class=\"ng-star-inserted\">Romet<\/span><\/li>\n<li class=\"ng-star-inserted\"><span class=\"property-name\"><strong>PEDA\u0141Y<\/strong> <\/span><span class=\"ng-star-inserted\">Plastikowe<\/span><\/li>\n<li class=\"ng-star-inserted\"><span class=\"property-name\"><strong>OBR\u0118CZE<\/strong> <\/span><span class=\"ng-star-inserted\">Stalowe<\/span><\/li>\n<li class=\"ng-star-inserted\"><span class=\"property-name\"><strong>KOLOR<\/strong> <\/span><span class=\"ng-star-inserted\">\u017c\u00f3\u0142ty<\/span><\/li>\n<li class=\"ng-star-inserted\"><span class=\"property-name\"><strong>KOLOR SZCZEG\u00d3\u0141OWY<\/strong> <\/span><span class=\"ng-star-inserted\">\u017c\u00f3\u0142to-niebieski<\/span><\/li>\n<li class=\"ng-star-inserted\"><span class=\"property-name\"><strong>WAGA<\/strong> <\/span><span class=\"ng-star-inserted\">9,0 kg<\/span><\/li>\n<li class=\"ng-star-inserted\"><span class=\"property-name\"><strong>RODZAJ HAMULCA<\/strong> <\/span><span class=\"ng-star-inserted\">Torpedo<\/span><\/li>\n<\/ul>\n","protected":false},"excerpt":{"rendered":"<p>ROMET TOM<\/p>\n<p>Rozmiar ko\u0142a 12&#8243;<\/p>\n","protected":false},"featured_media":381,"comment_status":"open","ping_status":"closed","template":"","meta":[],"product_brand":[],"product_cat":[26,42,23],"product_tag":[78,82],"class_list":{"0":"post-380","1":"product","2":"type-product","3":"status-publish","4":"has-post-thumbnail","6":"product_cat-rowery-2","7":"product_cat-kids","8":"product_cat-rowery","9":"product_tag-konin","10":"product_tag-romet-tom","11":"product_shipping_class-rower","13":"first","14":"outofstock","15":"shipping-taxable","16":"purchasable","17":"product-type-simple"},"_links":{"self":[{"href":"https:\/\/bicycool.pl\/index.php?rest_route=\/wp\/v2\/product\/380","targetHints":{"allow":["GET"]}}],"collection":[{"href":"https:\/\/bicycool.pl\/index.php?rest_route=\/wp\/v2\/product"}],"about":[{"href":"https:\/\/bicycool.pl\/index.php?rest_route=\/wp\/v2\/types\/product"}],"replies":[{"embeddable":true,"href":"https:\/\/bicycool.pl\/index.php?rest_route=%2Fwp%2Fv2%2Fcomments&post=380"}],"wp:featuredmedia":[{"embeddable":true,"href":"https:\/\/bicycool.pl\/index.php?rest_route=\/wp\/v2\/media\/381"}],"wp:attachment":[{"href":"https:\/\/bicycool.pl\/index.php?rest_route=%2Fwp%2Fv2%2Fmedia&parent=380"}],"wp:term":[{"taxonomy":"product_brand","embeddable":true,"href":"https:\/\/bicycool.pl\/index.php?rest_route=%2Fwp%2Fv2%2Fproduct_brand&post=380"},{"taxonomy":"product_cat","embeddable":true,"href":"https:\/\/bicycool.pl\/index.php?rest_route=%2Fwp%2Fv2%2Fproduct_cat&post=380"},{"taxonomy":"product_tag","embeddable":true,"href":"https:\/\/bicycool.pl\/index.php?rest_route=%2Fwp%2Fv2%2Fproduct_tag&post=380"}],"curies":[{"name":"wp","href":"https:\/\/api.w.org\/{rel}","templated":true}]}}