{"id":393,"date":"2023-11-20T12:28:51","date_gmt":"2023-11-20T11:28:51","guid":{"rendered":"https:\/\/bicycool.pl\/?post_type=product&#038;p=393"},"modified":"2024-12-04T12:15:16","modified_gmt":"2024-12-04T11:15:16","slug":"obrecz-dt-xm-481-27-5","status":"publish","type":"product","link":"https:\/\/bicycool.pl\/?product=obrecz-dt-xm-481-27-5","title":{"rendered":"Obr\u0119cz DT Swiss XM401 27.5&#8243; 28H"},"content":{"rendered":"<h3>Obr\u0119cz DT Swiss XM401<\/h3>\n<p><strong>Specyfikacja:<\/strong><\/p>\n<ul>\n<li><strong>Rozmiar<\/strong> 27,5&#8243;<\/li>\n<li><strong>Liczba otwor\u00f3w<\/strong> 28<\/li>\n<li><strong>Rodzaj hamulca<\/strong> Tarczowy<\/li>\n<li><strong>Kolor<\/strong> Czarny<\/li>\n<li><strong>Zew. szeroko\u015b\u0107:<\/strong> 27mm<\/li>\n<li><strong>Wew. szeroko\u015b\u0107:<\/strong> 22,5mm<\/li>\n<li><strong>Wysoko\u015b\u0107 obr\u0119czy: <\/strong>19,5mm<\/li>\n<li><strong>Kompatybilno\u015b\u0107:<\/strong> tubeless<\/li>\n<li><strong>Waga:<\/strong> 460gr<\/li>\n<\/ul>\n","protected":false},"excerpt":{"rendered":"<p>Obr\u0119cz DT XM401 27.5&#8243;<\/p>\n<p>Liczba otwor\u00f3w 28<\/p>\n","protected":false},"featured_media":2040,"comment_status":"open","ping_status":"closed","template":"","meta":[],"product_brand":[],"product_cat":[27,84],"product_tag":[98,100,99],"class_list":{"0":"post-393","1":"product","2":"type-product","3":"status-publish","4":"has-post-thumbnail","6":"product_cat-czesci-nowe","7":"product_cat-obrecze","8":"product_tag-dt-swiss","9":"product_tag-tubeless","10":"product_tag-xm401","11":"product_shipping_class-mala-paczka","13":"first","14":"instock","15":"sale","16":"shipping-taxable","17":"purchasable","18":"product-type-simple"},"_links":{"self":[{"href":"https:\/\/bicycool.pl\/index.php?rest_route=\/wp\/v2\/product\/393","targetHints":{"allow":["GET"]}}],"collection":[{"href":"https:\/\/bicycool.pl\/index.php?rest_route=\/wp\/v2\/product"}],"about":[{"href":"https:\/\/bicycool.pl\/index.php?rest_route=\/wp\/v2\/types\/product"}],"replies":[{"embeddable":true,"href":"https:\/\/bicycool.pl\/index.php?rest_route=%2Fwp%2Fv2%2Fcomments&post=393"}],"wp:featuredmedia":[{"embeddable":true,"href":"https:\/\/bicycool.pl\/index.php?rest_route=\/wp\/v2\/media\/2040"}],"wp:attachment":[{"href":"https:\/\/bicycool.pl\/index.php?rest_route=%2Fwp%2Fv2%2Fmedia&parent=393"}],"wp:term":[{"taxonomy":"product_brand","embeddable":true,"href":"https:\/\/bicycool.pl\/index.php?rest_route=%2Fwp%2Fv2%2Fproduct_brand&post=393"},{"taxonomy":"product_cat","embeddable":true,"href":"https:\/\/bicycool.pl\/index.php?rest_route=%2Fwp%2Fv2%2Fproduct_cat&post=393"},{"taxonomy":"product_tag","embeddable":true,"href":"https:\/\/bicycool.pl\/index.php?rest_route=%2Fwp%2Fv2%2Fproduct_tag&post=393"}],"curies":[{"name":"wp","href":"https:\/\/api.w.org\/{rel}","templated":true}]}}