{"id":413,"date":"2023-11-20T14:15:11","date_gmt":"2023-11-20T13:15:11","guid":{"rendered":"https:\/\/bicycool.pl\/?post_type=product&#038;p=413"},"modified":"2024-12-04T12:04:53","modified_gmt":"2024-12-04T11:04:53","slug":"polisport-bilby-maxi-ff","status":"publish","type":"product","link":"https:\/\/bicycool.pl\/?product=polisport-bilby-maxi-ff","title":{"rendered":"Polisport Polisport BUBBLY MAXI FF 26&#8243; 28&#8243;"},"content":{"rendered":"<h3>Polisport Bilby BUBBLY MAXI<\/h3>\n<p><strong>Specyfikacja:<\/strong><\/p>\n<ul>\n<li>Fotelik mocowany do ramy (rura pod siod\u0142owa)<\/li>\n<li>Profilowane oparcie zapewniaj\u0105ce komfort dziecku jad\u0105cemu w kasku<\/li>\n<li>Wysokie anatomiczne oparcie<\/li>\n<li>Regulowane pasy bezpiecze\u0144stwa<\/li>\n<li>Trzy punktowe pasy bezpiecze\u0144stwa z bezpieczn\u0105 klamr\u0105<\/li>\n<li>Dodatkowy pas bezpiecze\u0144stwa do przypi\u0119cia fotelika do sztycy siod\u0142a<\/li>\n<li>Poduszki ochronne na pasach bezpiecze\u0144stwa<\/li>\n<li>Sztywna i bezpieczna konstrukcja<\/li>\n<li>Regulowane po\u0142o\u017cenie podn\u00f3\u017cka<\/li>\n<li>Mocowanie do rury pod siod\u0142owej 28\/40 mm<\/li>\n<li>Bezpieczny uchwyt z podw\u00f3jnym systemem blokuj\u0105cym<\/li>\n<li>Odporny na dzia\u0142anie promieni UV<\/li>\n<li>Waga dziecka od 9 do 22 kg<\/li>\n<li>Kolor: czarno-br\u0105zowy<\/li>\n<\/ul>\n","protected":false},"excerpt":{"rendered":"<p>Polisport Bubbly<\/p>\n<p>Monta\u017c do rury podsiod\u0142owej<\/p>\n<p>&nbsp;<\/p>\n","protected":false},"featured_media":2038,"comment_status":"open","ping_status":"closed","template":"","meta":[],"product_brand":[],"product_cat":[29,104],"product_tag":[110,105,108],"class_list":{"0":"post-413","1":"product","2":"type-product","3":"status-publish","4":"has-post-thumbnail","6":"product_cat-akcesoria","7":"product_cat-foteliki","8":"product_tag-bilby-maxi","9":"product_tag-fotelik","10":"product_tag-polisport","11":"product_shipping_class-mala-paczka","13":"first","14":"instock","15":"shipping-taxable","16":"purchasable","17":"product-type-simple"},"_links":{"self":[{"href":"https:\/\/bicycool.pl\/index.php?rest_route=\/wp\/v2\/product\/413","targetHints":{"allow":["GET"]}}],"collection":[{"href":"https:\/\/bicycool.pl\/index.php?rest_route=\/wp\/v2\/product"}],"about":[{"href":"https:\/\/bicycool.pl\/index.php?rest_route=\/wp\/v2\/types\/product"}],"replies":[{"embeddable":true,"href":"https:\/\/bicycool.pl\/index.php?rest_route=%2Fwp%2Fv2%2Fcomments&post=413"}],"wp:featuredmedia":[{"embeddable":true,"href":"https:\/\/bicycool.pl\/index.php?rest_route=\/wp\/v2\/media\/2038"}],"wp:attachment":[{"href":"https:\/\/bicycool.pl\/index.php?rest_route=%2Fwp%2Fv2%2Fmedia&parent=413"}],"wp:term":[{"taxonomy":"product_brand","embeddable":true,"href":"https:\/\/bicycool.pl\/index.php?rest_route=%2Fwp%2Fv2%2Fproduct_brand&post=413"},{"taxonomy":"product_cat","embeddable":true,"href":"https:\/\/bicycool.pl\/index.php?rest_route=%2Fwp%2Fv2%2Fproduct_cat&post=413"},{"taxonomy":"product_tag","embeddable":true,"href":"https:\/\/bicycool.pl\/index.php?rest_route=%2Fwp%2Fv2%2Fproduct_tag&post=413"}],"curies":[{"name":"wp","href":"https:\/\/api.w.org\/{rel}","templated":true}]}}