{"id":426,"date":"2023-11-20T15:26:40","date_gmt":"2023-11-20T14:26:40","guid":{"rendered":"https:\/\/bicycool.pl\/?post_type=product&#038;p=426"},"modified":"2023-11-20T15:29:13","modified_gmt":"2023-11-20T14:29:13","slug":"klucz-do-pedalow-kellys-spartan-15","status":"publish","type":"product","link":"https:\/\/bicycool.pl\/?product=klucz-do-pedalow-kellys-spartan-15","title":{"rendered":"Klucz do peda\u0142\u00f3w Kellys SPARTAN 15"},"content":{"rendered":"<h3>Kellys SPARTAN<\/h3>\n<ul>\n<li>15mm klucz do peda\u0142\u00f3w<\/li>\n<li>15mm klucz nasadowy<\/li>\n<li>Ergonomiczny uchwyt<\/li>\n<li>Klucz k\u0105towy u\u0142atwiaj\u0105cy prac\u0119<\/li>\n<li>Wykonane z wysokiej jako\u015bci stali chromo-wanadowej (CR-V)<\/li>\n<\/ul>\n","protected":false},"excerpt":{"rendered":"<p>Klucz do peda\u0142\u00f3w<\/p>\n","protected":false},"featured_media":427,"comment_status":"open","ping_status":"closed","template":"","meta":[],"product_brand":[],"product_cat":[29,116],"product_tag":[63],"class_list":{"0":"post-426","1":"product","2":"type-product","3":"status-publish","4":"has-post-thumbnail","6":"product_cat-akcesoria","7":"product_cat-narzedzia","8":"product_tag-kellys","9":"product_shipping_class-mala-paczka","11":"first","12":"instock","13":"shipping-taxable","14":"purchasable","15":"product-type-simple"},"_links":{"self":[{"href":"https:\/\/bicycool.pl\/index.php?rest_route=\/wp\/v2\/product\/426","targetHints":{"allow":["GET"]}}],"collection":[{"href":"https:\/\/bicycool.pl\/index.php?rest_route=\/wp\/v2\/product"}],"about":[{"href":"https:\/\/bicycool.pl\/index.php?rest_route=\/wp\/v2\/types\/product"}],"replies":[{"embeddable":true,"href":"https:\/\/bicycool.pl\/index.php?rest_route=%2Fwp%2Fv2%2Fcomments&post=426"}],"wp:featuredmedia":[{"embeddable":true,"href":"https:\/\/bicycool.pl\/index.php?rest_route=\/wp\/v2\/media\/427"}],"wp:attachment":[{"href":"https:\/\/bicycool.pl\/index.php?rest_route=%2Fwp%2Fv2%2Fmedia&parent=426"}],"wp:term":[{"taxonomy":"product_brand","embeddable":true,"href":"https:\/\/bicycool.pl\/index.php?rest_route=%2Fwp%2Fv2%2Fproduct_brand&post=426"},{"taxonomy":"product_cat","embeddable":true,"href":"https:\/\/bicycool.pl\/index.php?rest_route=%2Fwp%2Fv2%2Fproduct_cat&post=426"},{"taxonomy":"product_tag","embeddable":true,"href":"https:\/\/bicycool.pl\/index.php?rest_route=%2Fwp%2Fv2%2Fproduct_tag&post=426"}],"curies":[{"name":"wp","href":"https:\/\/api.w.org\/{rel}","templated":true}]}}