{"id":428,"date":"2023-11-20T15:35:31","date_gmt":"2023-11-20T14:35:31","guid":{"rendered":"https:\/\/bicycool.pl\/?post_type=product&#038;p=428"},"modified":"2025-12-22T17:41:35","modified_gmt":"2025-12-22T16:41:35","slug":"siodlo-kellys-harlequin-unisex","status":"publish","type":"product","link":"https:\/\/bicycool.pl\/?product=siodlo-kellys-harlequin-unisex","title":{"rendered":"Siode\u0142ko Kellys HARLEQUIN unisex"},"content":{"rendered":"<h3>Kellys HARLEQUIN<\/h3>\n<ul>\n<li>Zaprojektowane do miejskich przeja\u017cd\u017cek.<\/li>\n<li>Podw\u00f3jna spr\u0119\u017cyna zapewnia p\u0142ynn\u0105 amortyzacj\u0119.<\/li>\n<li>Strefy wci\u0119\u0107 obni\u017caj\u0105 nacisk na najbardziej wra\u017cliwe miejsca.<\/li>\n<li>Pianka o du\u017cej g\u0119sto\u015bci.<\/li>\n<li>Pr\u0119ty ze skal\u0105 pozwalaj\u0105ce na precyzyjne ustawienie.<\/li>\n<li>Rozmiar: 265x225mm<\/li>\n<li>Waga: 996 g<\/li>\n<\/ul>\n","protected":false},"excerpt":{"rendered":"<p>Kellys HARLEQUIN Zaprojektowane do miejskich przeja\u017cd\u017cek. Podw\u00f3jna spr\u0119\u017cyna zapewnia p\u0142ynn\u0105 amortyzacj\u0119. Strefy wci\u0119\u0107 obni\u017caj\u0105 nacisk na najbardziej wra\u017cliwe miejsca. Pianka o du\u017cej g\u0119sto\u015bci. Pr\u0119ty ze skal\u0105 pozwalaj\u0105ce na precyzyjne ustawienie. Rozmiar: 265x225mm Waga: 996 g<\/p>\n","protected":false},"featured_media":429,"comment_status":"open","ping_status":"closed","template":"","meta":[],"product_brand":[],"product_cat":[27,113],"product_tag":[],"class_list":{"0":"post-428","1":"product","2":"type-product","3":"status-publish","4":"has-post-thumbnail","6":"product_cat-czesci-nowe","7":"product_cat-siodelka","8":"product_shipping_class-mala-paczka","10":"first","11":"outofstock","12":"shipping-taxable","13":"purchasable","14":"product-type-simple"},"_links":{"self":[{"href":"https:\/\/bicycool.pl\/index.php?rest_route=\/wp\/v2\/product\/428","targetHints":{"allow":["GET"]}}],"collection":[{"href":"https:\/\/bicycool.pl\/index.php?rest_route=\/wp\/v2\/product"}],"about":[{"href":"https:\/\/bicycool.pl\/index.php?rest_route=\/wp\/v2\/types\/product"}],"replies":[{"embeddable":true,"href":"https:\/\/bicycool.pl\/index.php?rest_route=%2Fwp%2Fv2%2Fcomments&post=428"}],"wp:featuredmedia":[{"embeddable":true,"href":"https:\/\/bicycool.pl\/index.php?rest_route=\/wp\/v2\/media\/429"}],"wp:attachment":[{"href":"https:\/\/bicycool.pl\/index.php?rest_route=%2Fwp%2Fv2%2Fmedia&parent=428"}],"wp:term":[{"taxonomy":"product_brand","embeddable":true,"href":"https:\/\/bicycool.pl\/index.php?rest_route=%2Fwp%2Fv2%2Fproduct_brand&post=428"},{"taxonomy":"product_cat","embeddable":true,"href":"https:\/\/bicycool.pl\/index.php?rest_route=%2Fwp%2Fv2%2Fproduct_cat&post=428"},{"taxonomy":"product_tag","embeddable":true,"href":"https:\/\/bicycool.pl\/index.php?rest_route=%2Fwp%2Fv2%2Fproduct_tag&post=428"}],"curies":[{"name":"wp","href":"https:\/\/api.w.org\/{rel}","templated":true}]}}