{"id":430,"date":"2023-11-20T15:37:56","date_gmt":"2023-11-20T14:37:56","guid":{"rendered":"https:\/\/bicycool.pl\/?post_type=product&#038;p=430"},"modified":"2023-12-08T10:58:33","modified_gmt":"2023-12-08T09:58:33","slug":"siodlo-van-kellys-black","status":"publish","type":"product","link":"https:\/\/bicycool.pl\/?product=siodlo-van-kellys-black","title":{"rendered":"Siode\u0142ko VAN KELLYS black"},"content":{"rendered":"<h3>\u00a0VAN KELLYS black<\/h3>\n<p>Wype\u0142nienie siod\u0142a z \u017celowej pianki o du\u017cej g\u0119sto\u015bci<br \/>\nStalowe spr\u0119\u017cyny zapewniaj\u0105ce komfortow\u0105 amortyzacj\u0119<br \/>\nPr\u0119ty z podzia\u0142k\u0105 dla precyzyjnego dopasowania siod\u0142a<br \/>\nPrzeznaczone do stylowej jazdy po Twoim mie\u015bcie<\/p>\n<p><strong>Rozmiar:<\/strong> 250 x 210mm<br \/>\n<strong>Kolor:\u00a0<\/strong>Black<\/p>\n","protected":false},"excerpt":{"rendered":"<p>\u00a0VAN KELLYS black Wype\u0142nienie siod\u0142a z \u017celowej pianki o du\u017cej g\u0119sto\u015bci Stalowe spr\u0119\u017cyny zapewniaj\u0105ce komfortow\u0105 amortyzacj\u0119 Pr\u0119ty z podzia\u0142k\u0105 dla precyzyjnego dopasowania siod\u0142a Przeznaczone do stylowej jazdy po Twoim mie\u015bcie Rozmiar: 250 x 210mm Kolor:\u00a0Black<\/p>\n","protected":false},"featured_media":431,"comment_status":"open","ping_status":"closed","template":"","meta":[],"product_brand":[],"product_cat":[27,113],"product_tag":[122,63,121],"class_list":{"0":"post-430","1":"product","2":"type-product","3":"status-publish","4":"has-post-thumbnail","6":"product_cat-czesci-nowe","7":"product_cat-siodelka","8":"product_tag-city","9":"product_tag-kellys","10":"product_tag-rower-miejski","11":"product_shipping_class-mala-paczka","13":"first","14":"instock","15":"shipping-taxable","16":"purchasable","17":"product-type-simple"},"_links":{"self":[{"href":"https:\/\/bicycool.pl\/index.php?rest_route=\/wp\/v2\/product\/430","targetHints":{"allow":["GET"]}}],"collection":[{"href":"https:\/\/bicycool.pl\/index.php?rest_route=\/wp\/v2\/product"}],"about":[{"href":"https:\/\/bicycool.pl\/index.php?rest_route=\/wp\/v2\/types\/product"}],"replies":[{"embeddable":true,"href":"https:\/\/bicycool.pl\/index.php?rest_route=%2Fwp%2Fv2%2Fcomments&post=430"}],"wp:featuredmedia":[{"embeddable":true,"href":"https:\/\/bicycool.pl\/index.php?rest_route=\/wp\/v2\/media\/431"}],"wp:attachment":[{"href":"https:\/\/bicycool.pl\/index.php?rest_route=%2Fwp%2Fv2%2Fmedia&parent=430"}],"wp:term":[{"taxonomy":"product_brand","embeddable":true,"href":"https:\/\/bicycool.pl\/index.php?rest_route=%2Fwp%2Fv2%2Fproduct_brand&post=430"},{"taxonomy":"product_cat","embeddable":true,"href":"https:\/\/bicycool.pl\/index.php?rest_route=%2Fwp%2Fv2%2Fproduct_cat&post=430"},{"taxonomy":"product_tag","embeddable":true,"href":"https:\/\/bicycool.pl\/index.php?rest_route=%2Fwp%2Fv2%2Fproduct_tag&post=430"}],"curies":[{"name":"wp","href":"https:\/\/api.w.org\/{rel}","templated":true}]}}