{"id":446,"date":"2023-11-20T16:16:05","date_gmt":"2023-11-20T15:16:05","guid":{"rendered":"https:\/\/bicycool.pl\/?post_type=product&#038;p=446"},"modified":"2023-11-20T16:19:04","modified_gmt":"2023-11-20T15:19:04","slug":"pedaly-force-click-mtb-kulkowe","status":"publish","type":"product","link":"https:\/\/bicycool.pl\/?product=pedaly-force-click-mtb-kulkowe","title":{"rendered":"Peda\u0142y FORCE CLICK MTB kulkowe"},"content":{"rendered":"<h3>FORCE CLICK MTB kulkowe<\/h3>\n<ul>\n<li>FORCE Pedal Click system,<\/li>\n<li>Kompatybilne z blokami SHIMANO SPD SM-SH51\/ 56,<\/li>\n<li>Kulkowe \u0142o\u017cyska, aluminiowy korpus, o\u015b Cr-Mo,<\/li>\n<li>Regulowane napr\u0119\u017cenie spr\u0119\u017cyny,<\/li>\n<li>Z czarnymi blokami (art. 68285)<\/li>\n<li>Waga pary: 338 g, bloki: 52 g<\/li>\n<\/ul>\n","protected":false},"excerpt":{"rendered":"<p>FORCE CLICK MTB kulkowe<\/p>\n<p>SPD<\/p>\n","protected":false},"featured_media":447,"comment_status":"open","ping_status":"closed","template":"","meta":[],"product_brand":[],"product_cat":[15,27,127],"product_tag":[128,130,129],"class_list":{"0":"post-446","1":"product","2":"type-product","3":"status-publish","4":"has-post-thumbnail","6":"product_cat-czesci","7":"product_cat-czesci-nowe","8":"product_cat-pedaly","9":"product_tag-force","10":"product_tag-pedaly","11":"product_tag-spd","12":"product_shipping_class-mala-paczka","14":"first","15":"instock","16":"shipping-taxable","17":"purchasable","18":"product-type-simple"},"_links":{"self":[{"href":"https:\/\/bicycool.pl\/index.php?rest_route=\/wp\/v2\/product\/446","targetHints":{"allow":["GET"]}}],"collection":[{"href":"https:\/\/bicycool.pl\/index.php?rest_route=\/wp\/v2\/product"}],"about":[{"href":"https:\/\/bicycool.pl\/index.php?rest_route=\/wp\/v2\/types\/product"}],"replies":[{"embeddable":true,"href":"https:\/\/bicycool.pl\/index.php?rest_route=%2Fwp%2Fv2%2Fcomments&post=446"}],"wp:featuredmedia":[{"embeddable":true,"href":"https:\/\/bicycool.pl\/index.php?rest_route=\/wp\/v2\/media\/447"}],"wp:attachment":[{"href":"https:\/\/bicycool.pl\/index.php?rest_route=%2Fwp%2Fv2%2Fmedia&parent=446"}],"wp:term":[{"taxonomy":"product_brand","embeddable":true,"href":"https:\/\/bicycool.pl\/index.php?rest_route=%2Fwp%2Fv2%2Fproduct_brand&post=446"},{"taxonomy":"product_cat","embeddable":true,"href":"https:\/\/bicycool.pl\/index.php?rest_route=%2Fwp%2Fv2%2Fproduct_cat&post=446"},{"taxonomy":"product_tag","embeddable":true,"href":"https:\/\/bicycool.pl\/index.php?rest_route=%2Fwp%2Fv2%2Fproduct_tag&post=446"}],"curies":[{"name":"wp","href":"https:\/\/api.w.org\/{rel}","templated":true}]}}