{"id":464,"date":"2023-11-20T16:49:01","date_gmt":"2023-11-20T15:49:01","guid":{"rendered":"https:\/\/bicycool.pl\/?post_type=product&#038;p=464"},"modified":"2023-11-20T16:51:36","modified_gmt":"2023-11-20T15:51:36","slug":"zaciski-hamulcowe-force-dual-mtb-mechaniczne","status":"publish","type":"product","link":"https:\/\/bicycool.pl\/?product=zaciski-hamulcowe-force-dual-mtb-mechaniczne","title":{"rendered":"Zaciski hamulcowe FORCE DUAL MTB MECHANICZNE"},"content":{"rendered":"<h3>FORCE DUAL MTB MECHANICZNE<\/h3>\n<ul>\n<li>Lepsza wydajno\u015b\u0107 hamowania i ustawienie tarczy zacisk linki i regulacja t\u0142oka bez narz\u0119dzi<br \/>\n(wewn\u0119trzna regulacja t\u0142oka za pomoc\u0105 klucza imbusowego 4mm)<\/li>\n<li><strong>Mocowanie<\/strong> POSTMOUNT<\/li>\n<li><strong>Komplet:<\/strong> prz\u00f3d + ty\u0142<\/li>\n<li><strong>Rodzaj:<\/strong> Mechaniczne<\/li>\n<li><strong>Kolor zacisku:<\/strong> czarny<\/li>\n<li>Kompatybilne z klockami FORCE o kodzie: 42350<\/li>\n<li><strong>Materia\u0142:<\/strong> Aluminium, rami\u0119 stalowe, plastikowa os\u0142ona<\/li>\n<li><strong>Waga:<\/strong> 1 para, \u015bruba, klocki 424g.<\/li>\n<li><strong>Zestaw bez adapter\u00f3w i tarcz!<\/strong><\/li>\n<\/ul>\n","protected":false},"excerpt":{"rendered":"<p>FORCE DUAL MTB MECHANICZNE Lepsza wydajno\u015b\u0107 hamowania i ustawienie tarczy zacisk linki i regulacja t\u0142oka bez narz\u0119dzi (wewn\u0119trzna regulacja t\u0142oka za pomoc\u0105 klucza imbusowego 4mm) Mocowanie POSTMOUNT Komplet: prz\u00f3d + ty\u0142 Rodzaj: Mechaniczne Kolor zacisku: czarny Kompatybilne z klockami FORCE o kodzie: 42350 Materia\u0142: Aluminium, rami\u0119 stalowe, plastikowa os\u0142ona Waga: 1 para, \u015bruba, klocki 424g.&hellip;<\/p>\n","protected":false},"featured_media":465,"comment_status":"open","ping_status":"closed","template":"","meta":[],"product_brand":[],"product_cat":[15,27,136],"product_tag":[128,138,137],"class_list":{"0":"post-464","1":"product","2":"type-product","3":"status-publish","4":"has-post-thumbnail","6":"product_cat-czesci","7":"product_cat-czesci-nowe","8":"product_cat-hamulce","9":"product_tag-force","10":"product_tag-hamulce","11":"product_tag-zacisk-mechaniczny","12":"product_shipping_class-mala-paczka","14":"first","15":"instock","16":"shipping-taxable","17":"purchasable","18":"product-type-simple"},"_links":{"self":[{"href":"https:\/\/bicycool.pl\/index.php?rest_route=\/wp\/v2\/product\/464","targetHints":{"allow":["GET"]}}],"collection":[{"href":"https:\/\/bicycool.pl\/index.php?rest_route=\/wp\/v2\/product"}],"about":[{"href":"https:\/\/bicycool.pl\/index.php?rest_route=\/wp\/v2\/types\/product"}],"replies":[{"embeddable":true,"href":"https:\/\/bicycool.pl\/index.php?rest_route=%2Fwp%2Fv2%2Fcomments&post=464"}],"wp:featuredmedia":[{"embeddable":true,"href":"https:\/\/bicycool.pl\/index.php?rest_route=\/wp\/v2\/media\/465"}],"wp:attachment":[{"href":"https:\/\/bicycool.pl\/index.php?rest_route=%2Fwp%2Fv2%2Fmedia&parent=464"}],"wp:term":[{"taxonomy":"product_brand","embeddable":true,"href":"https:\/\/bicycool.pl\/index.php?rest_route=%2Fwp%2Fv2%2Fproduct_brand&post=464"},{"taxonomy":"product_cat","embeddable":true,"href":"https:\/\/bicycool.pl\/index.php?rest_route=%2Fwp%2Fv2%2Fproduct_cat&post=464"},{"taxonomy":"product_tag","embeddable":true,"href":"https:\/\/bicycool.pl\/index.php?rest_route=%2Fwp%2Fv2%2Fproduct_tag&post=464"}],"curies":[{"name":"wp","href":"https:\/\/api.w.org\/{rel}","templated":true}]}}