{"id":485,"date":"2023-11-21T10:37:56","date_gmt":"2023-11-21T09:37:56","guid":{"rendered":"https:\/\/bicycool.pl\/?post_type=product&#038;p=485"},"modified":"2026-04-13T15:42:54","modified_gmt":"2026-04-13T13:42:54","slug":"zebatka-tarcza-korby-shimano-deore-fc-m540-44t-3x9s","status":"publish","type":"product","link":"https:\/\/bicycool.pl\/?product=zebatka-tarcza-korby-shimano-deore-fc-m540-44t-3x9s","title":{"rendered":"Z\u0119batka Tarcza korby Shimano Deore FC-M540 44T 3x9s"},"content":{"rendered":"<h3>Tarcza korby Shimano Deore FC-M540<\/h3>\n<ul>\n<li><strong>Grupa Shimano:<\/strong> Deore<\/li>\n<li><strong>Kod grupy Shimano:<\/strong> M540<\/li>\n<li><strong>Kod<\/strong>\u00a0<strong>modelu Shimano:<\/strong> FCM540<\/li>\n<li><strong>Ramiona:<\/strong> 4-ramienny<\/li>\n<li><strong>Prze\u0142o\u017cenia:<\/strong> 9<\/li>\n<li><strong>Kolor:<\/strong> czarny<\/li>\n<li><strong>Z\u0119by:<\/strong> 44T<\/li>\n<li><strong>Rozstaw \u015brub tarczy:<\/strong> 104mm<\/li>\n<li>bez otwor\u00f3w do monta\u017cu os\u0142ony korby<\/li>\n<\/ul>\n","protected":false},"excerpt":{"rendered":"<p>Tarcza korby Shimano Deore FC-M540 Grupa Shimano: Deore Kod grupy Shimano: M540 Kod\u00a0modelu Shimano: FCM540 Ramiona: 4-ramienny Prze\u0142o\u017cenia: 9 Kolor: czarny Z\u0119by: 44T Rozstaw \u015brub tarczy: 104mm bez otwor\u00f3w do monta\u017cu os\u0142ony korby<\/p>\n","protected":false},"featured_media":487,"comment_status":"open","ping_status":"closed","template":"","meta":[],"product_brand":[],"product_cat":[15,27,145],"product_tag":[148,146],"class_list":{"0":"post-485","1":"product","2":"type-product","3":"status-publish","4":"has-post-thumbnail","6":"product_cat-czesci","7":"product_cat-czesci-nowe","8":"product_cat-tarcze-mechanizmu-korbowego","9":"product_tag-bcd-104mm","10":"product_tag-shimano-deore","11":"product_shipping_class-mala-paczka","13":"first","14":"outofstock","15":"shipping-taxable","16":"purchasable","17":"product-type-simple"},"_links":{"self":[{"href":"https:\/\/bicycool.pl\/index.php?rest_route=\/wp\/v2\/product\/485","targetHints":{"allow":["GET"]}}],"collection":[{"href":"https:\/\/bicycool.pl\/index.php?rest_route=\/wp\/v2\/product"}],"about":[{"href":"https:\/\/bicycool.pl\/index.php?rest_route=\/wp\/v2\/types\/product"}],"replies":[{"embeddable":true,"href":"https:\/\/bicycool.pl\/index.php?rest_route=%2Fwp%2Fv2%2Fcomments&post=485"}],"wp:featuredmedia":[{"embeddable":true,"href":"https:\/\/bicycool.pl\/index.php?rest_route=\/wp\/v2\/media\/487"}],"wp:attachment":[{"href":"https:\/\/bicycool.pl\/index.php?rest_route=%2Fwp%2Fv2%2Fmedia&parent=485"}],"wp:term":[{"taxonomy":"product_brand","embeddable":true,"href":"https:\/\/bicycool.pl\/index.php?rest_route=%2Fwp%2Fv2%2Fproduct_brand&post=485"},{"taxonomy":"product_cat","embeddable":true,"href":"https:\/\/bicycool.pl\/index.php?rest_route=%2Fwp%2Fv2%2Fproduct_cat&post=485"},{"taxonomy":"product_tag","embeddable":true,"href":"https:\/\/bicycool.pl\/index.php?rest_route=%2Fwp%2Fv2%2Fproduct_tag&post=485"}],"curies":[{"name":"wp","href":"https:\/\/api.w.org\/{rel}","templated":true}]}}