{"id":500,"date":"2023-11-21T11:32:24","date_gmt":"2023-11-21T10:32:24","guid":{"rendered":"https:\/\/bicycool.pl\/?post_type=product&#038;p=500"},"modified":"2024-12-03T15:50:40","modified_gmt":"2024-12-03T14:50:40","slug":"zebatka-tarcza-korby-shimano-alivio-fc-m411-48t-3x9s","status":"publish","type":"product","link":"https:\/\/bicycool.pl\/?product=zebatka-tarcza-korby-shimano-alivio-fc-m411-48t-3x9s","title":{"rendered":"Z\u0119batka Tarcza korby Shimano ALIVIO FC-M411 48T 3&#215;7\/8s"},"content":{"rendered":"<h3>Tarcza korby Shimano ALIVIO FC-M411<\/h3>\n<ul>\n<li>Grupa Shimano: Alivio<\/li>\n<li>Kod grupy Shimano: M411<\/li>\n<li>Kod modelu Shimano: FCM411<\/li>\n<li>Ramiona: 4-ramienny<\/li>\n<li>Prze\u0142o\u017cenia: 7\/8<\/li>\n<li>Kolor: czarny<\/li>\n<li>Z\u0119by: 48T<\/li>\n<li>Rozstaw \u015brub tarczy: 104mm<\/li>\n<li>Otwory do monta\u017cu os\u0142ony korby<\/li>\n<\/ul>\n","protected":false},"excerpt":{"rendered":"<p>Tarcza korby Shimano ALIVIO FC-M411 Grupa Shimano: Alivio Kod grupy Shimano: M411 Kod modelu Shimano: FCM411 Ramiona: 4-ramienny Prze\u0142o\u017cenia: 7\/8 Kolor: czarny Z\u0119by: 48T Rozstaw \u015brub tarczy: 104mm Otwory do monta\u017cu os\u0142ony korby<\/p>\n","protected":false},"featured_media":501,"comment_status":"open","ping_status":"closed","template":"","meta":[],"product_brand":[],"product_cat":[15,27,145],"product_tag":[148],"class_list":{"0":"post-500","1":"product","2":"type-product","3":"status-publish","4":"has-post-thumbnail","6":"product_cat-czesci","7":"product_cat-czesci-nowe","8":"product_cat-tarcze-mechanizmu-korbowego","9":"product_tag-bcd-104mm","10":"product_shipping_class-mala-paczka","12":"first","13":"instock","14":"shipping-taxable","15":"purchasable","16":"product-type-simple"},"_links":{"self":[{"href":"https:\/\/bicycool.pl\/index.php?rest_route=\/wp\/v2\/product\/500","targetHints":{"allow":["GET"]}}],"collection":[{"href":"https:\/\/bicycool.pl\/index.php?rest_route=\/wp\/v2\/product"}],"about":[{"href":"https:\/\/bicycool.pl\/index.php?rest_route=\/wp\/v2\/types\/product"}],"replies":[{"embeddable":true,"href":"https:\/\/bicycool.pl\/index.php?rest_route=%2Fwp%2Fv2%2Fcomments&post=500"}],"wp:featuredmedia":[{"embeddable":true,"href":"https:\/\/bicycool.pl\/index.php?rest_route=\/wp\/v2\/media\/501"}],"wp:attachment":[{"href":"https:\/\/bicycool.pl\/index.php?rest_route=%2Fwp%2Fv2%2Fmedia&parent=500"}],"wp:term":[{"taxonomy":"product_brand","embeddable":true,"href":"https:\/\/bicycool.pl\/index.php?rest_route=%2Fwp%2Fv2%2Fproduct_brand&post=500"},{"taxonomy":"product_cat","embeddable":true,"href":"https:\/\/bicycool.pl\/index.php?rest_route=%2Fwp%2Fv2%2Fproduct_cat&post=500"},{"taxonomy":"product_tag","embeddable":true,"href":"https:\/\/bicycool.pl\/index.php?rest_route=%2Fwp%2Fv2%2Fproduct_tag&post=500"}],"curies":[{"name":"wp","href":"https:\/\/api.w.org\/{rel}","templated":true}]}}