{"id":515,"date":"2023-11-21T12:29:55","date_gmt":"2023-11-21T11:29:55","guid":{"rendered":"https:\/\/bicycool.pl\/?post_type=product&#038;p=515"},"modified":"2023-11-21T12:31:57","modified_gmt":"2023-11-21T11:31:57","slug":"zebatka-tarcza-korby-shimano-zee-fc-m640-34t-1x10s","status":"publish","type":"product","link":"https:\/\/bicycool.pl\/?product=zebatka-tarcza-korby-shimano-zee-fc-m640-34t-1x10s","title":{"rendered":"Z\u0119batka Tarcza korby Shimano ZEE FC-M640 34T 1x10s"},"content":{"rendered":"<h3>Tarcza korby Shimano ZEE FC-M640<\/h3>\n<ul>\n<li>Grupa Shimano: ZEE<\/li>\n<li>Kod grupy Shimano: M640<\/li>\n<li>Kod modelu Shimano: FC-M640<\/li>\n<li>Ramiona: 4-ramienny<\/li>\n<li>Prze\u0142o\u017cenia: 10s<\/li>\n<li>Kolor: czarny<\/li>\n<li>Z\u0119by: 34T<\/li>\n<li>Rozstaw \u015brub tarczy: 104mm<\/li>\n<\/ul>\n","protected":false},"excerpt":{"rendered":"<p>Tarcza korby Shimano ZEE FC-M640 Grupa Shimano: ZEE Kod grupy Shimano: M640 Kod modelu Shimano: FC-M640 Ramiona: 4-ramienny Prze\u0142o\u017cenia: 10s Kolor: czarny Z\u0119by: 34T Rozstaw \u015brub tarczy: 104mm<\/p>\n","protected":false},"featured_media":516,"comment_status":"open","ping_status":"closed","template":"","meta":[],"product_brand":[],"product_cat":[15,27,145],"product_tag":[148],"class_list":{"0":"post-515","1":"product","2":"type-product","3":"status-publish","4":"has-post-thumbnail","6":"product_cat-czesci","7":"product_cat-czesci-nowe","8":"product_cat-tarcze-mechanizmu-korbowego","9":"product_tag-bcd-104mm","10":"product_shipping_class-mala-paczka","12":"first","13":"instock","14":"shipping-taxable","15":"purchasable","16":"product-type-simple"},"_links":{"self":[{"href":"https:\/\/bicycool.pl\/index.php?rest_route=\/wp\/v2\/product\/515","targetHints":{"allow":["GET"]}}],"collection":[{"href":"https:\/\/bicycool.pl\/index.php?rest_route=\/wp\/v2\/product"}],"about":[{"href":"https:\/\/bicycool.pl\/index.php?rest_route=\/wp\/v2\/types\/product"}],"replies":[{"embeddable":true,"href":"https:\/\/bicycool.pl\/index.php?rest_route=%2Fwp%2Fv2%2Fcomments&post=515"}],"wp:featuredmedia":[{"embeddable":true,"href":"https:\/\/bicycool.pl\/index.php?rest_route=\/wp\/v2\/media\/516"}],"wp:attachment":[{"href":"https:\/\/bicycool.pl\/index.php?rest_route=%2Fwp%2Fv2%2Fmedia&parent=515"}],"wp:term":[{"taxonomy":"product_brand","embeddable":true,"href":"https:\/\/bicycool.pl\/index.php?rest_route=%2Fwp%2Fv2%2Fproduct_brand&post=515"},{"taxonomy":"product_cat","embeddable":true,"href":"https:\/\/bicycool.pl\/index.php?rest_route=%2Fwp%2Fv2%2Fproduct_cat&post=515"},{"taxonomy":"product_tag","embeddable":true,"href":"https:\/\/bicycool.pl\/index.php?rest_route=%2Fwp%2Fv2%2Fproduct_tag&post=515"}],"curies":[{"name":"wp","href":"https:\/\/api.w.org\/{rel}","templated":true}]}}