{"id":518,"date":"2023-11-21T12:34:50","date_gmt":"2023-11-21T11:34:50","guid":{"rendered":"https:\/\/bicycool.pl\/?post_type=product&#038;p=518"},"modified":"2023-11-21T12:38:36","modified_gmt":"2023-11-21T11:38:36","slug":"zebatka-tarcza-korby-shimano-alivio-fc-m430-22t-3x9s","status":"publish","type":"product","link":"https:\/\/bicycool.pl\/?product=zebatka-tarcza-korby-shimano-alivio-fc-m430-22t-3x9s","title":{"rendered":"Z\u0119batka Tarcza korby Shimano ALIVIO FC-M430 22T 3x9s"},"content":{"rendered":"<h3>Tarcza korby Shimano ALIVIO FC-M430<\/h3>\n<ul>\n<li>Grupa Shimano: ALIVIO<\/li>\n<li>Kod grupy Shimano: M430<\/li>\n<li>Kod modelu Shimano: FC-M430<\/li>\n<li>Ramiona: 4-ramienny<\/li>\n<li>Prze\u0142o\u017cenia: 9s<\/li>\n<li>Kolor: SREBRNY<\/li>\n<li>Z\u0119by: 22T<\/li>\n<li>Rozstaw \u015brub tarczy: 64mm<\/li>\n<\/ul>\n","protected":false},"excerpt":{"rendered":"<p>Tarcza korby Shimano ALIVIO FC-M430 Grupa Shimano: ALIVIO Kod grupy Shimano: M430 Kod modelu Shimano: FC-M430 Ramiona: 4-ramienny Prze\u0142o\u017cenia: 9s Kolor: SREBRNY Z\u0119by: 22T Rozstaw \u015brub tarczy: 64mm<\/p>\n","protected":false},"featured_media":519,"comment_status":"open","ping_status":"closed","template":"","meta":[],"product_brand":[],"product_cat":[15,27,145],"product_tag":[148],"class_list":{"0":"post-518","1":"product","2":"type-product","3":"status-publish","4":"has-post-thumbnail","6":"product_cat-czesci","7":"product_cat-czesci-nowe","8":"product_cat-tarcze-mechanizmu-korbowego","9":"product_tag-bcd-104mm","10":"product_shipping_class-mala-paczka","12":"first","13":"instock","14":"shipping-taxable","15":"purchasable","16":"product-type-simple"},"_links":{"self":[{"href":"https:\/\/bicycool.pl\/index.php?rest_route=\/wp\/v2\/product\/518","targetHints":{"allow":["GET"]}}],"collection":[{"href":"https:\/\/bicycool.pl\/index.php?rest_route=\/wp\/v2\/product"}],"about":[{"href":"https:\/\/bicycool.pl\/index.php?rest_route=\/wp\/v2\/types\/product"}],"replies":[{"embeddable":true,"href":"https:\/\/bicycool.pl\/index.php?rest_route=%2Fwp%2Fv2%2Fcomments&post=518"}],"wp:featuredmedia":[{"embeddable":true,"href":"https:\/\/bicycool.pl\/index.php?rest_route=\/wp\/v2\/media\/519"}],"wp:attachment":[{"href":"https:\/\/bicycool.pl\/index.php?rest_route=%2Fwp%2Fv2%2Fmedia&parent=518"}],"wp:term":[{"taxonomy":"product_brand","embeddable":true,"href":"https:\/\/bicycool.pl\/index.php?rest_route=%2Fwp%2Fv2%2Fproduct_brand&post=518"},{"taxonomy":"product_cat","embeddable":true,"href":"https:\/\/bicycool.pl\/index.php?rest_route=%2Fwp%2Fv2%2Fproduct_cat&post=518"},{"taxonomy":"product_tag","embeddable":true,"href":"https:\/\/bicycool.pl\/index.php?rest_route=%2Fwp%2Fv2%2Fproduct_tag&post=518"}],"curies":[{"name":"wp","href":"https:\/\/api.w.org\/{rel}","templated":true}]}}