{"id":526,"date":"2023-11-21T12:47:49","date_gmt":"2023-11-21T11:47:49","guid":{"rendered":"https:\/\/bicycool.pl\/?post_type=product&#038;p=526"},"modified":"2023-11-21T12:52:35","modified_gmt":"2023-11-21T11:52:35","slug":"zebatka-tarcza-korby-shimano-deore-fc-m6000-24t-2x10s","status":"publish","type":"product","link":"https:\/\/bicycool.pl\/?product=zebatka-tarcza-korby-shimano-deore-fc-m6000-24t-2x10s","title":{"rendered":"Z\u0119batka Tarcza korby Shimano DEORE FC-M6000 24T 2x10s"},"content":{"rendered":"<h3>Tarcza korby Shimano DEORE FC-M6000<\/h3>\n<ul>\n<li>Grupa Shimano: DEORE<\/li>\n<li>Kod grupy Shimano: M6000<\/li>\n<li>Kod modelu Shimano: FC-M6000<\/li>\n<li>Ramiona: 4-ramienny<\/li>\n<li>Prze\u0142o\u017cenia: 10s<\/li>\n<li>Kolor: czarny<\/li>\n<li>Z\u0119by: 24T<\/li>\n<li>Rozstaw \u015brub tarczy: 64mm<\/li>\n<li><\/li>\n<\/ul>\n","protected":false},"excerpt":{"rendered":"<p>Tarcza korby Shimano DEORE FC-M6000 Grupa Shimano: DEORE Kod grupy Shimano: M6000 Kod modelu Shimano: FC-M6000 Ramiona: 4-ramienny Prze\u0142o\u017cenia: 10s Kolor: czarny Z\u0119by: 24T Rozstaw \u015brub tarczy: 64mm<\/p>\n","protected":false},"featured_media":528,"comment_status":"open","ping_status":"closed","template":"","meta":[],"product_brand":[],"product_cat":[15,27,145],"product_tag":[148],"class_list":{"0":"post-526","1":"product","2":"type-product","3":"status-publish","4":"has-post-thumbnail","6":"product_cat-czesci","7":"product_cat-czesci-nowe","8":"product_cat-tarcze-mechanizmu-korbowego","9":"product_tag-bcd-104mm","10":"product_shipping_class-mala-paczka","12":"first","13":"instock","14":"shipping-taxable","15":"purchasable","16":"product-type-simple"},"_links":{"self":[{"href":"https:\/\/bicycool.pl\/index.php?rest_route=\/wp\/v2\/product\/526","targetHints":{"allow":["GET"]}}],"collection":[{"href":"https:\/\/bicycool.pl\/index.php?rest_route=\/wp\/v2\/product"}],"about":[{"href":"https:\/\/bicycool.pl\/index.php?rest_route=\/wp\/v2\/types\/product"}],"replies":[{"embeddable":true,"href":"https:\/\/bicycool.pl\/index.php?rest_route=%2Fwp%2Fv2%2Fcomments&post=526"}],"wp:featuredmedia":[{"embeddable":true,"href":"https:\/\/bicycool.pl\/index.php?rest_route=\/wp\/v2\/media\/528"}],"wp:attachment":[{"href":"https:\/\/bicycool.pl\/index.php?rest_route=%2Fwp%2Fv2%2Fmedia&parent=526"}],"wp:term":[{"taxonomy":"product_brand","embeddable":true,"href":"https:\/\/bicycool.pl\/index.php?rest_route=%2Fwp%2Fv2%2Fproduct_brand&post=526"},{"taxonomy":"product_cat","embeddable":true,"href":"https:\/\/bicycool.pl\/index.php?rest_route=%2Fwp%2Fv2%2Fproduct_cat&post=526"},{"taxonomy":"product_tag","embeddable":true,"href":"https:\/\/bicycool.pl\/index.php?rest_route=%2Fwp%2Fv2%2Fproduct_tag&post=526"}],"curies":[{"name":"wp","href":"https:\/\/api.w.org\/{rel}","templated":true}]}}