{"id":533,"date":"2023-11-21T13:18:33","date_gmt":"2023-11-21T12:18:33","guid":{"rendered":"https:\/\/bicycool.pl\/?post_type=product&#038;p=533"},"modified":"2025-12-22T17:39:16","modified_gmt":"2025-12-22T16:39:16","slug":"zebatka-tarcza-korby-shimano-ultegra-fc-6700-34t-2x10s","status":"publish","type":"product","link":"https:\/\/bicycool.pl\/?product=zebatka-tarcza-korby-shimano-ultegra-fc-6700-34t-2x10s","title":{"rendered":"Z\u0119batka Tarcza korby Shimano ULTEGRA FC-6700 34T 2x10s"},"content":{"rendered":"<h3>Tarcza korby Shimano ULTEGRA FC-6700<\/h3>\n<ul>\n<li>Grupa Shimano: ULTEGRA<\/li>\n<li>Kod grupy Shimano: 6700<\/li>\n<li>Kod modelu Shimano: FC-6750<\/li>\n<li>Ramiona: 5-ramienny<\/li>\n<li>Prze\u0142o\u017cenia: 2&#215;10 3&#215;10<\/li>\n<li>Kolor: Srebrny<\/li>\n<li>Z\u0119by: 34T<\/li>\n<li>Rozstaw \u015brub tarczy: 130mm<\/li>\n<\/ul>\n","protected":false},"excerpt":{"rendered":"<p>Tarcza korby Shimano ULTEGRA FC-6700 Grupa Shimano: ULTEGRA Kod grupy Shimano: 6700 Kod modelu Shimano: FC-6750 Ramiona: 5-ramienny Prze\u0142o\u017cenia: 2&#215;10 3&#215;10 Kolor: Srebrny Z\u0119by: 34T Rozstaw \u015brub tarczy: 130mm<\/p>\n","protected":false},"featured_media":534,"comment_status":"open","ping_status":"closed","template":"","meta":[],"product_brand":[],"product_cat":[15,27,145],"product_tag":[],"class_list":{"0":"post-533","1":"product","2":"type-product","3":"status-publish","4":"has-post-thumbnail","6":"product_cat-czesci","7":"product_cat-czesci-nowe","8":"product_cat-tarcze-mechanizmu-korbowego","9":"product_shipping_class-mala-paczka","11":"first","12":"instock","13":"sale","14":"shipping-taxable","15":"purchasable","16":"product-type-simple"},"_links":{"self":[{"href":"https:\/\/bicycool.pl\/index.php?rest_route=\/wp\/v2\/product\/533","targetHints":{"allow":["GET"]}}],"collection":[{"href":"https:\/\/bicycool.pl\/index.php?rest_route=\/wp\/v2\/product"}],"about":[{"href":"https:\/\/bicycool.pl\/index.php?rest_route=\/wp\/v2\/types\/product"}],"replies":[{"embeddable":true,"href":"https:\/\/bicycool.pl\/index.php?rest_route=%2Fwp%2Fv2%2Fcomments&post=533"}],"wp:featuredmedia":[{"embeddable":true,"href":"https:\/\/bicycool.pl\/index.php?rest_route=\/wp\/v2\/media\/534"}],"wp:attachment":[{"href":"https:\/\/bicycool.pl\/index.php?rest_route=%2Fwp%2Fv2%2Fmedia&parent=533"}],"wp:term":[{"taxonomy":"product_brand","embeddable":true,"href":"https:\/\/bicycool.pl\/index.php?rest_route=%2Fwp%2Fv2%2Fproduct_brand&post=533"},{"taxonomy":"product_cat","embeddable":true,"href":"https:\/\/bicycool.pl\/index.php?rest_route=%2Fwp%2Fv2%2Fproduct_cat&post=533"},{"taxonomy":"product_tag","embeddable":true,"href":"https:\/\/bicycool.pl\/index.php?rest_route=%2Fwp%2Fv2%2Fproduct_tag&post=533"}],"curies":[{"name":"wp","href":"https:\/\/api.w.org\/{rel}","templated":true}]}}