{"id":538,"date":"2023-11-21T13:44:17","date_gmt":"2023-11-21T12:44:17","guid":{"rendered":"https:\/\/bicycool.pl\/?post_type=product&#038;p=538"},"modified":"2025-12-22T17:38:56","modified_gmt":"2025-12-22T16:38:56","slug":"zebatka-tarcza-korby-shimano-105-fc-5700-39t-2x10s","status":"publish","type":"product","link":"https:\/\/bicycool.pl\/?product=zebatka-tarcza-korby-shimano-105-fc-5700-39t-2x10s","title":{"rendered":"Z\u0119batka Tarcza korby Shimano 105 FC-5700 39T 2x10s"},"content":{"rendered":"<h3>Tarcza korby Shimano 105 FC-5700<\/h3>\n<ul>\n<li>Grupa Shimano: 105<\/li>\n<li>Kod grupy Shimano: 5700<\/li>\n<li>Kod modelu Shimano: FC-5700<\/li>\n<li>Ramiona: 5-ramienny<\/li>\n<li>Prze\u0142o\u017cenia: 2&#215;10<\/li>\n<li>Kolor: czarny<\/li>\n<li>Z\u0119by: 39T<\/li>\n<\/ul>\n","protected":false},"excerpt":{"rendered":"<p>Tarcza korby Shimano 105 FC-5700 Grupa Shimano: 105 Kod grupy Shimano: 5700 Kod modelu Shimano: FC-5700 Ramiona: 5-ramienny Prze\u0142o\u017cenia: 2&#215;10 Kolor: czarny Z\u0119by: 39T<\/p>\n","protected":false},"featured_media":540,"comment_status":"open","ping_status":"closed","template":"","meta":[],"product_brand":[],"product_cat":[15,27,145],"product_tag":[],"class_list":{"0":"post-538","1":"product","2":"type-product","3":"status-publish","4":"has-post-thumbnail","6":"product_cat-czesci","7":"product_cat-czesci-nowe","8":"product_cat-tarcze-mechanizmu-korbowego","9":"product_shipping_class-mala-paczka","11":"first","12":"instock","13":"shipping-taxable","14":"purchasable","15":"product-type-simple"},"_links":{"self":[{"href":"https:\/\/bicycool.pl\/index.php?rest_route=\/wp\/v2\/product\/538","targetHints":{"allow":["GET"]}}],"collection":[{"href":"https:\/\/bicycool.pl\/index.php?rest_route=\/wp\/v2\/product"}],"about":[{"href":"https:\/\/bicycool.pl\/index.php?rest_route=\/wp\/v2\/types\/product"}],"replies":[{"embeddable":true,"href":"https:\/\/bicycool.pl\/index.php?rest_route=%2Fwp%2Fv2%2Fcomments&post=538"}],"wp:featuredmedia":[{"embeddable":true,"href":"https:\/\/bicycool.pl\/index.php?rest_route=\/wp\/v2\/media\/540"}],"wp:attachment":[{"href":"https:\/\/bicycool.pl\/index.php?rest_route=%2Fwp%2Fv2%2Fmedia&parent=538"}],"wp:term":[{"taxonomy":"product_brand","embeddable":true,"href":"https:\/\/bicycool.pl\/index.php?rest_route=%2Fwp%2Fv2%2Fproduct_brand&post=538"},{"taxonomy":"product_cat","embeddable":true,"href":"https:\/\/bicycool.pl\/index.php?rest_route=%2Fwp%2Fv2%2Fproduct_cat&post=538"},{"taxonomy":"product_tag","embeddable":true,"href":"https:\/\/bicycool.pl\/index.php?rest_route=%2Fwp%2Fv2%2Fproduct_tag&post=538"}],"curies":[{"name":"wp","href":"https:\/\/api.w.org\/{rel}","templated":true}]}}