{"id":548,"date":"2023-11-21T14:07:17","date_gmt":"2023-11-21T13:07:17","guid":{"rendered":"https:\/\/bicycool.pl\/?post_type=product&#038;p=548"},"modified":"2023-11-21T14:08:15","modified_gmt":"2023-11-21T13:08:15","slug":"zebatka-tarcza-korby-shimano-deore-fc-m540-32t-3x9s","status":"publish","type":"product","link":"https:\/\/bicycool.pl\/?product=zebatka-tarcza-korby-shimano-deore-fc-m540-32t-3x9s","title":{"rendered":"Z\u0119batka Tarcza korby Shimano DEORE FC-M540 32T 3x9s"},"content":{"rendered":"<h3>Tarcza korby Shimano DEORE FC-M540<\/h3>\n<ul>\n<li>Grupa Shimano: DEORE<\/li>\n<li>Kod grupy Shimano: M540<\/li>\n<li>Kod modelu Shimano: FC-M540<\/li>\n<li>Ramiona: 4-ramienny<\/li>\n<li>Prze\u0142o\u017cenia: 3&#215;9<\/li>\n<li>Kolor: Srebrny<\/li>\n<li>Z\u0119by: 32T<\/li>\n<li>Rozstaw \u015brub tarczy: 104mm<\/li>\n<\/ul>\n","protected":false},"excerpt":{"rendered":"<p>Tarcza korby Shimano DEORE FC-M540 Grupa Shimano: DEORE Kod grupy Shimano: M540 Kod modelu Shimano: FC-M540 Ramiona: 4-ramienny Prze\u0142o\u017cenia: 3&#215;9 Kolor: Srebrny Z\u0119by: 32T Rozstaw \u015brub tarczy: 104mm<\/p>\n","protected":false},"featured_media":547,"comment_status":"open","ping_status":"closed","template":"","meta":[],"product_brand":[],"product_cat":[15,27,145],"product_tag":[148,146],"class_list":{"0":"post-548","1":"product","2":"type-product","3":"status-publish","4":"has-post-thumbnail","6":"product_cat-czesci","7":"product_cat-czesci-nowe","8":"product_cat-tarcze-mechanizmu-korbowego","9":"product_tag-bcd-104mm","10":"product_tag-shimano-deore","11":"product_shipping_class-mala-paczka","13":"first","14":"instock","15":"shipping-taxable","16":"purchasable","17":"product-type-simple"},"_links":{"self":[{"href":"https:\/\/bicycool.pl\/index.php?rest_route=\/wp\/v2\/product\/548","targetHints":{"allow":["GET"]}}],"collection":[{"href":"https:\/\/bicycool.pl\/index.php?rest_route=\/wp\/v2\/product"}],"about":[{"href":"https:\/\/bicycool.pl\/index.php?rest_route=\/wp\/v2\/types\/product"}],"replies":[{"embeddable":true,"href":"https:\/\/bicycool.pl\/index.php?rest_route=%2Fwp%2Fv2%2Fcomments&post=548"}],"wp:featuredmedia":[{"embeddable":true,"href":"https:\/\/bicycool.pl\/index.php?rest_route=\/wp\/v2\/media\/547"}],"wp:attachment":[{"href":"https:\/\/bicycool.pl\/index.php?rest_route=%2Fwp%2Fv2%2Fmedia&parent=548"}],"wp:term":[{"taxonomy":"product_brand","embeddable":true,"href":"https:\/\/bicycool.pl\/index.php?rest_route=%2Fwp%2Fv2%2Fproduct_brand&post=548"},{"taxonomy":"product_cat","embeddable":true,"href":"https:\/\/bicycool.pl\/index.php?rest_route=%2Fwp%2Fv2%2Fproduct_cat&post=548"},{"taxonomy":"product_tag","embeddable":true,"href":"https:\/\/bicycool.pl\/index.php?rest_route=%2Fwp%2Fv2%2Fproduct_tag&post=548"}],"curies":[{"name":"wp","href":"https:\/\/api.w.org\/{rel}","templated":true}]}}