{"id":553,"date":"2023-11-21T14:26:41","date_gmt":"2023-11-21T13:26:41","guid":{"rendered":"https:\/\/bicycool.pl\/?post_type=product&#038;p=553"},"modified":"2026-04-02T09:44:41","modified_gmt":"2026-04-02T07:44:41","slug":"zebatka-tarcza-korby-shimano-claris-fc-r2000-34t-2x8s","status":"publish","type":"product","link":"https:\/\/bicycool.pl\/?product=zebatka-tarcza-korby-shimano-claris-fc-r2000-34t-2x8s","title":{"rendered":"Z\u0119batka Tarcza korby Shimano CLARIS FC-R2000 34T 2x8s"},"content":{"rendered":"<h3>Tarcza korby Shimano CLARIS FC-R2000<\/h3>\n<ul>\n<li>Grupa Shimano: FC-R2000<\/li>\n<li>Kod grupy Shimano: R2000<\/li>\n<li>Kod modelu Shimano: FC-R2000<\/li>\n<li>Ramiona: 4-ramienny<\/li>\n<li>Prze\u0142o\u017cenia: 2&#215;8<\/li>\n<li>Kolor: czarny<\/li>\n<li>Z\u0119by: 34T<\/li>\n<li>Rozstaw 110mm<\/li>\n<\/ul>\n","protected":false},"excerpt":{"rendered":"<p>Tarcza korby Shimano CLARIS FC-R2000 Grupa Shimano: FC-R2000 Kod grupy Shimano: R2000 Kod modelu Shimano: FC-R2000 Ramiona: 4-ramienny Prze\u0142o\u017cenia: 2&#215;8 Kolor: czarny Z\u0119by: 34T Rozstaw 110mm<\/p>\n","protected":false},"featured_media":554,"comment_status":"open","ping_status":"closed","template":"","meta":[],"product_brand":[],"product_cat":[15,27,145],"product_tag":[],"class_list":{"0":"post-553","1":"product","2":"type-product","3":"status-publish","4":"has-post-thumbnail","6":"product_cat-czesci","7":"product_cat-czesci-nowe","8":"product_cat-tarcze-mechanizmu-korbowego","9":"product_shipping_class-mala-paczka","11":"first","12":"outofstock","13":"shipping-taxable","14":"purchasable","15":"product-type-simple"},"_links":{"self":[{"href":"https:\/\/bicycool.pl\/index.php?rest_route=\/wp\/v2\/product\/553","targetHints":{"allow":["GET"]}}],"collection":[{"href":"https:\/\/bicycool.pl\/index.php?rest_route=\/wp\/v2\/product"}],"about":[{"href":"https:\/\/bicycool.pl\/index.php?rest_route=\/wp\/v2\/types\/product"}],"replies":[{"embeddable":true,"href":"https:\/\/bicycool.pl\/index.php?rest_route=%2Fwp%2Fv2%2Fcomments&post=553"}],"wp:featuredmedia":[{"embeddable":true,"href":"https:\/\/bicycool.pl\/index.php?rest_route=\/wp\/v2\/media\/554"}],"wp:attachment":[{"href":"https:\/\/bicycool.pl\/index.php?rest_route=%2Fwp%2Fv2%2Fmedia&parent=553"}],"wp:term":[{"taxonomy":"product_brand","embeddable":true,"href":"https:\/\/bicycool.pl\/index.php?rest_route=%2Fwp%2Fv2%2Fproduct_brand&post=553"},{"taxonomy":"product_cat","embeddable":true,"href":"https:\/\/bicycool.pl\/index.php?rest_route=%2Fwp%2Fv2%2Fproduct_cat&post=553"},{"taxonomy":"product_tag","embeddable":true,"href":"https:\/\/bicycool.pl\/index.php?rest_route=%2Fwp%2Fv2%2Fproduct_tag&post=553"}],"curies":[{"name":"wp","href":"https:\/\/api.w.org\/{rel}","templated":true}]}}