{"id":566,"date":"2023-11-21T16:04:43","date_gmt":"2023-11-21T15:04:43","guid":{"rendered":"https:\/\/bicycool.pl\/?post_type=product&#038;p=566"},"modified":"2023-11-23T16:11:45","modified_gmt":"2023-11-23T15:11:45","slug":"zebatka-tarcza-korby-fsa-56t-triathlon-aero-9-10s","status":"publish","type":"product","link":"https:\/\/bicycool.pl\/?product=zebatka-tarcza-korby-fsa-56t-triathlon-aero-9-10s","title":{"rendered":"Z\u0119batka Tarcza korby FSA 56T Triathlon AERO 9\/10s"},"content":{"rendered":"<h3>Tarcza korby FSA<\/h3>\n<ul>\n<li>Ramiona: 5-ramienny<\/li>\n<li>Prze\u0142o\u017cenia: 2&#215;10 2&#215;9<\/li>\n<li>Kolor: czarny<\/li>\n<li>Z\u0119by: 56T<\/li>\n<li>BCD 130mm<\/li>\n<li><strong>Z\u0119batka u\u017cywana, prosta, ma\u0142e wgniecenie na literce &#8222;s&#8221;<\/strong><\/li>\n<\/ul>\n","protected":false},"excerpt":{"rendered":"<p>Tarcza korby FSA Ramiona: 5-ramienny Prze\u0142o\u017cenia: 2&#215;10 2&#215;9 Kolor: czarny Z\u0119by: 56T BCD 130mm Z\u0119batka u\u017cywana, prosta, ma\u0142e wgniecenie na literce &#8222;s&#8221;<\/p>\n","protected":false},"featured_media":601,"comment_status":"open","ping_status":"closed","template":"","meta":[],"product_brand":[],"product_cat":[15,28,85],"product_tag":[150,153,152,151,149,154],"class_list":{"0":"post-566","1":"product","2":"type-product","3":"status-publish","4":"has-post-thumbnail","6":"product_cat-czesci","7":"product_cat-czesci-i-akcesoria-uzywane","8":"product_cat-outlet","9":"product_tag-aero","10":"product_tag-chainring","11":"product_tag-fsa","12":"product_tag-ironman","13":"product_tag-triathlon","14":"product_tag-tt","15":"product_shipping_class-mala-paczka","17":"first","18":"instock","19":"shipping-taxable","20":"purchasable","21":"product-type-simple"},"_links":{"self":[{"href":"https:\/\/bicycool.pl\/index.php?rest_route=\/wp\/v2\/product\/566","targetHints":{"allow":["GET"]}}],"collection":[{"href":"https:\/\/bicycool.pl\/index.php?rest_route=\/wp\/v2\/product"}],"about":[{"href":"https:\/\/bicycool.pl\/index.php?rest_route=\/wp\/v2\/types\/product"}],"replies":[{"embeddable":true,"href":"https:\/\/bicycool.pl\/index.php?rest_route=%2Fwp%2Fv2%2Fcomments&post=566"}],"wp:featuredmedia":[{"embeddable":true,"href":"https:\/\/bicycool.pl\/index.php?rest_route=\/wp\/v2\/media\/601"}],"wp:attachment":[{"href":"https:\/\/bicycool.pl\/index.php?rest_route=%2Fwp%2Fv2%2Fmedia&parent=566"}],"wp:term":[{"taxonomy":"product_brand","embeddable":true,"href":"https:\/\/bicycool.pl\/index.php?rest_route=%2Fwp%2Fv2%2Fproduct_brand&post=566"},{"taxonomy":"product_cat","embeddable":true,"href":"https:\/\/bicycool.pl\/index.php?rest_route=%2Fwp%2Fv2%2Fproduct_cat&post=566"},{"taxonomy":"product_tag","embeddable":true,"href":"https:\/\/bicycool.pl\/index.php?rest_route=%2Fwp%2Fv2%2Fproduct_tag&post=566"}],"curies":[{"name":"wp","href":"https:\/\/api.w.org\/{rel}","templated":true}]}}