{"id":567,"date":"2023-11-21T16:14:52","date_gmt":"2023-11-21T15:14:52","guid":{"rendered":"https:\/\/bicycool.pl\/?post_type=product&#038;p=567"},"modified":"2023-11-23T16:09:49","modified_gmt":"2023-11-23T15:09:49","slug":"zebatka-tarcza-korby-metropolis-e-bike-city-42t","status":"publish","type":"product","link":"https:\/\/bicycool.pl\/?product=zebatka-tarcza-korby-metropolis-e-bike-city-42t","title":{"rendered":"Z\u0119batka Tarcza korby METROPOLIS e-bike City 42T"},"content":{"rendered":"<h3>Tarcza korby + os\u0142ona METROPOLIS<\/h3>\n<ul>\n<li>Ramiona: 4-ramienny<\/li>\n<li>Prze\u0142o\u017cenia: 1x<\/li>\n<li>Kolor: czarny<\/li>\n<li>Z\u0119by: 42<\/li>\n<li>BCD 104mm<\/li>\n<li><strong>Z\u0119batka w zestawie z aluminiow\u0105 os\u0142onk\u0105<\/strong><\/li>\n<\/ul>\n","protected":false},"excerpt":{"rendered":"<p>Tarcza korby + os\u0142ona METROPOLIS Ramiona: 4-ramienny Prze\u0142o\u017cenia: 1x Kolor: czarny Z\u0119by: 42 BCD 104mm Z\u0119batka w zestawie z aluminiow\u0105 os\u0142onk\u0105<\/p>\n","protected":false},"featured_media":598,"comment_status":"open","ping_status":"closed","template":"","meta":[],"product_brand":[],"product_cat":[15,27,145],"product_tag":[],"class_list":{"0":"post-567","1":"product","2":"type-product","3":"status-publish","4":"has-post-thumbnail","6":"product_cat-czesci","7":"product_cat-czesci-nowe","8":"product_cat-tarcze-mechanizmu-korbowego","9":"product_shipping_class-mala-paczka","11":"first","12":"instock","13":"shipping-taxable","14":"purchasable","15":"product-type-simple"},"_links":{"self":[{"href":"https:\/\/bicycool.pl\/index.php?rest_route=\/wp\/v2\/product\/567","targetHints":{"allow":["GET"]}}],"collection":[{"href":"https:\/\/bicycool.pl\/index.php?rest_route=\/wp\/v2\/product"}],"about":[{"href":"https:\/\/bicycool.pl\/index.php?rest_route=\/wp\/v2\/types\/product"}],"replies":[{"embeddable":true,"href":"https:\/\/bicycool.pl\/index.php?rest_route=%2Fwp%2Fv2%2Fcomments&post=567"}],"wp:featuredmedia":[{"embeddable":true,"href":"https:\/\/bicycool.pl\/index.php?rest_route=\/wp\/v2\/media\/598"}],"wp:attachment":[{"href":"https:\/\/bicycool.pl\/index.php?rest_route=%2Fwp%2Fv2%2Fmedia&parent=567"}],"wp:term":[{"taxonomy":"product_brand","embeddable":true,"href":"https:\/\/bicycool.pl\/index.php?rest_route=%2Fwp%2Fv2%2Fproduct_brand&post=567"},{"taxonomy":"product_cat","embeddable":true,"href":"https:\/\/bicycool.pl\/index.php?rest_route=%2Fwp%2Fv2%2Fproduct_cat&post=567"},{"taxonomy":"product_tag","embeddable":true,"href":"https:\/\/bicycool.pl\/index.php?rest_route=%2Fwp%2Fv2%2Fproduct_tag&post=567"}],"curies":[{"name":"wp","href":"https:\/\/api.w.org\/{rel}","templated":true}]}}