{"id":568,"date":"2023-11-21T16:24:03","date_gmt":"2023-11-21T15:24:03","guid":{"rendered":"https:\/\/bicycool.pl\/?post_type=product&#038;p=568"},"modified":"2025-12-22T17:35:56","modified_gmt":"2025-12-22T16:35:56","slug":"zebatka-tarcza-korby-truvativ-36t-3x9s","status":"publish","type":"product","link":"https:\/\/bicycool.pl\/?product=zebatka-tarcza-korby-truvativ-36t-3x9s","title":{"rendered":"Z\u0119batka Tarcza korby TRUVATIV 36T 3x9s"},"content":{"rendered":"<h3>Tarcza korby Shimano TRUVATIV<\/h3>\n<ul>\n<li>Ramiona: 4-ramienny<\/li>\n<li>Prze\u0142o\u017cenia: 9s<\/li>\n<li>Kolor: czarny<\/li>\n<li>Z\u0119by: 36<\/li>\n<li>Rozstaw \u015brub tarczy: 104mm<\/li>\n<\/ul>\n","protected":false},"excerpt":{"rendered":"<p>Tarcza korby Shimano TRUVATIV Ramiona: 4-ramienny Prze\u0142o\u017cenia: 9s Kolor: czarny Z\u0119by: 36 Rozstaw \u015brub tarczy: 104mm<\/p>\n","protected":false},"featured_media":569,"comment_status":"open","ping_status":"closed","template":"","meta":[],"product_brand":[],"product_cat":[15,27,145],"product_tag":[],"class_list":{"0":"post-568","1":"product","2":"type-product","3":"status-publish","4":"has-post-thumbnail","6":"product_cat-czesci","7":"product_cat-czesci-nowe","8":"product_cat-tarcze-mechanizmu-korbowego","9":"product_shipping_class-mala-paczka","11":"first","12":"instock","13":"sale","14":"shipping-taxable","15":"purchasable","16":"product-type-simple"},"_links":{"self":[{"href":"https:\/\/bicycool.pl\/index.php?rest_route=\/wp\/v2\/product\/568","targetHints":{"allow":["GET"]}}],"collection":[{"href":"https:\/\/bicycool.pl\/index.php?rest_route=\/wp\/v2\/product"}],"about":[{"href":"https:\/\/bicycool.pl\/index.php?rest_route=\/wp\/v2\/types\/product"}],"replies":[{"embeddable":true,"href":"https:\/\/bicycool.pl\/index.php?rest_route=%2Fwp%2Fv2%2Fcomments&post=568"}],"wp:featuredmedia":[{"embeddable":true,"href":"https:\/\/bicycool.pl\/index.php?rest_route=\/wp\/v2\/media\/569"}],"wp:attachment":[{"href":"https:\/\/bicycool.pl\/index.php?rest_route=%2Fwp%2Fv2%2Fmedia&parent=568"}],"wp:term":[{"taxonomy":"product_brand","embeddable":true,"href":"https:\/\/bicycool.pl\/index.php?rest_route=%2Fwp%2Fv2%2Fproduct_brand&post=568"},{"taxonomy":"product_cat","embeddable":true,"href":"https:\/\/bicycool.pl\/index.php?rest_route=%2Fwp%2Fv2%2Fproduct_cat&post=568"},{"taxonomy":"product_tag","embeddable":true,"href":"https:\/\/bicycool.pl\/index.php?rest_route=%2Fwp%2Fv2%2Fproduct_tag&post=568"}],"curies":[{"name":"wp","href":"https:\/\/api.w.org\/{rel}","templated":true}]}}