{"id":570,"date":"2023-11-23T12:59:46","date_gmt":"2023-11-23T11:59:46","guid":{"rendered":"https:\/\/bicycool.pl\/?post_type=product&#038;p=570"},"modified":"2023-11-23T13:51:25","modified_gmt":"2023-11-23T12:51:25","slug":"lancuch-shimano-xtr-cn-m9100","status":"publish","type":"product","link":"https:\/\/bicycool.pl\/?product=lancuch-shimano-xtr-cn-m9100","title":{"rendered":"\u0141a\u0144cuch Shimano XTR CN-M9100 12s"},"content":{"rendered":"<h3>\u0141a\u0144cuch Shimano XTR CN-M9100<\/h3>\n<ul>\n<li>Pewniejsze utrzymywanie \u0142a\u0144cucha na z\u0119bach tarczy mechanizmu korbowego i kasety z\u0119batek<\/li>\n<li>P\u0142ynniejsza jazda nawet w nier\u00f3wnym terenie<\/li>\n<li>Poprawiona wydajno\u015b\u0107 zmiany prze\u0142o\u017ce\u0144<\/li>\n<li>\u0141atwe \u0142\u0105czenie \u0141a\u0144cuch 12 rz\u0119dowy<\/li>\n<li>Powierzchnia pokryta SIL-TEC<\/li>\n<li>126 ogniw<\/li>\n<li>W zestawie spinka<\/li>\n<\/ul>\n","protected":false},"excerpt":{"rendered":"<p>\u0141a\u0144cuch Shimano XTR CN-M9100 Pewniejsze utrzymywanie \u0142a\u0144cucha na z\u0119bach tarczy mechanizmu korbowego i kasety z\u0119batek P\u0142ynniejsza jazda nawet w nier\u00f3wnym terenie Poprawiona wydajno\u015b\u0107 zmiany prze\u0142o\u017ce\u0144 \u0141atwe \u0142\u0105czenie \u0141a\u0144cuch 12 rz\u0119dowy Powierzchnia pokryta SIL-TEC 126 ogniw W zestawie spinka<\/p>\n","protected":false},"featured_media":571,"comment_status":"open","ping_status":"closed","template":"","meta":[],"product_brand":[],"product_cat":[15,27,159],"product_tag":[155],"class_list":{"0":"post-570","1":"product","2":"type-product","3":"status-publish","4":"has-post-thumbnail","6":"product_cat-czesci","7":"product_cat-czesci-nowe","8":"product_cat-lancuchy","9":"product_tag-lancuch-xtr","10":"product_shipping_class-mala-paczka","12":"first","13":"instock","14":"sale","15":"shipping-taxable","16":"purchasable","17":"product-type-simple"},"_links":{"self":[{"href":"https:\/\/bicycool.pl\/index.php?rest_route=\/wp\/v2\/product\/570","targetHints":{"allow":["GET"]}}],"collection":[{"href":"https:\/\/bicycool.pl\/index.php?rest_route=\/wp\/v2\/product"}],"about":[{"href":"https:\/\/bicycool.pl\/index.php?rest_route=\/wp\/v2\/types\/product"}],"replies":[{"embeddable":true,"href":"https:\/\/bicycool.pl\/index.php?rest_route=%2Fwp%2Fv2%2Fcomments&post=570"}],"wp:featuredmedia":[{"embeddable":true,"href":"https:\/\/bicycool.pl\/index.php?rest_route=\/wp\/v2\/media\/571"}],"wp:attachment":[{"href":"https:\/\/bicycool.pl\/index.php?rest_route=%2Fwp%2Fv2%2Fmedia&parent=570"}],"wp:term":[{"taxonomy":"product_brand","embeddable":true,"href":"https:\/\/bicycool.pl\/index.php?rest_route=%2Fwp%2Fv2%2Fproduct_brand&post=570"},{"taxonomy":"product_cat","embeddable":true,"href":"https:\/\/bicycool.pl\/index.php?rest_route=%2Fwp%2Fv2%2Fproduct_cat&post=570"},{"taxonomy":"product_tag","embeddable":true,"href":"https:\/\/bicycool.pl\/index.php?rest_route=%2Fwp%2Fv2%2Fproduct_tag&post=570"}],"curies":[{"name":"wp","href":"https:\/\/api.w.org\/{rel}","templated":true}]}}