{"id":572,"date":"2023-11-23T13:04:27","date_gmt":"2023-11-23T12:04:27","guid":{"rendered":"https:\/\/bicycool.pl\/?post_type=product&#038;p=572"},"modified":"2023-11-23T13:52:00","modified_gmt":"2023-11-23T12:52:00","slug":"lancuch-shimano-slx-cn-m7100","status":"publish","type":"product","link":"https:\/\/bicycool.pl\/?product=lancuch-shimano-slx-cn-m7100","title":{"rendered":"\u0141a\u0144cuch Shimano SLX CN-M7100 12s"},"content":{"rendered":"<h3>\u0141a\u0144cuch Shimano SLX CN-M7100<\/h3>\n<ul>\n<li>12-rz\u0119dowy<\/li>\n<li>HYPERGLIDE+<\/li>\n<li>SIL-TEC<\/li>\n<li>\u0142a\u0144cuch MTB<\/li>\n<\/ul>\n<div class=\"cmp-itemlist-accordion\">\n<div class=\"cmp-itemlist-accordion__accordion-section cmp-itemlist-accordion__accordion-section--is-opened\">\n<div class=\"cmp-itemlist-accordion__contents\" data-starting-height=\"28\" data-final-height=\"76.78125\">\n<p class=\"cmp-product-info__long-description\">\u0141a\u0144cuch M7100 ma p\u0142ytk\u0119 wewn\u0119trzn\u0105 z wyd\u0142u\u017con\u0105 ko\u0144c\u00f3wk\u0105 zapewniaj\u0105c\u0105 jego lepsze trzymanie. W nowym \u0142a\u0144cuchu zastosowano ogniwa QUICK-LINK oraz pow\u0142ok\u0119 SIL-TEC, aby zwi\u0119kszy\u0107 trwa\u0142o\u015b\u0107 podczas intensywnej jazdy w terenie.<\/p>\n<\/div>\n<\/div>\n<\/div>\n","protected":false},"excerpt":{"rendered":"<p>\u0141a\u0144cuch Shimano SLX CN-M7100 12-rz\u0119dowy HYPERGLIDE+ SIL-TEC \u0142a\u0144cuch MTB \u0141a\u0144cuch M7100 ma p\u0142ytk\u0119 wewn\u0119trzn\u0105 z wyd\u0142u\u017con\u0105 ko\u0144c\u00f3wk\u0105 zapewniaj\u0105c\u0105 jego lepsze trzymanie. W nowym \u0142a\u0144cuchu zastosowano ogniwa QUICK-LINK oraz pow\u0142ok\u0119 SIL-TEC, aby zwi\u0119kszy\u0107 trwa\u0142o\u015b\u0107 podczas intensywnej jazdy w terenie.<\/p>\n","protected":false},"featured_media":571,"comment_status":"open","ping_status":"closed","template":"","meta":[],"product_brand":[],"product_cat":[15,27,159],"product_tag":[158],"class_list":{"0":"post-572","1":"product","2":"type-product","3":"status-publish","4":"has-post-thumbnail","6":"product_cat-czesci","7":"product_cat-czesci-nowe","8":"product_cat-lancuchy","9":"product_tag-slx","10":"product_shipping_class-mala-paczka","12":"first","13":"instock","14":"shipping-taxable","15":"purchasable","16":"product-type-simple"},"_links":{"self":[{"href":"https:\/\/bicycool.pl\/index.php?rest_route=\/wp\/v2\/product\/572","targetHints":{"allow":["GET"]}}],"collection":[{"href":"https:\/\/bicycool.pl\/index.php?rest_route=\/wp\/v2\/product"}],"about":[{"href":"https:\/\/bicycool.pl\/index.php?rest_route=\/wp\/v2\/types\/product"}],"replies":[{"embeddable":true,"href":"https:\/\/bicycool.pl\/index.php?rest_route=%2Fwp%2Fv2%2Fcomments&post=572"}],"wp:featuredmedia":[{"embeddable":true,"href":"https:\/\/bicycool.pl\/index.php?rest_route=\/wp\/v2\/media\/571"}],"wp:attachment":[{"href":"https:\/\/bicycool.pl\/index.php?rest_route=%2Fwp%2Fv2%2Fmedia&parent=572"}],"wp:term":[{"taxonomy":"product_brand","embeddable":true,"href":"https:\/\/bicycool.pl\/index.php?rest_route=%2Fwp%2Fv2%2Fproduct_brand&post=572"},{"taxonomy":"product_cat","embeddable":true,"href":"https:\/\/bicycool.pl\/index.php?rest_route=%2Fwp%2Fv2%2Fproduct_cat&post=572"},{"taxonomy":"product_tag","embeddable":true,"href":"https:\/\/bicycool.pl\/index.php?rest_route=%2Fwp%2Fv2%2Fproduct_tag&post=572"}],"curies":[{"name":"wp","href":"https:\/\/api.w.org\/{rel}","templated":true}]}}