{"id":579,"date":"2023-11-23T13:36:12","date_gmt":"2023-11-23T12:36:12","guid":{"rendered":"https:\/\/bicycool.pl\/?post_type=product&#038;p=579"},"modified":"2023-11-23T13:52:54","modified_gmt":"2023-11-23T12:52:54","slug":"lancuch-shimano-ultegra-xt-cn-hg701-11-11s","status":"publish","type":"product","link":"https:\/\/bicycool.pl\/?product=lancuch-shimano-ultegra-xt-cn-hg701-11-11s","title":{"rendered":"\u0141a\u0144cuch Shimano ULTEGRA XT CN-HG701-11 11s"},"content":{"rendered":"<h3>\u0141a\u0144cuch Shimano ULTEGRA XT CN-HG701-11<\/h3>\n<p><strong>Najwa\u017cniejsze informacje:<\/strong><\/p>\n<ul>\n<li>przeznaczony do nap\u0119d\u00f3w 11 rz\u0119dowych<\/li>\n<li>zapewnia p\u0142ynn\u0105 i niezawodn\u0105 zmian\u0119 prze\u0142o\u017ce\u0144<\/li>\n<li>wzmocniony do zastosowania w rowerach ze wspomaganiem elektrycznym<\/li>\n<li>pow\u0142oka SIL-TEC (obni\u017ca opory toczenia oraz ha\u0142asy podczas jazdy)<\/li>\n<\/ul>\n<p>&nbsp;<\/p>\n<p><strong>\u0141a\u0144cuch SHIMANO Ultegra \/ XT (CN-HG701-11)<\/strong>\u00a0to \u0142a\u0144cuch kompatybilny z 11-rz\u0119dowymi uk\u0142adami nap\u0119dowymi w rowerach szosowych, MTB i E-BIKE.<\/p>\n<p>&nbsp;<\/p>\n","protected":false},"excerpt":{"rendered":"<p>\u0141a\u0144cuch Shimano ULTEGRA XT CN-HG701-11 Najwa\u017cniejsze informacje: przeznaczony do nap\u0119d\u00f3w 11 rz\u0119dowych zapewnia p\u0142ynn\u0105 i niezawodn\u0105 zmian\u0119 prze\u0142o\u017ce\u0144 wzmocniony do zastosowania w rowerach ze wspomaganiem elektrycznym pow\u0142oka SIL-TEC (obni\u017ca opory toczenia oraz ha\u0142asy podczas jazdy) &nbsp; \u0141a\u0144cuch SHIMANO Ultegra \/ XT (CN-HG701-11)\u00a0to \u0142a\u0144cuch kompatybilny z 11-rz\u0119dowymi uk\u0142adami nap\u0119dowymi w rowerach szosowych, MTB i E-BIKE. &nbsp;<\/p>\n","protected":false},"featured_media":580,"comment_status":"open","ping_status":"closed","template":"","meta":[],"product_brand":[],"product_cat":[15,27,159],"product_tag":[156,157],"class_list":{"0":"post-579","1":"product","2":"type-product","3":"status-publish","4":"has-post-thumbnail","6":"product_cat-czesci","7":"product_cat-czesci-nowe","8":"product_cat-lancuchy","9":"product_tag-ultegra","10":"product_tag-xt","11":"product_shipping_class-mala-paczka","13":"first","14":"instock","15":"sale","16":"shipping-taxable","17":"purchasable","18":"product-type-simple"},"_links":{"self":[{"href":"https:\/\/bicycool.pl\/index.php?rest_route=\/wp\/v2\/product\/579","targetHints":{"allow":["GET"]}}],"collection":[{"href":"https:\/\/bicycool.pl\/index.php?rest_route=\/wp\/v2\/product"}],"about":[{"href":"https:\/\/bicycool.pl\/index.php?rest_route=\/wp\/v2\/types\/product"}],"replies":[{"embeddable":true,"href":"https:\/\/bicycool.pl\/index.php?rest_route=%2Fwp%2Fv2%2Fcomments&post=579"}],"wp:featuredmedia":[{"embeddable":true,"href":"https:\/\/bicycool.pl\/index.php?rest_route=\/wp\/v2\/media\/580"}],"wp:attachment":[{"href":"https:\/\/bicycool.pl\/index.php?rest_route=%2Fwp%2Fv2%2Fmedia&parent=579"}],"wp:term":[{"taxonomy":"product_brand","embeddable":true,"href":"https:\/\/bicycool.pl\/index.php?rest_route=%2Fwp%2Fv2%2Fproduct_brand&post=579"},{"taxonomy":"product_cat","embeddable":true,"href":"https:\/\/bicycool.pl\/index.php?rest_route=%2Fwp%2Fv2%2Fproduct_cat&post=579"},{"taxonomy":"product_tag","embeddable":true,"href":"https:\/\/bicycool.pl\/index.php?rest_route=%2Fwp%2Fv2%2Fproduct_tag&post=579"}],"curies":[{"name":"wp","href":"https:\/\/api.w.org\/{rel}","templated":true}]}}