{"id":581,"date":"2023-11-23T13:42:29","date_gmt":"2023-11-23T12:42:29","guid":{"rendered":"https:\/\/bicycool.pl\/?post_type=product&#038;p=581"},"modified":"2025-12-22T17:35:24","modified_gmt":"2025-12-22T16:35:24","slug":"lancuch-shimano-dura-ace-utegra-105-cn-6701-10s","status":"publish","type":"product","link":"https:\/\/bicycool.pl\/?product=lancuch-shimano-dura-ace-utegra-105-cn-6701-10s","title":{"rendered":"\u0141a\u0144cuch Shimano DURA-ACE UTEGRA 105 CN-6701 10s"},"content":{"rendered":"<h3>\u0141a\u0144cuch Shimano DURA-ACE UTEGRA 105 CN-6701<\/h3>\n<p class=\"TbPoz\">Ilo\u015b\u0107 rz\u0119d\u00f3w: 10<\/p>\n<p class=\"TbPoz\">W zestawie: Pin do \u0142\u0105czenia \u0142a\u0144cucha<\/p>\n<p class=\"TbPoz\">Ilo\u015b\u0107 ogniw: 114<\/p>\n<p class=\"TbPoz\">Kompatybilno\u015b\u0107: 10 rz\u0119dowe nap\u0119dy Shimano: Dura-Ace, Ultegra, 105<\/p>\n<p class=\"TbPoz\">Typ: Hyper Glide<\/p>\n","protected":false},"excerpt":{"rendered":"<p>\u0141a\u0144cuch Shimano DURA-ACE UTEGRA 105 CN-6701 Ilo\u015b\u0107 rz\u0119d\u00f3w: 10 W zestawie: Pin do \u0142\u0105czenia \u0142a\u0144cucha Ilo\u015b\u0107 ogniw: 114 Kompatybilno\u015b\u0107: 10 rz\u0119dowe nap\u0119dy Shimano: Dura-Ace, Ultegra, 105 Typ: Hyper Glide<\/p>\n","protected":false},"featured_media":582,"comment_status":"open","ping_status":"closed","template":"","meta":[],"product_brand":[],"product_cat":[15,27,159],"product_tag":[],"class_list":{"0":"post-581","1":"product","2":"type-product","3":"status-publish","4":"has-post-thumbnail","6":"product_cat-czesci","7":"product_cat-czesci-nowe","8":"product_cat-lancuchy","9":"product_shipping_class-mala-paczka","11":"first","12":"instock","13":"shipping-taxable","14":"purchasable","15":"product-type-simple"},"_links":{"self":[{"href":"https:\/\/bicycool.pl\/index.php?rest_route=\/wp\/v2\/product\/581","targetHints":{"allow":["GET"]}}],"collection":[{"href":"https:\/\/bicycool.pl\/index.php?rest_route=\/wp\/v2\/product"}],"about":[{"href":"https:\/\/bicycool.pl\/index.php?rest_route=\/wp\/v2\/types\/product"}],"replies":[{"embeddable":true,"href":"https:\/\/bicycool.pl\/index.php?rest_route=%2Fwp%2Fv2%2Fcomments&post=581"}],"wp:featuredmedia":[{"embeddable":true,"href":"https:\/\/bicycool.pl\/index.php?rest_route=\/wp\/v2\/media\/582"}],"wp:attachment":[{"href":"https:\/\/bicycool.pl\/index.php?rest_route=%2Fwp%2Fv2%2Fmedia&parent=581"}],"wp:term":[{"taxonomy":"product_brand","embeddable":true,"href":"https:\/\/bicycool.pl\/index.php?rest_route=%2Fwp%2Fv2%2Fproduct_brand&post=581"},{"taxonomy":"product_cat","embeddable":true,"href":"https:\/\/bicycool.pl\/index.php?rest_route=%2Fwp%2Fv2%2Fproduct_cat&post=581"},{"taxonomy":"product_tag","embeddable":true,"href":"https:\/\/bicycool.pl\/index.php?rest_route=%2Fwp%2Fv2%2Fproduct_tag&post=581"}],"curies":[{"name":"wp","href":"https:\/\/api.w.org\/{rel}","templated":true}]}}