{"id":592,"date":"2023-11-23T14:39:46","date_gmt":"2023-11-23T13:39:46","guid":{"rendered":"https:\/\/bicycool.pl\/?post_type=product&#038;p=592"},"modified":"2023-11-23T14:44:55","modified_gmt":"2023-11-23T13:44:55","slug":"lancuch-shimano-deore-cn-hg53-9s","status":"publish","type":"product","link":"https:\/\/bicycool.pl\/?product=lancuch-shimano-deore-cn-hg53-9s","title":{"rendered":"\u0141a\u0144cuch Shimano DEORE CN-HG53 9s"},"content":{"rendered":"<h3>\u0141a\u0144cuch Shimano DEORE CN-HG53 9s<\/h3>\n<ul>\n<li>\u0141a\u0144cuch rowerowy: 9-rz\u0119dowy<\/li>\n<li>Model: CN-HG53<\/li>\n<li>Ilo\u015b\u0107 ogniw: 114<\/li>\n<\/ul>\n","protected":false},"excerpt":{"rendered":"<p>\u0141a\u0144cuch Shimano DEORE CN-HG53 9s \u0141a\u0144cuch rowerowy: 9-rz\u0119dowy Model: CN-HG53 Ilo\u015b\u0107 ogniw: 114<\/p>\n","protected":false},"featured_media":593,"comment_status":"open","ping_status":"closed","template":"","meta":[],"product_brand":[],"product_cat":[15,27,159],"product_tag":[],"class_list":{"0":"post-592","1":"product","2":"type-product","3":"status-publish","4":"has-post-thumbnail","6":"product_cat-czesci","7":"product_cat-czesci-nowe","8":"product_cat-lancuchy","9":"product_shipping_class-mala-paczka","11":"first","12":"instock","13":"sale","14":"shipping-taxable","15":"purchasable","16":"product-type-simple"},"_links":{"self":[{"href":"https:\/\/bicycool.pl\/index.php?rest_route=\/wp\/v2\/product\/592","targetHints":{"allow":["GET"]}}],"collection":[{"href":"https:\/\/bicycool.pl\/index.php?rest_route=\/wp\/v2\/product"}],"about":[{"href":"https:\/\/bicycool.pl\/index.php?rest_route=\/wp\/v2\/types\/product"}],"replies":[{"embeddable":true,"href":"https:\/\/bicycool.pl\/index.php?rest_route=%2Fwp%2Fv2%2Fcomments&post=592"}],"wp:featuredmedia":[{"embeddable":true,"href":"https:\/\/bicycool.pl\/index.php?rest_route=\/wp\/v2\/media\/593"}],"wp:attachment":[{"href":"https:\/\/bicycool.pl\/index.php?rest_route=%2Fwp%2Fv2%2Fmedia&parent=592"}],"wp:term":[{"taxonomy":"product_brand","embeddable":true,"href":"https:\/\/bicycool.pl\/index.php?rest_route=%2Fwp%2Fv2%2Fproduct_brand&post=592"},{"taxonomy":"product_cat","embeddable":true,"href":"https:\/\/bicycool.pl\/index.php?rest_route=%2Fwp%2Fv2%2Fproduct_cat&post=592"},{"taxonomy":"product_tag","embeddable":true,"href":"https:\/\/bicycool.pl\/index.php?rest_route=%2Fwp%2Fv2%2Fproduct_tag&post=592"}],"curies":[{"name":"wp","href":"https:\/\/api.w.org\/{rel}","templated":true}]}}