{"id":594,"date":"2023-11-23T14:45:22","date_gmt":"2023-11-23T13:45:22","guid":{"rendered":"https:\/\/bicycool.pl\/?post_type=product&#038;p=594"},"modified":"2023-11-23T14:53:04","modified_gmt":"2023-11-23T13:53:04","slug":"lancuch-shimano-nexus-cn-nx10","status":"publish","type":"product","link":"https:\/\/bicycool.pl\/?product=lancuch-shimano-nexus-cn-nx10","title":{"rendered":"\u0141a\u0144cuch Shimano NEXUS CN-NX10"},"content":{"rendered":"<h3>\u0141a\u0144cuch Shimano NEXUS CN-NX10<\/h3>\n<ul>\n<li>Model: CN-NX10<\/li>\n<li>D\u0142ugo\u015b\u0107 \u0142a\u0144cucha: 114 ogniw<\/li>\n<li>Przeznaczenie: Nap\u0119dy jednorz\u0119dowe<\/li>\n<li>\u0141a\u0144cuch z grupy Shimano NEXUS przeznaczony do nap\u0119d\u00f3w 1-rz\u0119dowych.<\/li>\n<li>Idealnie nadaje si\u0119 do rower\u00f3w wyposa\u017conych w piast\u0119 z wewn\u0119trznym prze\u0142o\u017ceniem.<\/li>\n<li>W komplecie znajduje si\u0119 pin do zakucia \u0142a\u0144cucha podczas jego monta\u017cu.<\/li>\n<\/ul>\n","protected":false},"excerpt":{"rendered":"<p>\u0141a\u0144cuch Shimano NEXUS CN-NX10 Model: CN-NX10 D\u0142ugo\u015b\u0107 \u0142a\u0144cucha: 114 ogniw Przeznaczenie: Nap\u0119dy jednorz\u0119dowe \u0141a\u0144cuch z grupy Shimano NEXUS przeznaczony do nap\u0119d\u00f3w 1-rz\u0119dowych. Idealnie nadaje si\u0119 do rower\u00f3w wyposa\u017conych w piast\u0119 z wewn\u0119trznym prze\u0142o\u017ceniem. W komplecie znajduje si\u0119 pin do zakucia \u0142a\u0144cucha podczas jego monta\u017cu.<\/p>\n","protected":false},"featured_media":595,"comment_status":"open","ping_status":"closed","template":"","meta":[],"product_brand":[],"product_cat":[15,27,159],"product_tag":[],"class_list":{"0":"post-594","1":"product","2":"type-product","3":"status-publish","4":"has-post-thumbnail","6":"product_cat-czesci","7":"product_cat-czesci-nowe","8":"product_cat-lancuchy","9":"product_shipping_class-mala-paczka","11":"first","12":"instock","13":"sale","14":"shipping-taxable","15":"purchasable","16":"product-type-simple"},"_links":{"self":[{"href":"https:\/\/bicycool.pl\/index.php?rest_route=\/wp\/v2\/product\/594","targetHints":{"allow":["GET"]}}],"collection":[{"href":"https:\/\/bicycool.pl\/index.php?rest_route=\/wp\/v2\/product"}],"about":[{"href":"https:\/\/bicycool.pl\/index.php?rest_route=\/wp\/v2\/types\/product"}],"replies":[{"embeddable":true,"href":"https:\/\/bicycool.pl\/index.php?rest_route=%2Fwp%2Fv2%2Fcomments&post=594"}],"wp:featuredmedia":[{"embeddable":true,"href":"https:\/\/bicycool.pl\/index.php?rest_route=\/wp\/v2\/media\/595"}],"wp:attachment":[{"href":"https:\/\/bicycool.pl\/index.php?rest_route=%2Fwp%2Fv2%2Fmedia&parent=594"}],"wp:term":[{"taxonomy":"product_brand","embeddable":true,"href":"https:\/\/bicycool.pl\/index.php?rest_route=%2Fwp%2Fv2%2Fproduct_brand&post=594"},{"taxonomy":"product_cat","embeddable":true,"href":"https:\/\/bicycool.pl\/index.php?rest_route=%2Fwp%2Fv2%2Fproduct_cat&post=594"},{"taxonomy":"product_tag","embeddable":true,"href":"https:\/\/bicycool.pl\/index.php?rest_route=%2Fwp%2Fv2%2Fproduct_tag&post=594"}],"curies":[{"name":"wp","href":"https:\/\/api.w.org\/{rel}","templated":true}]}}