{"id":609,"date":"2023-11-28T10:57:21","date_gmt":"2023-11-28T09:57:21","guid":{"rendered":"https:\/\/bicycool.pl\/?post_type=product&#038;p=609"},"modified":"2023-11-28T12:48:25","modified_gmt":"2023-11-28T11:48:25","slug":"koszyki-na-bidon-bontrager-triathlon-tt-do-siodelka","status":"publish","type":"product","link":"https:\/\/bicycool.pl\/?product=koszyki-na-bidon-bontrager-triathlon-tt-do-siodelka","title":{"rendered":"Koszyki na bidon BONTRAGER Triathlon TT do siode\u0142ka"},"content":{"rendered":"<h3>Koszyki na bidony BONTRAGER<\/h3>\n<ul>\n<li>Monta\u017c na pr\u0119ty siode\u0142ka<\/li>\n<li>Dwa miejsca na bidony<\/li>\n<li>Dodatkowe miejsce z rozstawem\u00a0 pod koszyk (np. na pompk\u0119)<\/li>\n<\/ul>\n","protected":false},"excerpt":{"rendered":"<p>Koszyki na bidony BONTRAGER Monta\u017c na pr\u0119ty siode\u0142ka Dwa miejsca na bidony Dodatkowe miejsce z rozstawem\u00a0 pod koszyk (np. na pompk\u0119)<\/p>\n","protected":false},"featured_media":611,"comment_status":"open","ping_status":"closed","template":"","meta":[],"product_brand":[],"product_cat":[29,160,85,163],"product_tag":[],"class_list":{"0":"post-609","1":"product","2":"type-product","3":"status-publish","4":"has-post-thumbnail","6":"product_cat-akcesoria","7":"product_cat-bidony","8":"product_cat-outlet","9":"product_cat-triathlon","10":"product_shipping_class-mala-paczka","12":"first","13":"instock","14":"sale","15":"shipping-taxable","16":"purchasable","17":"product-type-simple"},"_links":{"self":[{"href":"https:\/\/bicycool.pl\/index.php?rest_route=\/wp\/v2\/product\/609","targetHints":{"allow":["GET"]}}],"collection":[{"href":"https:\/\/bicycool.pl\/index.php?rest_route=\/wp\/v2\/product"}],"about":[{"href":"https:\/\/bicycool.pl\/index.php?rest_route=\/wp\/v2\/types\/product"}],"replies":[{"embeddable":true,"href":"https:\/\/bicycool.pl\/index.php?rest_route=%2Fwp%2Fv2%2Fcomments&post=609"}],"wp:featuredmedia":[{"embeddable":true,"href":"https:\/\/bicycool.pl\/index.php?rest_route=\/wp\/v2\/media\/611"}],"wp:attachment":[{"href":"https:\/\/bicycool.pl\/index.php?rest_route=%2Fwp%2Fv2%2Fmedia&parent=609"}],"wp:term":[{"taxonomy":"product_brand","embeddable":true,"href":"https:\/\/bicycool.pl\/index.php?rest_route=%2Fwp%2Fv2%2Fproduct_brand&post=609"},{"taxonomy":"product_cat","embeddable":true,"href":"https:\/\/bicycool.pl\/index.php?rest_route=%2Fwp%2Fv2%2Fproduct_cat&post=609"},{"taxonomy":"product_tag","embeddable":true,"href":"https:\/\/bicycool.pl\/index.php?rest_route=%2Fwp%2Fv2%2Fproduct_tag&post=609"}],"curies":[{"name":"wp","href":"https:\/\/api.w.org\/{rel}","templated":true}]}}