{"id":618,"date":"2023-11-28T11:12:36","date_gmt":"2023-11-28T10:12:36","guid":{"rendered":"https:\/\/bicycool.pl\/?post_type=product&#038;p=618"},"modified":"2023-11-28T11:16:52","modified_gmt":"2023-11-28T10:16:52","slug":"koszyki-na-butelke-multi-agua","status":"publish","type":"product","link":"https:\/\/bicycool.pl\/?product=koszyki-na-butelke-multi-agua","title":{"rendered":"Koszyki na butelk\u0119 Multi Agua"},"content":{"rendered":"<h3>Koszyk na butelk\u0119 Multi Aqua<\/h3>\n<ul>\n<li>Monta\u017c w miejsce standardowego koszyka na bidon<\/li>\n<li>Gumowa zapinka na szyjk\u0119 butelki<\/li>\n<\/ul>\n","protected":false},"excerpt":{"rendered":"<p>Koszyk na butelk\u0119 Multi Aqua Monta\u017c w miejsce standardowego koszyka na bidon Gumowa zapinka na szyjk\u0119 butelki<\/p>\n","protected":false},"featured_media":619,"comment_status":"open","ping_status":"closed","template":"","meta":[],"product_brand":[],"product_cat":[29,160,85],"product_tag":[],"class_list":{"0":"post-618","1":"product","2":"type-product","3":"status-publish","4":"has-post-thumbnail","6":"product_cat-akcesoria","7":"product_cat-bidony","8":"product_cat-outlet","9":"product_shipping_class-mala-paczka","11":"first","12":"instock","13":"sale","14":"shipping-taxable","15":"purchasable","16":"product-type-simple"},"_links":{"self":[{"href":"https:\/\/bicycool.pl\/index.php?rest_route=\/wp\/v2\/product\/618","targetHints":{"allow":["GET"]}}],"collection":[{"href":"https:\/\/bicycool.pl\/index.php?rest_route=\/wp\/v2\/product"}],"about":[{"href":"https:\/\/bicycool.pl\/index.php?rest_route=\/wp\/v2\/types\/product"}],"replies":[{"embeddable":true,"href":"https:\/\/bicycool.pl\/index.php?rest_route=%2Fwp%2Fv2%2Fcomments&post=618"}],"wp:featuredmedia":[{"embeddable":true,"href":"https:\/\/bicycool.pl\/index.php?rest_route=\/wp\/v2\/media\/619"}],"wp:attachment":[{"href":"https:\/\/bicycool.pl\/index.php?rest_route=%2Fwp%2Fv2%2Fmedia&parent=618"}],"wp:term":[{"taxonomy":"product_brand","embeddable":true,"href":"https:\/\/bicycool.pl\/index.php?rest_route=%2Fwp%2Fv2%2Fproduct_brand&post=618"},{"taxonomy":"product_cat","embeddable":true,"href":"https:\/\/bicycool.pl\/index.php?rest_route=%2Fwp%2Fv2%2Fproduct_cat&post=618"},{"taxonomy":"product_tag","embeddable":true,"href":"https:\/\/bicycool.pl\/index.php?rest_route=%2Fwp%2Fv2%2Fproduct_tag&post=618"}],"curies":[{"name":"wp","href":"https:\/\/api.w.org\/{rel}","templated":true}]}}