{"id":625,"date":"2023-11-28T11:35:58","date_gmt":"2023-11-28T10:35:58","guid":{"rendered":"https:\/\/bicycool.pl\/?post_type=product&#038;p=625"},"modified":"2023-11-28T11:40:50","modified_gmt":"2023-11-28T10:40:50","slug":"uchwyt-bidonu-topeak-cagemount","status":"publish","type":"product","link":"https:\/\/bicycool.pl\/?product=uchwyt-bidonu-topeak-cagemount","title":{"rendered":"Uchwyt bidonu Topeak Cagemount"},"content":{"rendered":"<h3>Uchwyt koszyka bidonu TOPEAK<\/h3>\n<ul>\n<li>Uniwersalny uchwyt wykonany z tworzywa do zamocowania koszyka bidonu na sztycy, ramie lub mostku.<\/li>\n<li>Uchwyt pasuje do rurek o \u015brednicy od 22 mm do 38 mm.<\/li>\n<li>Rozstaw otwor\u00f3w monta\u017cowych 65 mm.<\/li>\n<li>W komplecie znajduj\u0105 si\u0119 \u015bruby monta\u017cowe do koszyka na bidon.<\/li>\n<\/ul>\n","protected":false},"excerpt":{"rendered":"<p>Uchwyt koszyka bidonu TOPEAK Uniwersalny uchwyt wykonany z tworzywa do zamocowania koszyka bidonu na sztycy, ramie lub mostku. Uchwyt pasuje do rurek o \u015brednicy od 22 mm do 38 mm. Rozstaw otwor\u00f3w monta\u017cowych 65 mm. W komplecie znajduj\u0105 si\u0119 \u015bruby monta\u017cowe do koszyka na bidon.<\/p>\n","protected":false},"featured_media":626,"comment_status":"open","ping_status":"closed","template":"","meta":[],"product_brand":[],"product_cat":[29,160],"product_tag":[],"class_list":{"0":"post-625","1":"product","2":"type-product","3":"status-publish","4":"has-post-thumbnail","6":"product_cat-akcesoria","7":"product_cat-bidony","8":"product_shipping_class-mala-paczka","10":"first","11":"instock","12":"shipping-taxable","13":"purchasable","14":"product-type-simple"},"_links":{"self":[{"href":"https:\/\/bicycool.pl\/index.php?rest_route=\/wp\/v2\/product\/625","targetHints":{"allow":["GET"]}}],"collection":[{"href":"https:\/\/bicycool.pl\/index.php?rest_route=\/wp\/v2\/product"}],"about":[{"href":"https:\/\/bicycool.pl\/index.php?rest_route=\/wp\/v2\/types\/product"}],"replies":[{"embeddable":true,"href":"https:\/\/bicycool.pl\/index.php?rest_route=%2Fwp%2Fv2%2Fcomments&post=625"}],"wp:featuredmedia":[{"embeddable":true,"href":"https:\/\/bicycool.pl\/index.php?rest_route=\/wp\/v2\/media\/626"}],"wp:attachment":[{"href":"https:\/\/bicycool.pl\/index.php?rest_route=%2Fwp%2Fv2%2Fmedia&parent=625"}],"wp:term":[{"taxonomy":"product_brand","embeddable":true,"href":"https:\/\/bicycool.pl\/index.php?rest_route=%2Fwp%2Fv2%2Fproduct_brand&post=625"},{"taxonomy":"product_cat","embeddable":true,"href":"https:\/\/bicycool.pl\/index.php?rest_route=%2Fwp%2Fv2%2Fproduct_cat&post=625"},{"taxonomy":"product_tag","embeddable":true,"href":"https:\/\/bicycool.pl\/index.php?rest_route=%2Fwp%2Fv2%2Fproduct_tag&post=625"}],"curies":[{"name":"wp","href":"https:\/\/api.w.org\/{rel}","templated":true}]}}