{"id":633,"date":"2023-11-28T11:50:01","date_gmt":"2023-11-28T10:50:01","guid":{"rendered":"https:\/\/bicycool.pl\/?post_type=product&#038;p=633"},"modified":"2023-11-28T11:56:20","modified_gmt":"2023-11-28T10:56:20","slug":"mocowanie-na-kierownice-lezyne-gps","status":"publish","type":"product","link":"https:\/\/bicycool.pl\/?product=mocowanie-na-kierownice-lezyne-gps","title":{"rendered":"Mocowanie na kierownic\u0119 LEZYNE GPS"},"content":{"rendered":"<h3 class=\"Product_product-title__BALAQ\">Mocowanie na kierownic\u0119 Lezyne GPS<\/h3>\n<ul>\n<li>Mocowanie na kierownic\u0119<\/li>\n<li>Kompozytowa konstrukcja<\/li>\n<li>Uchwyt X-Lock<\/li>\n<li>Pasuje do kierownic o \u015brednicy 31,8 mm<\/li>\n<\/ul>\n","protected":false},"excerpt":{"rendered":"<p>Mocowanie na kierownic\u0119 Lezyne GPS Mocowanie na kierownic\u0119 Kompozytowa konstrukcja Uchwyt X-Lock Pasuje do kierownic o \u015brednicy 31,8 mm<\/p>\n","protected":false},"featured_media":634,"comment_status":"open","ping_status":"closed","template":"","meta":[],"product_brand":[],"product_cat":[29,111,85],"product_tag":[],"class_list":{"0":"post-633","1":"product","2":"type-product","3":"status-publish","4":"has-post-thumbnail","6":"product_cat-akcesoria","7":"product_cat-liczniki","8":"product_cat-outlet","9":"product_shipping_class-mala-paczka","11":"first","12":"instock","13":"sale","14":"shipping-taxable","15":"purchasable","16":"product-type-simple"},"_links":{"self":[{"href":"https:\/\/bicycool.pl\/index.php?rest_route=\/wp\/v2\/product\/633","targetHints":{"allow":["GET"]}}],"collection":[{"href":"https:\/\/bicycool.pl\/index.php?rest_route=\/wp\/v2\/product"}],"about":[{"href":"https:\/\/bicycool.pl\/index.php?rest_route=\/wp\/v2\/types\/product"}],"replies":[{"embeddable":true,"href":"https:\/\/bicycool.pl\/index.php?rest_route=%2Fwp%2Fv2%2Fcomments&post=633"}],"wp:featuredmedia":[{"embeddable":true,"href":"https:\/\/bicycool.pl\/index.php?rest_route=\/wp\/v2\/media\/634"}],"wp:attachment":[{"href":"https:\/\/bicycool.pl\/index.php?rest_route=%2Fwp%2Fv2%2Fmedia&parent=633"}],"wp:term":[{"taxonomy":"product_brand","embeddable":true,"href":"https:\/\/bicycool.pl\/index.php?rest_route=%2Fwp%2Fv2%2Fproduct_brand&post=633"},{"taxonomy":"product_cat","embeddable":true,"href":"https:\/\/bicycool.pl\/index.php?rest_route=%2Fwp%2Fv2%2Fproduct_cat&post=633"},{"taxonomy":"product_tag","embeddable":true,"href":"https:\/\/bicycool.pl\/index.php?rest_route=%2Fwp%2Fv2%2Fproduct_tag&post=633"}],"curies":[{"name":"wp","href":"https:\/\/api.w.org\/{rel}","templated":true}]}}