{"id":636,"date":"2023-11-28T12:09:27","date_gmt":"2023-11-28T11:09:27","guid":{"rendered":"https:\/\/bicycool.pl\/?post_type=product&#038;p=636"},"modified":"2023-11-28T12:13:44","modified_gmt":"2023-11-28T11:13:44","slug":"uchwyt-na-kierownice-k-edge-garmin","status":"publish","type":"product","link":"https:\/\/bicycool.pl\/?product=uchwyt-na-kierownice-k-edge-garmin","title":{"rendered":"Uchwyt na kierownic\u0119 K-EDGE Garmin"},"content":{"rendered":"<h3 class=\"Product_product-title__BALAQ\">Uchwyt na kierownic\u0119 K-EDGE<\/h3>\n<ul>\n<li>Mocowanie na kierownic\u0119<\/li>\n<li>Aluminiowa konstrukcja<\/li>\n<li>Kompatybilny z Garmin<\/li>\n<li>Pasuje do kierownic o \u015brednicy 31,8 mm<\/li>\n<li><strong>Produkt u\u017cywany w bdb stanie<\/strong><\/li>\n<\/ul>\n","protected":false},"excerpt":{"rendered":"<p>Uchwyt na kierownic\u0119 K-EDGE Mocowanie na kierownic\u0119 Aluminiowa konstrukcja Kompatybilny z Garmin Pasuje do kierownic o \u015brednicy 31,8 mm Produkt u\u017cywany w bdb stanie<\/p>\n","protected":false},"featured_media":638,"comment_status":"open","ping_status":"closed","template":"","meta":[],"product_brand":[],"product_cat":[28,85],"product_tag":[],"class_list":{"0":"post-636","1":"product","2":"type-product","3":"status-publish","4":"has-post-thumbnail","6":"product_cat-czesci-i-akcesoria-uzywane","7":"product_cat-outlet","8":"product_shipping_class-mala-paczka","10":"first","11":"instock","12":"shipping-taxable","13":"purchasable","14":"product-type-simple"},"_links":{"self":[{"href":"https:\/\/bicycool.pl\/index.php?rest_route=\/wp\/v2\/product\/636","targetHints":{"allow":["GET"]}}],"collection":[{"href":"https:\/\/bicycool.pl\/index.php?rest_route=\/wp\/v2\/product"}],"about":[{"href":"https:\/\/bicycool.pl\/index.php?rest_route=\/wp\/v2\/types\/product"}],"replies":[{"embeddable":true,"href":"https:\/\/bicycool.pl\/index.php?rest_route=%2Fwp%2Fv2%2Fcomments&post=636"}],"wp:featuredmedia":[{"embeddable":true,"href":"https:\/\/bicycool.pl\/index.php?rest_route=\/wp\/v2\/media\/638"}],"wp:attachment":[{"href":"https:\/\/bicycool.pl\/index.php?rest_route=%2Fwp%2Fv2%2Fmedia&parent=636"}],"wp:term":[{"taxonomy":"product_brand","embeddable":true,"href":"https:\/\/bicycool.pl\/index.php?rest_route=%2Fwp%2Fv2%2Fproduct_brand&post=636"},{"taxonomy":"product_cat","embeddable":true,"href":"https:\/\/bicycool.pl\/index.php?rest_route=%2Fwp%2Fv2%2Fproduct_cat&post=636"},{"taxonomy":"product_tag","embeddable":true,"href":"https:\/\/bicycool.pl\/index.php?rest_route=%2Fwp%2Fv2%2Fproduct_tag&post=636"}],"curies":[{"name":"wp","href":"https:\/\/api.w.org\/{rel}","templated":true}]}}