{"id":640,"date":"2023-11-28T12:17:07","date_gmt":"2023-11-28T11:17:07","guid":{"rendered":"https:\/\/bicycool.pl\/?post_type=product&#038;p=640"},"modified":"2024-12-06T15:23:14","modified_gmt":"2024-12-06T14:23:14","slug":"podkladki-carbon-pro-351015mm-a-head-1","status":"publish","type":"product","link":"https:\/\/bicycool.pl\/?product=podkladki-carbon-pro-351015mm-a-head-1","title":{"rendered":"Podk\u0142adki Carbon PRO 3,5,10,15mm A-HEAD 1&#8243;"},"content":{"rendered":"<h3 class=\"Product_product-title__BALAQ\">Podk\u0142adki pod mostek PRO<\/h3>\n<ul>\n<li>Materia\u0142 &#8211; Carbon<\/li>\n<li>Rozmiar &#8211; <strong>1&#8243;<\/strong><\/li>\n<li>4 wysoko\u015bci w zestawie<\/li>\n<li>Wysoko\u015bci &#8211; 3mm, 5mm, 10mm, 15mm<\/li>\n<\/ul>\n","protected":false},"excerpt":{"rendered":"<p>Podk\u0142adki pod mostek PRO Materia\u0142 &#8211; Carbon Rozmiar &#8211; 1&#8243; 4 wysoko\u015bci w zestawie Wysoko\u015bci &#8211; 3mm, 5mm, 10mm, 15mm<\/p>\n","protected":false},"featured_media":641,"comment_status":"open","ping_status":"closed","template":"","meta":[],"product_brand":[],"product_cat":[27,85,161],"product_tag":[],"class_list":{"0":"post-640","1":"product","2":"type-product","3":"status-publish","4":"has-post-thumbnail","6":"product_cat-czesci-nowe","7":"product_cat-outlet","8":"product_cat-stery-kierownicy-i-czesci","9":"product_shipping_class-mala-paczka","11":"first","12":"instock","13":"sale","14":"shipping-taxable","15":"purchasable","16":"product-type-simple"},"_links":{"self":[{"href":"https:\/\/bicycool.pl\/index.php?rest_route=\/wp\/v2\/product\/640","targetHints":{"allow":["GET"]}}],"collection":[{"href":"https:\/\/bicycool.pl\/index.php?rest_route=\/wp\/v2\/product"}],"about":[{"href":"https:\/\/bicycool.pl\/index.php?rest_route=\/wp\/v2\/types\/product"}],"replies":[{"embeddable":true,"href":"https:\/\/bicycool.pl\/index.php?rest_route=%2Fwp%2Fv2%2Fcomments&post=640"}],"wp:featuredmedia":[{"embeddable":true,"href":"https:\/\/bicycool.pl\/index.php?rest_route=\/wp\/v2\/media\/641"}],"wp:attachment":[{"href":"https:\/\/bicycool.pl\/index.php?rest_route=%2Fwp%2Fv2%2Fmedia&parent=640"}],"wp:term":[{"taxonomy":"product_brand","embeddable":true,"href":"https:\/\/bicycool.pl\/index.php?rest_route=%2Fwp%2Fv2%2Fproduct_brand&post=640"},{"taxonomy":"product_cat","embeddable":true,"href":"https:\/\/bicycool.pl\/index.php?rest_route=%2Fwp%2Fv2%2Fproduct_cat&post=640"},{"taxonomy":"product_tag","embeddable":true,"href":"https:\/\/bicycool.pl\/index.php?rest_route=%2Fwp%2Fv2%2Fproduct_tag&post=640"}],"curies":[{"name":"wp","href":"https:\/\/api.w.org\/{rel}","templated":true}]}}