{"id":646,"date":"2023-11-28T12:27:34","date_gmt":"2023-11-28T11:27:34","guid":{"rendered":"https:\/\/bicycool.pl\/?post_type=product&#038;p=646"},"modified":"2024-02-02T11:30:26","modified_gmt":"2024-02-02T10:30:26","slug":"przedluzki-zaworow-m-wawe-presta-40mm-2szt","status":"publish","type":"product","link":"https:\/\/bicycool.pl\/?product=przedluzki-zaworow-m-wawe-presta-40mm-2szt","title":{"rendered":"Przed\u0142u\u017cki zawor\u00f3w M-WAVE Presta 40mm 2szt"},"content":{"rendered":"<h3 class=\"Product_product-title__BALAQ\">Przed\u0142u\u017cki zawor\u00f3w M-WAWE<\/h3>\n<ul>\n<li>Materia\u0142 &#8211; Aluminium<\/li>\n<li>Rozmiar &#8211; <strong>40mm<\/strong><\/li>\n<li>2szt w zestawie<\/li>\n<\/ul>\n","protected":false},"excerpt":{"rendered":"<p>Przed\u0142u\u017cki zawor\u00f3w M-WAWE Materia\u0142 &#8211; Aluminium Rozmiar &#8211; 40mm 2szt w zestawie<\/p>\n","protected":false},"featured_media":648,"comment_status":"open","ping_status":"closed","template":"","meta":[],"product_brand":[],"product_cat":[162,27,163],"product_tag":[],"class_list":{"0":"post-646","1":"product","2":"type-product","3":"status-publish","4":"has-post-thumbnail","6":"product_cat-adaptey-wentyli-i-tubeless","7":"product_cat-czesci-nowe","8":"product_cat-triathlon","9":"product_shipping_class-mala-paczka","11":"first","12":"instock","13":"shipping-taxable","14":"purchasable","15":"product-type-simple"},"_links":{"self":[{"href":"https:\/\/bicycool.pl\/index.php?rest_route=\/wp\/v2\/product\/646","targetHints":{"allow":["GET"]}}],"collection":[{"href":"https:\/\/bicycool.pl\/index.php?rest_route=\/wp\/v2\/product"}],"about":[{"href":"https:\/\/bicycool.pl\/index.php?rest_route=\/wp\/v2\/types\/product"}],"replies":[{"embeddable":true,"href":"https:\/\/bicycool.pl\/index.php?rest_route=%2Fwp%2Fv2%2Fcomments&post=646"}],"wp:featuredmedia":[{"embeddable":true,"href":"https:\/\/bicycool.pl\/index.php?rest_route=\/wp\/v2\/media\/648"}],"wp:attachment":[{"href":"https:\/\/bicycool.pl\/index.php?rest_route=%2Fwp%2Fv2%2Fmedia&parent=646"}],"wp:term":[{"taxonomy":"product_brand","embeddable":true,"href":"https:\/\/bicycool.pl\/index.php?rest_route=%2Fwp%2Fv2%2Fproduct_brand&post=646"},{"taxonomy":"product_cat","embeddable":true,"href":"https:\/\/bicycool.pl\/index.php?rest_route=%2Fwp%2Fv2%2Fproduct_cat&post=646"},{"taxonomy":"product_tag","embeddable":true,"href":"https:\/\/bicycool.pl\/index.php?rest_route=%2Fwp%2Fv2%2Fproduct_tag&post=646"}],"curies":[{"name":"wp","href":"https:\/\/api.w.org\/{rel}","templated":true}]}}