{"id":664,"date":"2023-11-28T13:03:36","date_gmt":"2023-11-28T12:03:36","guid":{"rendered":"https:\/\/bicycool.pl\/?post_type=product&#038;p=664"},"modified":"2023-11-28T13:07:44","modified_gmt":"2023-11-28T12:07:44","slug":"rogi-kierownicy-cube-krotkie-shock-x","status":"publish","type":"product","link":"https:\/\/bicycool.pl\/?product=rogi-kierownicy-cube-krotkie-shock-x","title":{"rendered":"Rogi kierownicy CUBE Kr\u00f3tkie Shock X"},"content":{"rendered":"<h3 class=\"Product_product-title__BALAQ\">Rogi kierownicy CUBE<\/h3>\n<ul>\n<li>D\u0142ugo\u015b\u0107 uchwytu &#8211; 40mm<\/li>\n<li>System <strong>Shock X <\/strong>absorbuj\u0105cy drgania<\/li>\n<li>Ergonomiczny uchwyt<\/li>\n<li>Komplet<\/li>\n<li>Kolor &#8211; Czarno-szary<\/li>\n<\/ul>\n","protected":false},"excerpt":{"rendered":"<p>Rogi kierownicy CUBE D\u0142ugo\u015b\u0107 uchwytu &#8211; 40mm System Shock X absorbuj\u0105cy drgania Ergonomiczny uchwyt Komplet Kolor &#8211; Czarno-szary<\/p>\n","protected":false},"featured_media":667,"comment_status":"open","ping_status":"closed","template":"","meta":[],"product_brand":[],"product_cat":[29,85,164],"product_tag":[],"class_list":{"0":"post-664","1":"product","2":"type-product","3":"status-publish","4":"has-post-thumbnail","6":"product_cat-akcesoria","7":"product_cat-outlet","8":"product_cat-rogi-kierownicy","9":"product_shipping_class-mala-paczka","11":"first","12":"instock","13":"sale","14":"shipping-taxable","15":"purchasable","16":"product-type-simple"},"_links":{"self":[{"href":"https:\/\/bicycool.pl\/index.php?rest_route=\/wp\/v2\/product\/664","targetHints":{"allow":["GET"]}}],"collection":[{"href":"https:\/\/bicycool.pl\/index.php?rest_route=\/wp\/v2\/product"}],"about":[{"href":"https:\/\/bicycool.pl\/index.php?rest_route=\/wp\/v2\/types\/product"}],"replies":[{"embeddable":true,"href":"https:\/\/bicycool.pl\/index.php?rest_route=%2Fwp%2Fv2%2Fcomments&post=664"}],"wp:featuredmedia":[{"embeddable":true,"href":"https:\/\/bicycool.pl\/index.php?rest_route=\/wp\/v2\/media\/667"}],"wp:attachment":[{"href":"https:\/\/bicycool.pl\/index.php?rest_route=%2Fwp%2Fv2%2Fmedia&parent=664"}],"wp:term":[{"taxonomy":"product_brand","embeddable":true,"href":"https:\/\/bicycool.pl\/index.php?rest_route=%2Fwp%2Fv2%2Fproduct_brand&post=664"},{"taxonomy":"product_cat","embeddable":true,"href":"https:\/\/bicycool.pl\/index.php?rest_route=%2Fwp%2Fv2%2Fproduct_cat&post=664"},{"taxonomy":"product_tag","embeddable":true,"href":"https:\/\/bicycool.pl\/index.php?rest_route=%2Fwp%2Fv2%2Fproduct_tag&post=664"}],"curies":[{"name":"wp","href":"https:\/\/api.w.org\/{rel}","templated":true}]}}