{"id":671,"date":"2023-11-28T13:10:34","date_gmt":"2023-11-28T12:10:34","guid":{"rendered":"https:\/\/bicycool.pl\/?post_type=product&#038;p=671"},"modified":"2025-12-22T17:34:33","modified_gmt":"2025-12-22T16:34:33","slug":"walizka-z-narzedziami-prox","status":"publish","type":"product","link":"https:\/\/bicycool.pl\/?product=walizka-z-narzedziami-prox","title":{"rendered":"Walizka z narz\u0119dziami ProX"},"content":{"rendered":"<h3>Walizka ProX<\/h3>\n<ul>\n<li>Skuwacz \u0142a\u0144cucha<\/li>\n<li>\u015arubokr\u0119t krzy\u017cakowy \u015arubokr\u0119t p\u0142aski 5 mm<\/li>\n<li>2 klucze do mechanizmu korbowego w systemie Hollowtech II<\/li>\n<li>3 \u0142y\u017cki do opon<\/li>\n<li>\u015aci\u0105gacz do korby<\/li>\n<li>Zestaw \u0142atek<\/li>\n<li>Klucz do odkr\u0119cania peda\u0142\u00f3w \/ \u015brub mechanizmu korbowego 14\/15 mm<\/li>\n<li>Zestaw kluczy imbusowych 2 \/ 2.5 \/ 3 \/ 4 \/ 5 \/ 6MM + klucz 8 mm<\/li>\n<li>Klucz typu bat do odkr\u0119cania kaset\/wolnobieg\u00f3w<\/li>\n<li>2 klucze p\u0142askie do konus\u00f3w piasty 14\/16 i 13\/15 mm<\/li>\n<li>Nasadka z pinem do odkr\u0119cania kaset i wolnobieg\u00f3w<\/li>\n<li>Klucz do suportu z pinem Shimano\/ISIS<\/li>\n<li>Okr\u0105g\u0142y klucz do szprych 10-15G<\/li>\n<li>Torx typu L T25, T30<\/li>\n<li>Klucz do tarcz hamulcowych<\/li>\n<\/ul>\n","protected":false},"excerpt":{"rendered":"<p>Klucz do peda\u0142\u00f3w<\/p>\n","protected":false},"featured_media":0,"comment_status":"open","ping_status":"closed","template":"","meta":[],"product_brand":[],"product_cat":[29,116],"product_tag":[],"class_list":{"0":"post-671","1":"product","2":"type-product","3":"status-publish","5":"product_cat-akcesoria","6":"product_cat-narzedzia","7":"product_shipping_class-mala-paczka","9":"first","10":"instock","11":"sale","12":"shipping-taxable","13":"purchasable","14":"product-type-simple"},"_links":{"self":[{"href":"https:\/\/bicycool.pl\/index.php?rest_route=\/wp\/v2\/product\/671","targetHints":{"allow":["GET"]}}],"collection":[{"href":"https:\/\/bicycool.pl\/index.php?rest_route=\/wp\/v2\/product"}],"about":[{"href":"https:\/\/bicycool.pl\/index.php?rest_route=\/wp\/v2\/types\/product"}],"replies":[{"embeddable":true,"href":"https:\/\/bicycool.pl\/index.php?rest_route=%2Fwp%2Fv2%2Fcomments&post=671"}],"wp:attachment":[{"href":"https:\/\/bicycool.pl\/index.php?rest_route=%2Fwp%2Fv2%2Fmedia&parent=671"}],"wp:term":[{"taxonomy":"product_brand","embeddable":true,"href":"https:\/\/bicycool.pl\/index.php?rest_route=%2Fwp%2Fv2%2Fproduct_brand&post=671"},{"taxonomy":"product_cat","embeddable":true,"href":"https:\/\/bicycool.pl\/index.php?rest_route=%2Fwp%2Fv2%2Fproduct_cat&post=671"},{"taxonomy":"product_tag","embeddable":true,"href":"https:\/\/bicycool.pl\/index.php?rest_route=%2Fwp%2Fv2%2Fproduct_tag&post=671"}],"curies":[{"name":"wp","href":"https:\/\/api.w.org\/{rel}","templated":true}]}}