{"id":679,"date":"2023-11-28T14:08:16","date_gmt":"2023-11-28T13:08:16","guid":{"rendered":"https:\/\/bicycool.pl\/?post_type=product&#038;p=679"},"modified":"2025-12-22T17:34:26","modified_gmt":"2025-12-22T16:34:26","slug":"sztyca-accent-258mm-350mm","status":"publish","type":"product","link":"https:\/\/bicycool.pl\/?product=sztyca-accent-258mm-350mm","title":{"rendered":"Sztyca Accent 25,8mm 350mm"},"content":{"rendered":"<h3>Sztyca Accent<\/h3>\n<ul>\n<li>Materia\u0142 &#8211; aluminium<\/li>\n<li>Rozmiar &#8211; 25,8mm<\/li>\n<li>D\u0142ugo\u015b\u0107 &#8211; 350mm<\/li>\n<li>Kolor &#8211; srebrny<\/li>\n<\/ul>\n","protected":false},"excerpt":{"rendered":"<p>Sztyca Accent Materia\u0142 &#8211; aluminium Rozmiar &#8211; 25,8mm D\u0142ugo\u015b\u0107 &#8211; 350mm Kolor &#8211; srebrny<\/p>\n","protected":false},"featured_media":680,"comment_status":"open","ping_status":"closed","template":"","meta":[],"product_brand":[],"product_cat":[27,123],"product_tag":[],"class_list":{"0":"post-679","1":"product","2":"type-product","3":"status-publish","4":"has-post-thumbnail","6":"product_cat-czesci-nowe","7":"product_cat-sztyce-podsiodlowe","8":"product_shipping_class-mala-paczka","10":"first","11":"instock","12":"shipping-taxable","13":"purchasable","14":"product-type-simple"},"_links":{"self":[{"href":"https:\/\/bicycool.pl\/index.php?rest_route=\/wp\/v2\/product\/679","targetHints":{"allow":["GET"]}}],"collection":[{"href":"https:\/\/bicycool.pl\/index.php?rest_route=\/wp\/v2\/product"}],"about":[{"href":"https:\/\/bicycool.pl\/index.php?rest_route=\/wp\/v2\/types\/product"}],"replies":[{"embeddable":true,"href":"https:\/\/bicycool.pl\/index.php?rest_route=%2Fwp%2Fv2%2Fcomments&post=679"}],"wp:featuredmedia":[{"embeddable":true,"href":"https:\/\/bicycool.pl\/index.php?rest_route=\/wp\/v2\/media\/680"}],"wp:attachment":[{"href":"https:\/\/bicycool.pl\/index.php?rest_route=%2Fwp%2Fv2%2Fmedia&parent=679"}],"wp:term":[{"taxonomy":"product_brand","embeddable":true,"href":"https:\/\/bicycool.pl\/index.php?rest_route=%2Fwp%2Fv2%2Fproduct_brand&post=679"},{"taxonomy":"product_cat","embeddable":true,"href":"https:\/\/bicycool.pl\/index.php?rest_route=%2Fwp%2Fv2%2Fproduct_cat&post=679"},{"taxonomy":"product_tag","embeddable":true,"href":"https:\/\/bicycool.pl\/index.php?rest_route=%2Fwp%2Fv2%2Fproduct_tag&post=679"}],"curies":[{"name":"wp","href":"https:\/\/api.w.org\/{rel}","templated":true}]}}