{"id":690,"date":"2023-11-28T14:28:22","date_gmt":"2023-11-28T13:28:22","guid":{"rendered":"https:\/\/bicycool.pl\/?post_type=product&#038;p=690"},"modified":"2025-12-22T17:34:13","modified_gmt":"2025-12-22T16:34:13","slug":"sztyca-karbo-line-300mm-400mm-carbon","status":"publish","type":"product","link":"https:\/\/bicycool.pl\/?product=sztyca-karbo-line-300mm-400mm-carbon","title":{"rendered":"Sztyca KARBO LINE 30,0mm 400mm CARBON"},"content":{"rendered":"<h3>Sztyca KARBO LINE<\/h3>\n<p>Idealny produkt dla fana RETRO MTB!<\/p>\n<ul>\n<li><strong>Materia\u0142<\/strong> &#8211; Karbon \/ aluminium<\/li>\n<li><strong>Rozmiar<\/strong> &#8211; 300mm<\/li>\n<li><strong>D\u0142ugo\u015b\u0107<\/strong> &#8211; 400mm<\/li>\n<li><strong>Kolor<\/strong> &#8211; ciemny carbon (aluminiowe jarzemko)<\/li>\n<li><strong>Produkt powystawowy &#8211; posiada delikatne ryski<\/strong><\/li>\n<\/ul>\n","protected":false},"excerpt":{"rendered":"<p>Sztyca KARBO LINE Idealny produkt dla fana RETRO MTB! Materia\u0142 &#8211; Karbon \/ aluminium Rozmiar &#8211; 300mm D\u0142ugo\u015b\u0107 &#8211; 400mm Kolor &#8211; ciemny carbon (aluminiowe jarzemko) Produkt powystawowy &#8211; posiada delikatne ryski<\/p>\n","protected":false},"featured_media":693,"comment_status":"open","ping_status":"closed","template":"","meta":[],"product_brand":[],"product_cat":[27,85,123],"product_tag":[],"class_list":{"0":"post-690","1":"product","2":"type-product","3":"status-publish","4":"has-post-thumbnail","6":"product_cat-czesci-nowe","7":"product_cat-outlet","8":"product_cat-sztyce-podsiodlowe","9":"product_shipping_class-mala-paczka","11":"first","12":"instock","13":"shipping-taxable","14":"purchasable","15":"product-type-simple"},"_links":{"self":[{"href":"https:\/\/bicycool.pl\/index.php?rest_route=\/wp\/v2\/product\/690","targetHints":{"allow":["GET"]}}],"collection":[{"href":"https:\/\/bicycool.pl\/index.php?rest_route=\/wp\/v2\/product"}],"about":[{"href":"https:\/\/bicycool.pl\/index.php?rest_route=\/wp\/v2\/types\/product"}],"replies":[{"embeddable":true,"href":"https:\/\/bicycool.pl\/index.php?rest_route=%2Fwp%2Fv2%2Fcomments&post=690"}],"wp:featuredmedia":[{"embeddable":true,"href":"https:\/\/bicycool.pl\/index.php?rest_route=\/wp\/v2\/media\/693"}],"wp:attachment":[{"href":"https:\/\/bicycool.pl\/index.php?rest_route=%2Fwp%2Fv2%2Fmedia&parent=690"}],"wp:term":[{"taxonomy":"product_brand","embeddable":true,"href":"https:\/\/bicycool.pl\/index.php?rest_route=%2Fwp%2Fv2%2Fproduct_brand&post=690"},{"taxonomy":"product_cat","embeddable":true,"href":"https:\/\/bicycool.pl\/index.php?rest_route=%2Fwp%2Fv2%2Fproduct_cat&post=690"},{"taxonomy":"product_tag","embeddable":true,"href":"https:\/\/bicycool.pl\/index.php?rest_route=%2Fwp%2Fv2%2Fproduct_tag&post=690"}],"curies":[{"name":"wp","href":"https:\/\/api.w.org\/{rel}","templated":true}]}}