{"id":7038,"date":"2025-01-30T10:44:47","date_gmt":"2025-01-30T09:44:47","guid":{"rendered":"https:\/\/bicycool.pl\/?post_type=product&#038;p=7038"},"modified":"2025-12-22T16:40:15","modified_gmt":"2025-12-22T15:40:15","slug":"kaseta-bbb-9s-11-21-nos-campagnolo","status":"publish","type":"product","link":"https:\/\/bicycool.pl\/?product=kaseta-bbb-9s-11-21-nos-campagnolo","title":{"rendered":"Kaseta BBB 9s 11-21 NOS Campagnolo"},"content":{"rendered":"<h3>Kaseta BBB<\/h3>\n<ul>\n<li><strong>Liczba bieg\u00f3w:<\/strong> 9s<\/li>\n<li><strong>Stopniowanie:<\/strong> 11-21<\/li>\n<li><strong>B\u0119benek: campagnolo<\/strong><\/li>\n<li><strong>Stan:<\/strong> Nieu\u017cywana, NOS<\/li>\n<\/ul>\n","protected":false},"excerpt":{"rendered":"<p>Kaseta BBB Liczba bieg\u00f3w: 9s Stopniowanie: 11-21 B\u0119benek: campagnolo Stan: Nieu\u017cywana, NOS<\/p>\n","protected":false},"featured_media":7028,"comment_status":"open","ping_status":"closed","template":"","meta":[],"product_brand":[],"product_cat":[27,165,85],"product_tag":[],"class_list":{"0":"post-7038","1":"product","2":"type-product","3":"status-publish","4":"has-post-thumbnail","6":"product_cat-czesci-nowe","7":"product_cat-kasety-wolnobiegi","8":"product_cat-outlet","9":"product_shipping_class-mala-paczka","11":"first","12":"instock","13":"shipping-taxable","14":"purchasable","15":"product-type-simple"},"_links":{"self":[{"href":"https:\/\/bicycool.pl\/index.php?rest_route=\/wp\/v2\/product\/7038","targetHints":{"allow":["GET"]}}],"collection":[{"href":"https:\/\/bicycool.pl\/index.php?rest_route=\/wp\/v2\/product"}],"about":[{"href":"https:\/\/bicycool.pl\/index.php?rest_route=\/wp\/v2\/types\/product"}],"replies":[{"embeddable":true,"href":"https:\/\/bicycool.pl\/index.php?rest_route=%2Fwp%2Fv2%2Fcomments&post=7038"}],"wp:featuredmedia":[{"embeddable":true,"href":"https:\/\/bicycool.pl\/index.php?rest_route=\/wp\/v2\/media\/7028"}],"wp:attachment":[{"href":"https:\/\/bicycool.pl\/index.php?rest_route=%2Fwp%2Fv2%2Fmedia&parent=7038"}],"wp:term":[{"taxonomy":"product_brand","embeddable":true,"href":"https:\/\/bicycool.pl\/index.php?rest_route=%2Fwp%2Fv2%2Fproduct_brand&post=7038"},{"taxonomy":"product_cat","embeddable":true,"href":"https:\/\/bicycool.pl\/index.php?rest_route=%2Fwp%2Fv2%2Fproduct_cat&post=7038"},{"taxonomy":"product_tag","embeddable":true,"href":"https:\/\/bicycool.pl\/index.php?rest_route=%2Fwp%2Fv2%2Fproduct_tag&post=7038"}],"curies":[{"name":"wp","href":"https:\/\/api.w.org\/{rel}","templated":true}]}}