{"id":7047,"date":"2025-01-30T11:11:56","date_gmt":"2025-01-30T10:11:56","guid":{"rendered":"https:\/\/bicycool.pl\/?post_type=product&#038;p=7047"},"modified":"2025-12-22T16:39:21","modified_gmt":"2025-12-22T15:39:21","slug":"wolnobieg-shimano-mf-z012-6s-14-24-lancuch","status":"publish","type":"product","link":"https:\/\/bicycool.pl\/?product=wolnobieg-shimano-mf-z012-6s-14-24-lancuch","title":{"rendered":"Wolnobieg SHIMANO MF-Z012 6s 14-24 + \u0142a\u0144cuch"},"content":{"rendered":"<h3>Wolnobieg Shimano MF-Z012<\/h3>\n<ul>\n<li><strong>Liczba bieg\u00f3w <\/strong>6s<\/li>\n<li><strong>Stopniowanie<\/strong> 14-24<\/li>\n<li><strong>Stan<\/strong> u\u017cywany<\/li>\n<li><strong>\u0141a\u0144cuch w zestawie<\/strong><\/li>\n<\/ul>\n","protected":false},"excerpt":{"rendered":"<p>Wolnobieg Shimano MF-Z012 Liczba bieg\u00f3w 6s Stopniowanie 14-24 Stan u\u017cywany \u0141a\u0144cuch w zestawie<\/p>\n","protected":false},"featured_media":7013,"comment_status":"open","ping_status":"closed","template":"","meta":[],"product_brand":[],"product_cat":[28],"product_tag":[],"class_list":{"0":"post-7047","1":"product","2":"type-product","3":"status-publish","4":"has-post-thumbnail","6":"product_cat-czesci-i-akcesoria-uzywane","7":"product_shipping_class-mala-paczka","9":"first","10":"instock","11":"shipping-taxable","12":"purchasable","13":"product-type-simple"},"_links":{"self":[{"href":"https:\/\/bicycool.pl\/index.php?rest_route=\/wp\/v2\/product\/7047","targetHints":{"allow":["GET"]}}],"collection":[{"href":"https:\/\/bicycool.pl\/index.php?rest_route=\/wp\/v2\/product"}],"about":[{"href":"https:\/\/bicycool.pl\/index.php?rest_route=\/wp\/v2\/types\/product"}],"replies":[{"embeddable":true,"href":"https:\/\/bicycool.pl\/index.php?rest_route=%2Fwp%2Fv2%2Fcomments&post=7047"}],"wp:featuredmedia":[{"embeddable":true,"href":"https:\/\/bicycool.pl\/index.php?rest_route=\/wp\/v2\/media\/7013"}],"wp:attachment":[{"href":"https:\/\/bicycool.pl\/index.php?rest_route=%2Fwp%2Fv2%2Fmedia&parent=7047"}],"wp:term":[{"taxonomy":"product_brand","embeddable":true,"href":"https:\/\/bicycool.pl\/index.php?rest_route=%2Fwp%2Fv2%2Fproduct_brand&post=7047"},{"taxonomy":"product_cat","embeddable":true,"href":"https:\/\/bicycool.pl\/index.php?rest_route=%2Fwp%2Fv2%2Fproduct_cat&post=7047"},{"taxonomy":"product_tag","embeddable":true,"href":"https:\/\/bicycool.pl\/index.php?rest_route=%2Fwp%2Fv2%2Fproduct_tag&post=7047"}],"curies":[{"name":"wp","href":"https:\/\/api.w.org\/{rel}","templated":true}]}}