{"id":7049,"date":"2025-01-30T11:22:13","date_gmt":"2025-01-30T10:22:13","guid":{"rendered":"https:\/\/bicycool.pl\/?post_type=product&#038;p=7049"},"modified":"2025-01-30T11:33:07","modified_gmt":"2025-01-30T10:33:07","slug":"piasta-dt-370-przod-15x100-32h","status":"publish","type":"product","link":"https:\/\/bicycool.pl\/?product=piasta-dt-370-przod-15x100-32h","title":{"rendered":"Piasta DT 370 Prz\u00f3d 15&#215;100 32H"},"content":{"rendered":"<h1 class=\"Product_product-title__BALAQ\">Piasta przednia DT Swiss 370 15&#215;100 mm 32 otwor\u00f3w czarna<\/h1>\n<ul>\n<li>\n<h3><strong>Prz\u00f3d<\/strong><\/h3>\n<\/li>\n<li>\n<h3><strong>Rodzaj hamulca<\/strong> &#8211; Tarczowy<\/h3>\n<\/li>\n<li>\n<h3><strong>Liczba otwor\u00f3w<\/strong> 32<\/h3>\n<\/li>\n<li>\n<h3><strong>Kolor<\/strong> czarny<\/h3>\n<\/li>\n<li>\n<h3><strong>Rozstaw<\/strong> 100mm<\/h3>\n<\/li>\n<li>\n<h3><strong>Stan &#8211;<\/strong> <strong>Nieu\u017cywana, mo\u017cliwe ryski\u00a0<\/strong><\/h3>\n<\/li>\n<\/ul>\n","protected":false},"excerpt":{"rendered":"<p>Piasta przednia DT Swiss 370 15&#215;100 mm 32 otwor\u00f3w czarna Prz\u00f3d Rodzaj hamulca &#8211; Tarczowy Liczba otwor\u00f3w 32 Kolor czarny Rozstaw 100mm Stan &#8211; Nieu\u017cywana, mo\u017cliwe ryski\u00a0<\/p>\n","protected":false},"featured_media":7003,"comment_status":"open","ping_status":"closed","template":"","meta":[],"product_brand":[],"product_cat":[27,168],"product_tag":[],"class_list":{"0":"post-7049","1":"product","2":"type-product","3":"status-publish","4":"has-post-thumbnail","6":"product_cat-czesci-nowe","7":"product_cat-piasty","8":"product_shipping_class-mala-paczka","10":"first","11":"instock","12":"shipping-taxable","13":"purchasable","14":"product-type-simple"},"_links":{"self":[{"href":"https:\/\/bicycool.pl\/index.php?rest_route=\/wp\/v2\/product\/7049","targetHints":{"allow":["GET"]}}],"collection":[{"href":"https:\/\/bicycool.pl\/index.php?rest_route=\/wp\/v2\/product"}],"about":[{"href":"https:\/\/bicycool.pl\/index.php?rest_route=\/wp\/v2\/types\/product"}],"replies":[{"embeddable":true,"href":"https:\/\/bicycool.pl\/index.php?rest_route=%2Fwp%2Fv2%2Fcomments&post=7049"}],"wp:featuredmedia":[{"embeddable":true,"href":"https:\/\/bicycool.pl\/index.php?rest_route=\/wp\/v2\/media\/7003"}],"wp:attachment":[{"href":"https:\/\/bicycool.pl\/index.php?rest_route=%2Fwp%2Fv2%2Fmedia&parent=7049"}],"wp:term":[{"taxonomy":"product_brand","embeddable":true,"href":"https:\/\/bicycool.pl\/index.php?rest_route=%2Fwp%2Fv2%2Fproduct_brand&post=7049"},{"taxonomy":"product_cat","embeddable":true,"href":"https:\/\/bicycool.pl\/index.php?rest_route=%2Fwp%2Fv2%2Fproduct_cat&post=7049"},{"taxonomy":"product_tag","embeddable":true,"href":"https:\/\/bicycool.pl\/index.php?rest_route=%2Fwp%2Fv2%2Fproduct_tag&post=7049"}],"curies":[{"name":"wp","href":"https:\/\/api.w.org\/{rel}","templated":true}]}}