{"id":7051,"date":"2025-01-30T11:33:34","date_gmt":"2025-01-30T10:33:34","guid":{"rendered":"https:\/\/bicycool.pl\/?post_type=product&#038;p=7051"},"modified":"2025-01-30T11:35:52","modified_gmt":"2025-01-30T10:35:52","slug":"piasta-novatec-tyl-szosowa-130mm-28h","status":"publish","type":"product","link":"https:\/\/bicycool.pl\/?product=piasta-novatec-tyl-szosowa-130mm-28h","title":{"rendered":"Piasta NOVATEC Ty\u0142 Szosowa 130mm 28H"},"content":{"rendered":"<h1 class=\"Product_product-title__BALAQ\">Piasta Novatec Szosowa<\/h1>\n<ul>\n<li>\n<h3><strong>Ty\u0142<\/strong><\/h3>\n<\/li>\n<li>\n<h3><strong>Rodzaj hamulca<\/strong>: Obr\u0119czowy<\/h3>\n<\/li>\n<li>\n<h3><strong>Liczba otwor\u00f3w: 28<\/strong><\/h3>\n<\/li>\n<li>\n<h3><strong>Kolor:<\/strong> czarny<\/h3>\n<\/li>\n<li>\n<h3><strong>Rozstaw:<\/strong> 130mm<\/h3>\n<\/li>\n<li>\n<h3><strong>Stan &#8211;<\/strong> <strong>Nieu\u017cywana, mo\u017cliwe ryski\u00a0<\/strong><\/h3>\n<\/li>\n<\/ul>\n","protected":false},"excerpt":{"rendered":"<p>Piasta Novatec Szosowa Ty\u0142 Rodzaj hamulca: Obr\u0119czowy Liczba otwor\u00f3w: 28 Kolor: czarny Rozstaw: 130mm Stan &#8211; Nieu\u017cywana, mo\u017cliwe ryski\u00a0<\/p>\n","protected":false},"featured_media":7005,"comment_status":"open","ping_status":"closed","template":"","meta":[],"product_brand":[],"product_cat":[27,168],"product_tag":[],"class_list":{"0":"post-7051","1":"product","2":"type-product","3":"status-publish","4":"has-post-thumbnail","6":"product_cat-czesci-nowe","7":"product_cat-piasty","8":"product_shipping_class-mala-paczka","10":"first","11":"instock","12":"shipping-taxable","13":"purchasable","14":"product-type-simple"},"_links":{"self":[{"href":"https:\/\/bicycool.pl\/index.php?rest_route=\/wp\/v2\/product\/7051","targetHints":{"allow":["GET"]}}],"collection":[{"href":"https:\/\/bicycool.pl\/index.php?rest_route=\/wp\/v2\/product"}],"about":[{"href":"https:\/\/bicycool.pl\/index.php?rest_route=\/wp\/v2\/types\/product"}],"replies":[{"embeddable":true,"href":"https:\/\/bicycool.pl\/index.php?rest_route=%2Fwp%2Fv2%2Fcomments&post=7051"}],"wp:featuredmedia":[{"embeddable":true,"href":"https:\/\/bicycool.pl\/index.php?rest_route=\/wp\/v2\/media\/7005"}],"wp:attachment":[{"href":"https:\/\/bicycool.pl\/index.php?rest_route=%2Fwp%2Fv2%2Fmedia&parent=7051"}],"wp:term":[{"taxonomy":"product_brand","embeddable":true,"href":"https:\/\/bicycool.pl\/index.php?rest_route=%2Fwp%2Fv2%2Fproduct_brand&post=7051"},{"taxonomy":"product_cat","embeddable":true,"href":"https:\/\/bicycool.pl\/index.php?rest_route=%2Fwp%2Fv2%2Fproduct_cat&post=7051"},{"taxonomy":"product_tag","embeddable":true,"href":"https:\/\/bicycool.pl\/index.php?rest_route=%2Fwp%2Fv2%2Fproduct_tag&post=7051"}],"curies":[{"name":"wp","href":"https:\/\/api.w.org\/{rel}","templated":true}]}}