{"id":7055,"date":"2025-01-30T11:43:42","date_gmt":"2025-01-30T10:43:42","guid":{"rendered":"https:\/\/bicycool.pl\/?post_type=product&#038;p=7055"},"modified":"2025-12-22T16:38:16","modified_gmt":"2025-12-22T15:38:16","slug":"sztyca-254-bez-offsetu-32cm","status":"publish","type":"product","link":"https:\/\/bicycool.pl\/?product=sztyca-254-bez-offsetu-32cm","title":{"rendered":"Sztyca 25,4 bez offsetu 32cm"},"content":{"rendered":"<h3>Sztyca podsiod\u0142owa<\/h3>\n<p>&nbsp;<\/p>\n<ul>\n<li><strong>Materia\u0142<\/strong> &#8211; Stal<\/li>\n<li><strong>Rozmiar<\/strong> &#8211; 25,4<\/li>\n<li><strong>D\u0142ugo\u015b\u0107 ca\u0142kowita<\/strong> &#8211; 320mm<\/li>\n<li><strong>Kolor<\/strong> &#8211; Czarny<\/li>\n<li><strong>Stan: <\/strong>Nieu\u017cywana, posiada ryski<\/li>\n<\/ul>\n","protected":false},"excerpt":{"rendered":"<p>Sztyca podsiod\u0142owa &nbsp; Materia\u0142 &#8211; Stal Rozmiar &#8211; 25,4 D\u0142ugo\u015b\u0107 ca\u0142kowita &#8211; 320mm Kolor &#8211; Czarny Stan: Nieu\u017cywana, posiada ryski<\/p>\n","protected":false},"featured_media":7021,"comment_status":"open","ping_status":"closed","template":"","meta":[],"product_brand":[],"product_cat":[27,85,123],"product_tag":[],"class_list":{"0":"post-7055","1":"product","2":"type-product","3":"status-publish","4":"has-post-thumbnail","6":"product_cat-czesci-nowe","7":"product_cat-outlet","8":"product_cat-sztyce-podsiodlowe","9":"product_shipping_class-mala-paczka","11":"first","12":"instock","13":"shipping-taxable","14":"purchasable","15":"product-type-simple"},"_links":{"self":[{"href":"https:\/\/bicycool.pl\/index.php?rest_route=\/wp\/v2\/product\/7055","targetHints":{"allow":["GET"]}}],"collection":[{"href":"https:\/\/bicycool.pl\/index.php?rest_route=\/wp\/v2\/product"}],"about":[{"href":"https:\/\/bicycool.pl\/index.php?rest_route=\/wp\/v2\/types\/product"}],"replies":[{"embeddable":true,"href":"https:\/\/bicycool.pl\/index.php?rest_route=%2Fwp%2Fv2%2Fcomments&post=7055"}],"wp:featuredmedia":[{"embeddable":true,"href":"https:\/\/bicycool.pl\/index.php?rest_route=\/wp\/v2\/media\/7021"}],"wp:attachment":[{"href":"https:\/\/bicycool.pl\/index.php?rest_route=%2Fwp%2Fv2%2Fmedia&parent=7055"}],"wp:term":[{"taxonomy":"product_brand","embeddable":true,"href":"https:\/\/bicycool.pl\/index.php?rest_route=%2Fwp%2Fv2%2Fproduct_brand&post=7055"},{"taxonomy":"product_cat","embeddable":true,"href":"https:\/\/bicycool.pl\/index.php?rest_route=%2Fwp%2Fv2%2Fproduct_cat&post=7055"},{"taxonomy":"product_tag","embeddable":true,"href":"https:\/\/bicycool.pl\/index.php?rest_route=%2Fwp%2Fv2%2Fproduct_tag&post=7055"}],"curies":[{"name":"wp","href":"https:\/\/api.w.org\/{rel}","templated":true}]}}