{"id":7063,"date":"2025-01-30T12:07:25","date_gmt":"2025-01-30T11:07:25","guid":{"rendered":"https:\/\/bicycool.pl\/?post_type=product&#038;p=7063"},"modified":"2025-01-30T12:16:43","modified_gmt":"2025-01-30T11:16:43","slug":"kierownica-scott-octane-comp-retro-downhill","status":"publish","type":"product","link":"https:\/\/bicycool.pl\/?product=kierownica-scott-octane-comp-retro-downhill","title":{"rendered":"Kierownica SCOTT OCTANE Comp Retro Downhill"},"content":{"rendered":"<h3 class=\"Product_product-title__BALAQ\">Kierownica SCOTT OCTANE Comp<\/h3>\n<ul>\n<li><b>Szeroko\u015b\u0107:<\/b> 655cm<\/li>\n<li><strong>Monta\u017c<\/strong>\u00a025,4mm<\/li>\n<li><b>Materia\u0142<\/b>\u00a0aluminium<\/li>\n<li><strong>Stan:<\/strong> U\u017cywana<\/li>\n<li><strong>Rok produkcji:<\/strong> 1997<\/li>\n<\/ul>\n","protected":false},"excerpt":{"rendered":"<p>Kierownica SCOTT OCTANE Comp Szeroko\u015b\u0107: 655cm Monta\u017c\u00a025,4mm Materia\u0142\u00a0aluminium Stan: U\u017cywana Rok produkcji: 1997<\/p>\n","protected":false},"featured_media":7010,"comment_status":"open","ping_status":"closed","template":"","meta":[],"product_brand":[],"product_cat":[28],"product_tag":[],"class_list":{"0":"post-7063","1":"product","2":"type-product","3":"status-publish","4":"has-post-thumbnail","6":"product_cat-czesci-i-akcesoria-uzywane","7":"product_shipping_class-mala-paczka","9":"first","10":"instock","11":"shipping-taxable","12":"purchasable","13":"product-type-simple"},"_links":{"self":[{"href":"https:\/\/bicycool.pl\/index.php?rest_route=\/wp\/v2\/product\/7063","targetHints":{"allow":["GET"]}}],"collection":[{"href":"https:\/\/bicycool.pl\/index.php?rest_route=\/wp\/v2\/product"}],"about":[{"href":"https:\/\/bicycool.pl\/index.php?rest_route=\/wp\/v2\/types\/product"}],"replies":[{"embeddable":true,"href":"https:\/\/bicycool.pl\/index.php?rest_route=%2Fwp%2Fv2%2Fcomments&post=7063"}],"wp:featuredmedia":[{"embeddable":true,"href":"https:\/\/bicycool.pl\/index.php?rest_route=\/wp\/v2\/media\/7010"}],"wp:attachment":[{"href":"https:\/\/bicycool.pl\/index.php?rest_route=%2Fwp%2Fv2%2Fmedia&parent=7063"}],"wp:term":[{"taxonomy":"product_brand","embeddable":true,"href":"https:\/\/bicycool.pl\/index.php?rest_route=%2Fwp%2Fv2%2Fproduct_brand&post=7063"},{"taxonomy":"product_cat","embeddable":true,"href":"https:\/\/bicycool.pl\/index.php?rest_route=%2Fwp%2Fv2%2Fproduct_cat&post=7063"},{"taxonomy":"product_tag","embeddable":true,"href":"https:\/\/bicycool.pl\/index.php?rest_route=%2Fwp%2Fv2%2Fproduct_tag&post=7063"}],"curies":[{"name":"wp","href":"https:\/\/api.w.org\/{rel}","templated":true}]}}